{"id":96121,"date":"2024-04-23T07:28:08","date_gmt":"2024-04-23T05:28:08","guid":{"rendered":"https:\/\/www.bb-entertainia.de\/test-bb-tickets\/?post_type=product&#038;p=96121"},"modified":"2024-08-08T10:46:04","modified_gmt":"2024-08-08T08:46:04","slug":"creedence-clearwater-review","status":"publish","type":"product","link":"https:\/\/www.bb-entertainia.de\/test-bb-tickets\/product\/creedence-clearwater-review\/","title":{"rendered":"Creedence Clearwater Review"},"content":{"rendered":"<h3>Creedence Clearwater Review &#8211; The Green River Tour 2024<br \/>\nDer CCR Tribute-Tornado aus Gro\u00dfbritannien<\/h3>\n<p>Den Soundtrack der fr\u00fchen 1970er Jahre bringen bei ihren Auftritten Creedence Clearwater Review zur\u00fcck auf die B\u00fchne. Das Quartett ist die beste britische Hommage an Creedence Clearwater Revival, einer der gr\u00f6\u00dften Bands Amerikas, die ein bleibendes Verm\u00e4chtnis an klassischen Songs hinterlie\u00df. Wie ein Tornado fegt das Tribute-Quartett durch sein \u00fcber zweist\u00fcndiges Programm.\u00a0 \u00a0Der unverwechselbare \u00a0Musikstil ihrer Vorbilder war ein einzigartiger Mix aus Roots-, Swamp-, Blues- und manchmal Country-geschw\u00e4ngerten Rock\u2019n\u2018Roll. Die gr\u00f6\u00dften Songs von Creedence, \u201eProud Mary\u201c, \u201eBad Moon Rising\u201c, \u201eFortunate Son\u201c und \u201eWho&#8217;ll Stop The Rain\u201c, \u201eHey Tonight\u201c geh\u00f6ren ebenso zum ann\u00e4hernd zweist\u00fcndigen Liveprogramm wie die Versionen von Klassikern wie \u201eI Heard It Through The Grapevine\u201c, \u201eMidnight Special\u201c und \u201eSusie Q\u201c.<\/p>\n<p>Die Band von der Insel f\u00e4ngt das Gef\u00fchl, den Klang und die Atmosph\u00e4re der Originalsongs ein. Das Publikum wird ins Konzert mit einbezogen, es wird mitgesungen und es gibt viele mitrei\u00dfende Refrains zum Mitmachen bei der authentischen und energiegeladenen Hommage an das Erbe von Creedence. Dale Taylor \u00fcbernimmt die Rolle von John Fogerty an der Gitarre und am Gesang, was keine leichte Aufgabe ist, wenn man Fogertys Kraft und Bandbreite bedenkt. Doch er erf\u00fcllt diese \u00a0Aufgabe mit Bravour und liefert die Rohheit und Energie des Originals, unterst\u00fctzt von einer soliden und erfahrenen Band, die sich so eng wie m\u00f6glich an die originalen Albumtitel h\u00e4lt.<\/p>\n","protected":false},"excerpt":{"rendered":"<p><span class=\"uF-qm _2Cofy J2pYd _2Rnds\"><span class=\"_1idsK\" data-hook=\"ev-list-item-title\">Sitzplatz, Normalpreis<br \/>\nDatum: 21.12.2024, Beginn: 20:00 Uhr<br \/>\nEinlass 19.00 Uhr<br \/>\n<\/span><\/span><\/p>\n<p><strong>Preise \/ Person:<\/strong><br \/>\nReihen 1 bis 16: <strong>42,- \u20ac<\/strong><br \/>\nReihen 17 bis 28: <strong>37,- \u20ac<\/strong><br \/>\nReihen 29 bis 40: <strong>32,- \u20ac<\/strong><\/p>\n<p><strong>Achtung, der Saal verf\u00fcgt \u00fcber Sitzpl\u00e4tze in Event-Tisch-Bestuhlung, bestehend jeweils aus einem oder mehreren Event-Tischen mit 8, 16 oder 32 Sitzpl\u00e4tzen am Tisch.<\/strong><\/p>\n","protected":false},"author":1,"featured_media":96125,"template":"","meta":[],"product_cat":[61],"product_tag":[],"class_list":{"0":"post-96121","1":"product","2":"type-product","3":"status-publish","4":"has-post-thumbnail","6":"product_cat-konzert","8":"first","9":"instock","10":"taxable","11":"shipping-taxable","12":"purchasable","13":"product-type-variable"},"yoast_head":"<!-- This site is optimized with the Yoast SEO plugin v23.3 - https:\/\/yoast.com\/wordpress\/plugins\/seo\/ -->\n<title>Creedence Clearwater Review - Ticket-Shop BB Entertainia<\/title>\n<meta name=\"robots\" content=\"index, follow, max-snippet:-1, max-image-preview:large, max-video-preview:-1\" \/>\n<link rel=\"canonical\" href=\"https:\/\/www.bb-entertainia.de\/test-bb-tickets\/product\/creedence-clearwater-review\/\" \/>\n<meta property=\"og:locale\" content=\"de_DE\" \/>\n<meta property=\"og:type\" content=\"article\" \/>\n<meta property=\"og:title\" content=\"Creedence Clearwater Review - Ticket-Shop BB Entertainia\" \/>\n<meta property=\"og:description\" content=\"Sitzplatz, Normalpreis Datum: 21.12.2024, Beginn: 20:00 Uhr Einlass 19.00 Uhr   Preise \/ Person: Reihen 1 bis 16: 42,- \u20ac Reihen 17 bis 28: 37,- \u20ac Reihen 29 bis 40: 32,- \u20ac  Achtung, der Saal verf\u00fcgt \u00fcber Sitzpl\u00e4tze in Event-Tisch-Bestuhlung, bestehend jeweils aus einem oder mehreren Event-Tischen mit 8, 16 oder 32 Sitzpl\u00e4tzen am Tisch.\" \/>\n<meta property=\"og:url\" content=\"https:\/\/www.bb-entertainia.de\/test-bb-tickets\/product\/creedence-clearwater-review\/\" \/>\n<meta property=\"og:site_name\" content=\"Ticket-Shop BB Entertainia\" \/>\n<meta property=\"article:modified_time\" content=\"2024-08-08T08:46:04+00:00\" \/>\n<meta property=\"og:image\" content=\"https:\/\/www.bb-entertainia.de\/test-bb-tickets\/wp-content\/uploads\/sh-Creedence-Clearwater-Review.jpg\" \/>\n\t<meta property=\"og:image:width\" content=\"1000\" \/>\n\t<meta property=\"og:image:height\" content=\"1000\" \/>\n\t<meta property=\"og:image:type\" content=\"image\/jpeg\" \/>\n<meta name=\"twitter:card\" content=\"summary_large_image\" \/>\n<meta name=\"twitter:label1\" content=\"Gesch\u00e4tzte Lesezeit\" \/>\n\t<meta name=\"twitter:data1\" content=\"2\u00a0Minuten\" \/>\n<script type=\"application\/ld+json\" class=\"yoast-schema-graph\">{\"@context\":\"https:\/\/schema.org\",\"@graph\":[{\"@type\":\"WebPage\",\"@id\":\"https:\/\/www.bb-entertainia.de\/test-bb-tickets\/product\/creedence-clearwater-review\/\",\"url\":\"https:\/\/www.bb-entertainia.de\/test-bb-tickets\/product\/creedence-clearwater-review\/\",\"name\":\"Creedence Clearwater Review - Ticket-Shop BB Entertainia\",\"isPartOf\":{\"@id\":\"https:\/\/www.bb-entertainia.de\/test-bb-tickets\/#website\"},\"primaryImageOfPage\":{\"@id\":\"https:\/\/www.bb-entertainia.de\/test-bb-tickets\/product\/creedence-clearwater-review\/#primaryimage\"},\"image\":{\"@id\":\"https:\/\/www.bb-entertainia.de\/test-bb-tickets\/product\/creedence-clearwater-review\/#primaryimage\"},\"thumbnailUrl\":\"https:\/\/www.bb-entertainia.de\/test-bb-tickets\/wp-content\/uploads\/sh-Creedence-Clearwater-Review.jpg\",\"datePublished\":\"2024-04-23T05:28:08+00:00\",\"dateModified\":\"2024-08-08T08:46:04+00:00\",\"breadcrumb\":{\"@id\":\"https:\/\/www.bb-entertainia.de\/test-bb-tickets\/product\/creedence-clearwater-review\/#breadcrumb\"},\"inLanguage\":\"de\",\"potentialAction\":[{\"@type\":\"ReadAction\",\"target\":[\"https:\/\/www.bb-entertainia.de\/test-bb-tickets\/product\/creedence-clearwater-review\/\"]}]},{\"@type\":\"ImageObject\",\"inLanguage\":\"de\",\"@id\":\"https:\/\/www.bb-entertainia.de\/test-bb-tickets\/product\/creedence-clearwater-review\/#primaryimage\",\"url\":\"https:\/\/www.bb-entertainia.de\/test-bb-tickets\/wp-content\/uploads\/sh-Creedence-Clearwater-Review.jpg\",\"contentUrl\":\"https:\/\/www.bb-entertainia.de\/test-bb-tickets\/wp-content\/uploads\/sh-Creedence-Clearwater-Review.jpg\",\"width\":1000,\"height\":1000},{\"@type\":\"BreadcrumbList\",\"@id\":\"https:\/\/www.bb-entertainia.de\/test-bb-tickets\/product\/creedence-clearwater-review\/#breadcrumb\",\"itemListElement\":[{\"@type\":\"ListItem\",\"position\":1,\"name\":\"Home\",\"item\":\"https:\/\/www.bb-entertainia.de\/test-bb-tickets\/\"},{\"@type\":\"ListItem\",\"position\":2,\"name\":\"Tickets\",\"item\":\"https:\/\/www.bb-entertainia.de\/test-bb-tickets\/\"},{\"@type\":\"ListItem\",\"position\":3,\"name\":\"Creedence Clearwater Review\"}]},{\"@type\":\"WebSite\",\"@id\":\"https:\/\/www.bb-entertainia.de\/test-bb-tickets\/#website\",\"url\":\"https:\/\/www.bb-entertainia.de\/test-bb-tickets\/\",\"name\":\"Ticket-Shop BB Entertainia\",\"description\":\"\",\"publisher\":{\"@id\":\"https:\/\/www.bb-entertainia.de\/test-bb-tickets\/#organization\"},\"potentialAction\":[{\"@type\":\"SearchAction\",\"target\":{\"@type\":\"EntryPoint\",\"urlTemplate\":\"https:\/\/www.bb-entertainia.de\/test-bb-tickets\/?s={search_term_string}\"},\"query-input\":\"required name=search_term_string\"}],\"inLanguage\":\"de\"},{\"@type\":\"Organization\",\"@id\":\"https:\/\/www.bb-entertainia.de\/test-bb-tickets\/#organization\",\"name\":\"Ticket-Shop BB Entertainia\",\"url\":\"https:\/\/www.bb-entertainia.de\/test-bb-tickets\/\",\"logo\":{\"@type\":\"ImageObject\",\"inLanguage\":\"de\",\"@id\":\"https:\/\/www.bb-entertainia.de\/test-bb-tickets\/#\/schema\/logo\/image\/\",\"url\":\"https:\/\/www.bb-entertainia.de\/test-bb-tickets\/wp-content\/uploads\/2020\/01\/logo-bb-entertainia.png\",\"contentUrl\":\"https:\/\/www.bb-entertainia.de\/test-bb-tickets\/wp-content\/uploads\/2020\/01\/logo-bb-entertainia.png\",\"width\":500,\"height\":102,\"caption\":\"Ticket-Shop BB Entertainia\"},\"image\":{\"@id\":\"https:\/\/www.bb-entertainia.de\/test-bb-tickets\/#\/schema\/logo\/image\/\"}}]}<\/script>\n<!-- \/ Yoast SEO plugin. -->","yoast_head_json":{"title":"Creedence Clearwater Review - Ticket-Shop BB Entertainia","robots":{"index":"index","follow":"follow","max-snippet":"max-snippet:-1","max-image-preview":"max-image-preview:large","max-video-preview":"max-video-preview:-1"},"canonical":"https:\/\/www.bb-entertainia.de\/test-bb-tickets\/product\/creedence-clearwater-review\/","og_locale":"de_DE","og_type":"article","og_title":"Creedence Clearwater Review - Ticket-Shop BB Entertainia","og_description":"Sitzplatz, Normalpreis Datum: 21.12.2024, Beginn: 20:00 Uhr Einlass 19.00 Uhr   Preise \/ Person: Reihen 1 bis 16: 42,- \u20ac Reihen 17 bis 28: 37,- \u20ac Reihen 29 bis 40: 32,- \u20ac  Achtung, der Saal verf\u00fcgt \u00fcber Sitzpl\u00e4tze in Event-Tisch-Bestuhlung, bestehend jeweils aus einem oder mehreren Event-Tischen mit 8, 16 oder 32 Sitzpl\u00e4tzen am Tisch.","og_url":"https:\/\/www.bb-entertainia.de\/test-bb-tickets\/product\/creedence-clearwater-review\/","og_site_name":"Ticket-Shop BB Entertainia","article_modified_time":"2024-08-08T08:46:04+00:00","og_image":[{"width":1000,"height":1000,"url":"https:\/\/www.bb-entertainia.de\/test-bb-tickets\/wp-content\/uploads\/sh-Creedence-Clearwater-Review.jpg","type":"image\/jpeg"}],"twitter_card":"summary_large_image","twitter_misc":{"Gesch\u00e4tzte Lesezeit":"2\u00a0Minuten"},"schema":{"@context":"https:\/\/schema.org","@graph":[{"@type":"WebPage","@id":"https:\/\/www.bb-entertainia.de\/test-bb-tickets\/product\/creedence-clearwater-review\/","url":"https:\/\/www.bb-entertainia.de\/test-bb-tickets\/product\/creedence-clearwater-review\/","name":"Creedence Clearwater Review - Ticket-Shop BB Entertainia","isPartOf":{"@id":"https:\/\/www.bb-entertainia.de\/test-bb-tickets\/#website"},"primaryImageOfPage":{"@id":"https:\/\/www.bb-entertainia.de\/test-bb-tickets\/product\/creedence-clearwater-review\/#primaryimage"},"image":{"@id":"https:\/\/www.bb-entertainia.de\/test-bb-tickets\/product\/creedence-clearwater-review\/#primaryimage"},"thumbnailUrl":"https:\/\/www.bb-entertainia.de\/test-bb-tickets\/wp-content\/uploads\/sh-Creedence-Clearwater-Review.jpg","datePublished":"2024-04-23T05:28:08+00:00","dateModified":"2024-08-08T08:46:04+00:00","breadcrumb":{"@id":"https:\/\/www.bb-entertainia.de\/test-bb-tickets\/product\/creedence-clearwater-review\/#breadcrumb"},"inLanguage":"de","potentialAction":[{"@type":"ReadAction","target":["https:\/\/www.bb-entertainia.de\/test-bb-tickets\/product\/creedence-clearwater-review\/"]}]},{"@type":"ImageObject","inLanguage":"de","@id":"https:\/\/www.bb-entertainia.de\/test-bb-tickets\/product\/creedence-clearwater-review\/#primaryimage","url":"https:\/\/www.bb-entertainia.de\/test-bb-tickets\/wp-content\/uploads\/sh-Creedence-Clearwater-Review.jpg","contentUrl":"https:\/\/www.bb-entertainia.de\/test-bb-tickets\/wp-content\/uploads\/sh-Creedence-Clearwater-Review.jpg","width":1000,"height":1000},{"@type":"BreadcrumbList","@id":"https:\/\/www.bb-entertainia.de\/test-bb-tickets\/product\/creedence-clearwater-review\/#breadcrumb","itemListElement":[{"@type":"ListItem","position":1,"name":"Home","item":"https:\/\/www.bb-entertainia.de\/test-bb-tickets\/"},{"@type":"ListItem","position":2,"name":"Tickets","item":"https:\/\/www.bb-entertainia.de\/test-bb-tickets\/"},{"@type":"ListItem","position":3,"name":"Creedence Clearwater Review"}]},{"@type":"WebSite","@id":"https:\/\/www.bb-entertainia.de\/test-bb-tickets\/#website","url":"https:\/\/www.bb-entertainia.de\/test-bb-tickets\/","name":"Ticket-Shop BB Entertainia","description":"","publisher":{"@id":"https:\/\/www.bb-entertainia.de\/test-bb-tickets\/#organization"},"potentialAction":[{"@type":"SearchAction","target":{"@type":"EntryPoint","urlTemplate":"https:\/\/www.bb-entertainia.de\/test-bb-tickets\/?s={search_term_string}"},"query-input":"required name=search_term_string"}],"inLanguage":"de"},{"@type":"Organization","@id":"https:\/\/www.bb-entertainia.de\/test-bb-tickets\/#organization","name":"Ticket-Shop BB Entertainia","url":"https:\/\/www.bb-entertainia.de\/test-bb-tickets\/","logo":{"@type":"ImageObject","inLanguage":"de","@id":"https:\/\/www.bb-entertainia.de\/test-bb-tickets\/#\/schema\/logo\/image\/","url":"https:\/\/www.bb-entertainia.de\/test-bb-tickets\/wp-content\/uploads\/2020\/01\/logo-bb-entertainia.png","contentUrl":"https:\/\/www.bb-entertainia.de\/test-bb-tickets\/wp-content\/uploads\/2020\/01\/logo-bb-entertainia.png","width":500,"height":102,"caption":"Ticket-Shop BB Entertainia"},"image":{"@id":"https:\/\/www.bb-entertainia.de\/test-bb-tickets\/#\/schema\/logo\/image\/"}}]}},"tiered_pricing_type":"fixed","tiered_pricing_fixed_rules":[],"tiered_pricing_product_settings":{"layout":"default","base_unit_name":{"singular":null,"plural":null},"default_variation":null},"tiered_pricing_minimum_quantity":1,"tiered_pricing_roles_data":[],"tiered_pricing_percentage_rules":[],"_links":{"self":[{"href":"https:\/\/www.bb-entertainia.de\/test-bb-tickets\/wp-json\/wp\/v2\/product\/96121"}],"collection":[{"href":"https:\/\/www.bb-entertainia.de\/test-bb-tickets\/wp-json\/wp\/v2\/product"}],"about":[{"href":"https:\/\/www.bb-entertainia.de\/test-bb-tickets\/wp-json\/wp\/v2\/types\/product"}],"author":[{"embeddable":true,"href":"https:\/\/www.bb-entertainia.de\/test-bb-tickets\/wp-json\/wp\/v2\/users\/1"}],"wp:featuredmedia":[{"embeddable":true,"href":"https:\/\/www.bb-entertainia.de\/test-bb-tickets\/wp-json\/wp\/v2\/media\/96125"}],"wp:attachment":[{"href":"https:\/\/www.bb-entertainia.de\/test-bb-tickets\/wp-json\/wp\/v2\/media?parent=96121"}],"wp:term":[{"taxonomy":"product_cat","embeddable":true,"href":"https:\/\/www.bb-entertainia.de\/test-bb-tickets\/wp-json\/wp\/v2\/product_cat?post=96121"},{"taxonomy":"product_tag","embeddable":true,"href":"https:\/\/www.bb-entertainia.de\/test-bb-tickets\/wp-json\/wp\/v2\/product_tag?post=96121"}],"curies":[{"name":"wp","href":"https:\/\/api.w.org\/{rel}","templated":true}]}}