{"id":95963,"date":"2024-04-22T13:15:54","date_gmt":"2024-04-22T11:15:54","guid":{"rendered":"https:\/\/www.bb-entertainia.de\/test-bb-tickets\/?post_type=product&#038;p=95963"},"modified":"2024-07-11T12:20:44","modified_gmt":"2024-07-11T10:20:44","slug":"westernhagen-trifft-amy-winehouse-rod-stewart-die-xmas-show","status":"publish","type":"product","link":"https:\/\/www.bb-entertainia.de\/test-bb-tickets\/product\/westernhagen-trifft-amy-winehouse-rod-stewart-die-xmas-show\/","title":{"rendered":"Westernhagen trifft Amy Winehouse &#038; Rod Stewart \u2013 Die Xmas-Show"},"content":{"rendered":"<h3>Westernhagen \u2013 die authentische Xmas-Show.<br \/>\nStars on Christmas am 26. 12. 24 im Lokschuppen: Westernhagen \u2013 Amy Winehouse &#8211; Rod Stewart!<\/h3>\n<p>Seit \u00fcber 15 Jahren tourt Andreas Weitersagen mit seiner Westernhagen-Show sehr erfolgreich durch Europa. Seine Fans kennen ihn dabei als energiegeladenen, eigensinnigen Interpreten von Westernhagen-Songs, die er im Stil der Stadiontourneen der 80er und 90er Jahre mit seiner Band vortr\u00e4gt. Das ist die derzeit wohl popul\u00e4rste und authentischste Westernhagen-Show. Stimme und Optik sind vom Original nicht zu unterscheiden. Andreas Weitersagen wird nicht nur singen, sondern auch durch den Abend moderieren.<\/p>\n<p><strong>Amy Winehouse<\/strong><br \/>\nMit h\u00f6chstem Respekt vor dem Original und viel Liebe zum Detail erweckt Christine Ladda die wunderbare Musik der leider viel zu fr\u00fch von uns gegangenen Amy Winehouse zum Leben. Optisch wie klanglich n\u00e4hert sich die Show so weit wie nur irgend m\u00f6glich dem Original an. Die S\u00e4ngerin schafft dabei mit ihrer au\u00dfergew\u00f6hnlichen Stimme, ihrer Verwandlungsf\u00e4higkeit und ihrem Schauspieltalent eine nahezu perfekte Illusion &#8211; mit brillantem Soulgesang, Ansagen im Cockney-English, Beehive, Tattoos und allem, was sonst noch dazugeh\u00f6rt.<\/p>\n<p><strong>Mr. Rod<\/strong><br \/>\n&#8230;die in Europa exklusive Hommage an den britischen Weltstar Rod Stewart, \u00fcberzeugte schon letztes Jahr im Lokschuppen auf ganzer Linie mit einer professionellen Show voller emotionaler H\u00f6hepunkte mit unvergesslichen Songs wie \u201eSailing\u201c, \u201eBaby Jane\u201c, \u201eDa Ya Think I\u2019m Sexy\u201c, \u201eRhythm Of My Heart\u201c, \u201eThe First Cut Is The Deepest\u201c und vieler anderer mehr&#8230;<\/p>\n","protected":false},"excerpt":{"rendered":"<p><span class=\"uF-qm _2Cofy J2pYd _2Rnds\"><span class=\"_1idsK\" data-hook=\"ev-list-item-title\">Sitzplatz, Normalpreis<br \/>\nDatum: 26.12.2024, Beginn: 19:00 Uhr<br \/>\nEinlass 18.00 Uhr<br \/>\n<\/span><\/span><\/p>\n<p><strong>Preise \/ Person:<\/strong><br \/>\nReihen 1 bis 16: <strong>44,- \u20ac<\/strong><br \/>\nReihen 17 bis 28: <strong>37,- \u20ac<\/strong><br \/>\nReihen 29 bis 40: <strong>29,- \u20ac<\/strong><\/p>\n<p><strong>Achtung, der Saal verf\u00fcgt \u00fcber Sitzpl\u00e4tze in Event-Tisch-Bestuhlung, bestehend jeweils aus einem oder mehreren Event-Tischen mit 8, 16 oder 32 Sitzpl\u00e4tzen am Tisch.<\/strong><\/p>\n","protected":false},"author":1,"featured_media":96035,"template":"","meta":[],"product_cat":[61],"product_tag":[],"class_list":{"0":"post-95963","1":"product","2":"type-product","3":"status-publish","4":"has-post-thumbnail","6":"product_cat-konzert","8":"first","9":"instock","10":"taxable","11":"shipping-taxable","12":"purchasable","13":"product-type-variable"},"yoast_head":"<!-- This site is optimized with the Yoast SEO plugin v23.3 - https:\/\/yoast.com\/wordpress\/plugins\/seo\/ -->\n<title>Westernhagen trifft Amy Winehouse &amp; Rod Stewart \u2013 Die Xmas-Show - Ticket-Shop BB Entertainia<\/title>\n<meta name=\"robots\" content=\"index, follow, max-snippet:-1, max-image-preview:large, max-video-preview:-1\" \/>\n<link rel=\"canonical\" href=\"https:\/\/www.bb-entertainia.de\/test-bb-tickets\/product\/westernhagen-trifft-amy-winehouse-rod-stewart-die-xmas-show\/\" \/>\n<meta property=\"og:locale\" content=\"de_DE\" \/>\n<meta property=\"og:type\" content=\"article\" \/>\n<meta property=\"og:title\" content=\"Westernhagen trifft Amy Winehouse &amp; Rod Stewart \u2013 Die Xmas-Show - Ticket-Shop BB Entertainia\" \/>\n<meta property=\"og:description\" content=\"Sitzplatz, Normalpreis Datum: 26.12.2024, Beginn: 19:00 Uhr Einlass 18.00 Uhr   Preise \/ Person: Reihen 1 bis 16: 44,- \u20ac Reihen 17 bis 28: 37,- \u20ac Reihen 29 bis 40: 29,- \u20ac  Achtung, der Saal verf\u00fcgt \u00fcber Sitzpl\u00e4tze in Event-Tisch-Bestuhlung, bestehend jeweils aus einem oder mehreren Event-Tischen mit 8, 16 oder 32 Sitzpl\u00e4tzen am Tisch.\" \/>\n<meta property=\"og:url\" content=\"https:\/\/www.bb-entertainia.de\/test-bb-tickets\/product\/westernhagen-trifft-amy-winehouse-rod-stewart-die-xmas-show\/\" \/>\n<meta property=\"og:site_name\" content=\"Ticket-Shop BB Entertainia\" \/>\n<meta property=\"article:modified_time\" content=\"2024-07-11T10:20:44+00:00\" \/>\n<meta property=\"og:image\" content=\"https:\/\/www.bb-entertainia.de\/test-bb-tickets\/wp-content\/uploads\/sh-Westernhagenshow-Xmass24.jpg\" \/>\n\t<meta property=\"og:image:width\" content=\"1000\" \/>\n\t<meta property=\"og:image:height\" content=\"1000\" \/>\n\t<meta property=\"og:image:type\" content=\"image\/jpeg\" \/>\n<meta name=\"twitter:card\" content=\"summary_large_image\" \/>\n<meta name=\"twitter:label1\" content=\"Gesch\u00e4tzte Lesezeit\" \/>\n\t<meta name=\"twitter:data1\" content=\"2\u00a0Minuten\" \/>\n<script type=\"application\/ld+json\" class=\"yoast-schema-graph\">{\"@context\":\"https:\/\/schema.org\",\"@graph\":[{\"@type\":\"WebPage\",\"@id\":\"https:\/\/www.bb-entertainia.de\/test-bb-tickets\/product\/westernhagen-trifft-amy-winehouse-rod-stewart-die-xmas-show\/\",\"url\":\"https:\/\/www.bb-entertainia.de\/test-bb-tickets\/product\/westernhagen-trifft-amy-winehouse-rod-stewart-die-xmas-show\/\",\"name\":\"Westernhagen trifft Amy Winehouse & Rod Stewart \u2013 Die Xmas-Show - Ticket-Shop BB Entertainia\",\"isPartOf\":{\"@id\":\"https:\/\/www.bb-entertainia.de\/test-bb-tickets\/#website\"},\"primaryImageOfPage\":{\"@id\":\"https:\/\/www.bb-entertainia.de\/test-bb-tickets\/product\/westernhagen-trifft-amy-winehouse-rod-stewart-die-xmas-show\/#primaryimage\"},\"image\":{\"@id\":\"https:\/\/www.bb-entertainia.de\/test-bb-tickets\/product\/westernhagen-trifft-amy-winehouse-rod-stewart-die-xmas-show\/#primaryimage\"},\"thumbnailUrl\":\"https:\/\/www.bb-entertainia.de\/test-bb-tickets\/wp-content\/uploads\/sh-Westernhagenshow-Xmass24.jpg\",\"datePublished\":\"2024-04-22T11:15:54+00:00\",\"dateModified\":\"2024-07-11T10:20:44+00:00\",\"breadcrumb\":{\"@id\":\"https:\/\/www.bb-entertainia.de\/test-bb-tickets\/product\/westernhagen-trifft-amy-winehouse-rod-stewart-die-xmas-show\/#breadcrumb\"},\"inLanguage\":\"de\",\"potentialAction\":[{\"@type\":\"ReadAction\",\"target\":[\"https:\/\/www.bb-entertainia.de\/test-bb-tickets\/product\/westernhagen-trifft-amy-winehouse-rod-stewart-die-xmas-show\/\"]}]},{\"@type\":\"ImageObject\",\"inLanguage\":\"de\",\"@id\":\"https:\/\/www.bb-entertainia.de\/test-bb-tickets\/product\/westernhagen-trifft-amy-winehouse-rod-stewart-die-xmas-show\/#primaryimage\",\"url\":\"https:\/\/www.bb-entertainia.de\/test-bb-tickets\/wp-content\/uploads\/sh-Westernhagenshow-Xmass24.jpg\",\"contentUrl\":\"https:\/\/www.bb-entertainia.de\/test-bb-tickets\/wp-content\/uploads\/sh-Westernhagenshow-Xmass24.jpg\",\"width\":1000,\"height\":1000},{\"@type\":\"BreadcrumbList\",\"@id\":\"https:\/\/www.bb-entertainia.de\/test-bb-tickets\/product\/westernhagen-trifft-amy-winehouse-rod-stewart-die-xmas-show\/#breadcrumb\",\"itemListElement\":[{\"@type\":\"ListItem\",\"position\":1,\"name\":\"Home\",\"item\":\"https:\/\/www.bb-entertainia.de\/test-bb-tickets\/\"},{\"@type\":\"ListItem\",\"position\":2,\"name\":\"Tickets\",\"item\":\"https:\/\/www.bb-entertainia.de\/test-bb-tickets\/\"},{\"@type\":\"ListItem\",\"position\":3,\"name\":\"Westernhagen trifft Amy Winehouse &#038; Rod Stewart \u2013 Die Xmas-Show\"}]},{\"@type\":\"WebSite\",\"@id\":\"https:\/\/www.bb-entertainia.de\/test-bb-tickets\/#website\",\"url\":\"https:\/\/www.bb-entertainia.de\/test-bb-tickets\/\",\"name\":\"Ticket-Shop BB Entertainia\",\"description\":\"\",\"publisher\":{\"@id\":\"https:\/\/www.bb-entertainia.de\/test-bb-tickets\/#organization\"},\"potentialAction\":[{\"@type\":\"SearchAction\",\"target\":{\"@type\":\"EntryPoint\",\"urlTemplate\":\"https:\/\/www.bb-entertainia.de\/test-bb-tickets\/?s={search_term_string}\"},\"query-input\":\"required name=search_term_string\"}],\"inLanguage\":\"de\"},{\"@type\":\"Organization\",\"@id\":\"https:\/\/www.bb-entertainia.de\/test-bb-tickets\/#organization\",\"name\":\"Ticket-Shop BB Entertainia\",\"url\":\"https:\/\/www.bb-entertainia.de\/test-bb-tickets\/\",\"logo\":{\"@type\":\"ImageObject\",\"inLanguage\":\"de\",\"@id\":\"https:\/\/www.bb-entertainia.de\/test-bb-tickets\/#\/schema\/logo\/image\/\",\"url\":\"https:\/\/www.bb-entertainia.de\/test-bb-tickets\/wp-content\/uploads\/2020\/01\/logo-bb-entertainia.png\",\"contentUrl\":\"https:\/\/www.bb-entertainia.de\/test-bb-tickets\/wp-content\/uploads\/2020\/01\/logo-bb-entertainia.png\",\"width\":500,\"height\":102,\"caption\":\"Ticket-Shop BB Entertainia\"},\"image\":{\"@id\":\"https:\/\/www.bb-entertainia.de\/test-bb-tickets\/#\/schema\/logo\/image\/\"}}]}<\/script>\n<!-- \/ Yoast SEO plugin. -->","yoast_head_json":{"title":"Westernhagen trifft Amy Winehouse & Rod Stewart \u2013 Die Xmas-Show - Ticket-Shop BB Entertainia","robots":{"index":"index","follow":"follow","max-snippet":"max-snippet:-1","max-image-preview":"max-image-preview:large","max-video-preview":"max-video-preview:-1"},"canonical":"https:\/\/www.bb-entertainia.de\/test-bb-tickets\/product\/westernhagen-trifft-amy-winehouse-rod-stewart-die-xmas-show\/","og_locale":"de_DE","og_type":"article","og_title":"Westernhagen trifft Amy Winehouse & Rod Stewart \u2013 Die Xmas-Show - Ticket-Shop BB Entertainia","og_description":"Sitzplatz, Normalpreis Datum: 26.12.2024, Beginn: 19:00 Uhr Einlass 18.00 Uhr   Preise \/ Person: Reihen 1 bis 16: 44,- \u20ac Reihen 17 bis 28: 37,- \u20ac Reihen 29 bis 40: 29,- \u20ac  Achtung, der Saal verf\u00fcgt \u00fcber Sitzpl\u00e4tze in Event-Tisch-Bestuhlung, bestehend jeweils aus einem oder mehreren Event-Tischen mit 8, 16 oder 32 Sitzpl\u00e4tzen am Tisch.","og_url":"https:\/\/www.bb-entertainia.de\/test-bb-tickets\/product\/westernhagen-trifft-amy-winehouse-rod-stewart-die-xmas-show\/","og_site_name":"Ticket-Shop BB Entertainia","article_modified_time":"2024-07-11T10:20:44+00:00","og_image":[{"width":1000,"height":1000,"url":"https:\/\/www.bb-entertainia.de\/test-bb-tickets\/wp-content\/uploads\/sh-Westernhagenshow-Xmass24.jpg","type":"image\/jpeg"}],"twitter_card":"summary_large_image","twitter_misc":{"Gesch\u00e4tzte Lesezeit":"2\u00a0Minuten"},"schema":{"@context":"https:\/\/schema.org","@graph":[{"@type":"WebPage","@id":"https:\/\/www.bb-entertainia.de\/test-bb-tickets\/product\/westernhagen-trifft-amy-winehouse-rod-stewart-die-xmas-show\/","url":"https:\/\/www.bb-entertainia.de\/test-bb-tickets\/product\/westernhagen-trifft-amy-winehouse-rod-stewart-die-xmas-show\/","name":"Westernhagen trifft Amy Winehouse & Rod Stewart \u2013 Die Xmas-Show - Ticket-Shop BB Entertainia","isPartOf":{"@id":"https:\/\/www.bb-entertainia.de\/test-bb-tickets\/#website"},"primaryImageOfPage":{"@id":"https:\/\/www.bb-entertainia.de\/test-bb-tickets\/product\/westernhagen-trifft-amy-winehouse-rod-stewart-die-xmas-show\/#primaryimage"},"image":{"@id":"https:\/\/www.bb-entertainia.de\/test-bb-tickets\/product\/westernhagen-trifft-amy-winehouse-rod-stewart-die-xmas-show\/#primaryimage"},"thumbnailUrl":"https:\/\/www.bb-entertainia.de\/test-bb-tickets\/wp-content\/uploads\/sh-Westernhagenshow-Xmass24.jpg","datePublished":"2024-04-22T11:15:54+00:00","dateModified":"2024-07-11T10:20:44+00:00","breadcrumb":{"@id":"https:\/\/www.bb-entertainia.de\/test-bb-tickets\/product\/westernhagen-trifft-amy-winehouse-rod-stewart-die-xmas-show\/#breadcrumb"},"inLanguage":"de","potentialAction":[{"@type":"ReadAction","target":["https:\/\/www.bb-entertainia.de\/test-bb-tickets\/product\/westernhagen-trifft-amy-winehouse-rod-stewart-die-xmas-show\/"]}]},{"@type":"ImageObject","inLanguage":"de","@id":"https:\/\/www.bb-entertainia.de\/test-bb-tickets\/product\/westernhagen-trifft-amy-winehouse-rod-stewart-die-xmas-show\/#primaryimage","url":"https:\/\/www.bb-entertainia.de\/test-bb-tickets\/wp-content\/uploads\/sh-Westernhagenshow-Xmass24.jpg","contentUrl":"https:\/\/www.bb-entertainia.de\/test-bb-tickets\/wp-content\/uploads\/sh-Westernhagenshow-Xmass24.jpg","width":1000,"height":1000},{"@type":"BreadcrumbList","@id":"https:\/\/www.bb-entertainia.de\/test-bb-tickets\/product\/westernhagen-trifft-amy-winehouse-rod-stewart-die-xmas-show\/#breadcrumb","itemListElement":[{"@type":"ListItem","position":1,"name":"Home","item":"https:\/\/www.bb-entertainia.de\/test-bb-tickets\/"},{"@type":"ListItem","position":2,"name":"Tickets","item":"https:\/\/www.bb-entertainia.de\/test-bb-tickets\/"},{"@type":"ListItem","position":3,"name":"Westernhagen trifft Amy Winehouse &#038; Rod Stewart \u2013 Die Xmas-Show"}]},{"@type":"WebSite","@id":"https:\/\/www.bb-entertainia.de\/test-bb-tickets\/#website","url":"https:\/\/www.bb-entertainia.de\/test-bb-tickets\/","name":"Ticket-Shop BB Entertainia","description":"","publisher":{"@id":"https:\/\/www.bb-entertainia.de\/test-bb-tickets\/#organization"},"potentialAction":[{"@type":"SearchAction","target":{"@type":"EntryPoint","urlTemplate":"https:\/\/www.bb-entertainia.de\/test-bb-tickets\/?s={search_term_string}"},"query-input":"required name=search_term_string"}],"inLanguage":"de"},{"@type":"Organization","@id":"https:\/\/www.bb-entertainia.de\/test-bb-tickets\/#organization","name":"Ticket-Shop BB Entertainia","url":"https:\/\/www.bb-entertainia.de\/test-bb-tickets\/","logo":{"@type":"ImageObject","inLanguage":"de","@id":"https:\/\/www.bb-entertainia.de\/test-bb-tickets\/#\/schema\/logo\/image\/","url":"https:\/\/www.bb-entertainia.de\/test-bb-tickets\/wp-content\/uploads\/2020\/01\/logo-bb-entertainia.png","contentUrl":"https:\/\/www.bb-entertainia.de\/test-bb-tickets\/wp-content\/uploads\/2020\/01\/logo-bb-entertainia.png","width":500,"height":102,"caption":"Ticket-Shop BB Entertainia"},"image":{"@id":"https:\/\/www.bb-entertainia.de\/test-bb-tickets\/#\/schema\/logo\/image\/"}}]}},"tiered_pricing_type":"fixed","tiered_pricing_fixed_rules":[],"tiered_pricing_product_settings":{"layout":"default","base_unit_name":{"singular":null,"plural":null},"default_variation":null},"tiered_pricing_minimum_quantity":1,"tiered_pricing_roles_data":[],"tiered_pricing_percentage_rules":[],"_links":{"self":[{"href":"https:\/\/www.bb-entertainia.de\/test-bb-tickets\/wp-json\/wp\/v2\/product\/95963"}],"collection":[{"href":"https:\/\/www.bb-entertainia.de\/test-bb-tickets\/wp-json\/wp\/v2\/product"}],"about":[{"href":"https:\/\/www.bb-entertainia.de\/test-bb-tickets\/wp-json\/wp\/v2\/types\/product"}],"author":[{"embeddable":true,"href":"https:\/\/www.bb-entertainia.de\/test-bb-tickets\/wp-json\/wp\/v2\/users\/1"}],"wp:featuredmedia":[{"embeddable":true,"href":"https:\/\/www.bb-entertainia.de\/test-bb-tickets\/wp-json\/wp\/v2\/media\/96035"}],"wp:attachment":[{"href":"https:\/\/www.bb-entertainia.de\/test-bb-tickets\/wp-json\/wp\/v2\/media?parent=95963"}],"wp:term":[{"taxonomy":"product_cat","embeddable":true,"href":"https:\/\/www.bb-entertainia.de\/test-bb-tickets\/wp-json\/wp\/v2\/product_cat?post=95963"},{"taxonomy":"product_tag","embeddable":true,"href":"https:\/\/www.bb-entertainia.de\/test-bb-tickets\/wp-json\/wp\/v2\/product_tag?post=95963"}],"curies":[{"name":"wp","href":"https:\/\/api.w.org\/{rel}","templated":true}]}}