{"id":94060,"date":"2024-04-08T09:40:02","date_gmt":"2024-04-08T07:40:02","guid":{"rendered":"https:\/\/www.bb-entertainia.de\/test-bb-tickets\/?post_type=product&#038;p=94060"},"modified":"2024-08-06T10:25:00","modified_gmt":"2024-08-06T08:25:00","slug":"floydside-of-the-moon-pink-floyd-tribute","status":"publish","type":"product","link":"https:\/\/www.bb-entertainia.de\/test-bb-tickets\/product\/floydside-of-the-moon-pink-floyd-tribute\/","title":{"rendered":"Floydside Of The Moon &#8211; PINK-FLOYD-TRIBUTE"},"content":{"rendered":"<h2>Floydside Of The Moon pr\u00e4sentiert die Musik von Pink Floyd<br \/>\nFLOYDSIDE OF THE MOON &#8211; TIME &amp; SPACE<\/h2>\n<p>FLOYDSIDE OF THE MOON geh\u00f6ren seit Jahren zu den arriviertesten Pink Floyd-Tributes.\u00a0Zentrales Herzst\u00fcck der Show ist das Album &#8220;Dark Side of the Moon&#8221;, aber auch alle anderen bekannten Songs sind mit dabei sowie die eine oder andere \u00dcberraschung.<\/p>\n<p>Um den komplexen Songs, allen voran denen auf dem erfolgreichsten PINK-FLOYD-Album DARK SIDE OF THE MOON, gerecht zu werden, bedarf es einer Menge musikalischen K\u00f6nnens, aber auch einer gewissen Demut und nicht zuletzt der unbedingten Liebe zum Detail. FLOYDSIDE OF THE MOON haben nach ihrer letzten, erfolgreichen Tour mit COMING BACK TO LIVE nun mit TIME &amp; SPACE ein neu konzipiertes Programm umgesetzt, das eindrucksvoll unter Beweis stellt, dass sie im Tribute-Club-Segment neue Ma\u00dfst\u00e4be setzen, eben so, wie es die Originale immer wieder vorgelebt haben.<\/p>\n<p>Musikalisch sind FLOYDSIDE OF THE MOON \u00fcber jeden Zweifel erhaben, ihr Songauswahl ist extrem ausgewogen, so dass jeder Fan von Pink Floyd auf seine Kosten kommen wird&#8230;<\/p>\n","protected":false},"excerpt":{"rendered":"<p><span class=\"uF-qm _2Cofy J2pYd _2Rnds\"><span class=\"_1idsK\" data-hook=\"ev-list-item-title\">Sitzplatz, Normalpreis<br \/>\nDatum: 14.09.2024, Beginn: 20:00 Uhr<br \/>\nEinlass 19.00 Uhr<br \/>\n<\/span><\/span><\/p>\n<p><strong>Preise \/ Person:<\/strong><br \/>\nReihen 1 bis 16: <strong>37,- \u20ac<\/strong><br \/>\nReihen 17 bis 28: <strong>32,- \u20ac<\/strong><br \/>\nReihen 29 bis 40: <strong>28,- \u20ac<\/strong><\/p>\n<p><strong>Achtung, der Saal verf\u00fcgt \u00fcber Sitzpl\u00e4tze in Event-Tisch-Bestuhlung, bestehend jeweils aus einem oder mehreren Event-Tischen mit 8, 16 oder 32 Sitzpl\u00e4tzen am Tisch.<\/strong><\/p>\n","protected":false},"author":1,"featured_media":94264,"template":"","meta":[],"product_cat":[61],"product_tag":[],"class_list":{"0":"post-94060","1":"product","2":"type-product","3":"status-publish","4":"has-post-thumbnail","6":"product_cat-konzert","8":"first","9":"instock","10":"taxable","11":"shipping-taxable","12":"purchasable","13":"product-type-variable"},"yoast_head":"<!-- This site is optimized with the Yoast SEO plugin v23.3 - https:\/\/yoast.com\/wordpress\/plugins\/seo\/ -->\n<title>Floydside Of The Moon - PINK-FLOYD-TRIBUTE - Ticket-Shop BB Entertainia<\/title>\n<meta name=\"robots\" content=\"index, follow, max-snippet:-1, max-image-preview:large, max-video-preview:-1\" \/>\n<link rel=\"canonical\" href=\"https:\/\/www.bb-entertainia.de\/test-bb-tickets\/product\/floydside-of-the-moon-pink-floyd-tribute\/\" \/>\n<meta property=\"og:locale\" content=\"de_DE\" \/>\n<meta property=\"og:type\" content=\"article\" \/>\n<meta property=\"og:title\" content=\"Floydside Of The Moon - PINK-FLOYD-TRIBUTE - Ticket-Shop BB Entertainia\" \/>\n<meta property=\"og:description\" content=\"Sitzplatz, Normalpreis Datum: 14.09.2024, Beginn: 20:00 Uhr Einlass 19.00 Uhr   Preise \/ Person: Reihen 1 bis 16: 37,- \u20ac Reihen 17 bis 28: 32,- \u20ac Reihen 29 bis 40: 28,- \u20ac  Achtung, der Saal verf\u00fcgt \u00fcber Sitzpl\u00e4tze in Event-Tisch-Bestuhlung, bestehend jeweils aus einem oder mehreren Event-Tischen mit 8, 16 oder 32 Sitzpl\u00e4tzen am Tisch.\" \/>\n<meta property=\"og:url\" content=\"https:\/\/www.bb-entertainia.de\/test-bb-tickets\/product\/floydside-of-the-moon-pink-floyd-tribute\/\" \/>\n<meta property=\"og:site_name\" content=\"Ticket-Shop BB Entertainia\" \/>\n<meta property=\"article:modified_time\" content=\"2024-08-06T08:25:00+00:00\" \/>\n<meta property=\"og:image\" content=\"https:\/\/www.bb-entertainia.de\/test-bb-tickets\/wp-content\/uploads\/sh-Floydside-Pink-Floyd.jpg\" \/>\n\t<meta property=\"og:image:width\" content=\"1000\" \/>\n\t<meta property=\"og:image:height\" content=\"1000\" \/>\n\t<meta property=\"og:image:type\" content=\"image\/jpeg\" \/>\n<meta name=\"twitter:card\" content=\"summary_large_image\" \/>\n<meta name=\"twitter:label1\" content=\"Gesch\u00e4tzte Lesezeit\" \/>\n\t<meta name=\"twitter:data1\" content=\"1\u00a0Minute\" \/>\n<script type=\"application\/ld+json\" class=\"yoast-schema-graph\">{\"@context\":\"https:\/\/schema.org\",\"@graph\":[{\"@type\":\"WebPage\",\"@id\":\"https:\/\/www.bb-entertainia.de\/test-bb-tickets\/product\/floydside-of-the-moon-pink-floyd-tribute\/\",\"url\":\"https:\/\/www.bb-entertainia.de\/test-bb-tickets\/product\/floydside-of-the-moon-pink-floyd-tribute\/\",\"name\":\"Floydside Of The Moon - PINK-FLOYD-TRIBUTE - Ticket-Shop BB Entertainia\",\"isPartOf\":{\"@id\":\"https:\/\/www.bb-entertainia.de\/test-bb-tickets\/#website\"},\"primaryImageOfPage\":{\"@id\":\"https:\/\/www.bb-entertainia.de\/test-bb-tickets\/product\/floydside-of-the-moon-pink-floyd-tribute\/#primaryimage\"},\"image\":{\"@id\":\"https:\/\/www.bb-entertainia.de\/test-bb-tickets\/product\/floydside-of-the-moon-pink-floyd-tribute\/#primaryimage\"},\"thumbnailUrl\":\"https:\/\/www.bb-entertainia.de\/test-bb-tickets\/wp-content\/uploads\/sh-Floydside-Pink-Floyd.jpg\",\"datePublished\":\"2024-04-08T07:40:02+00:00\",\"dateModified\":\"2024-08-06T08:25:00+00:00\",\"breadcrumb\":{\"@id\":\"https:\/\/www.bb-entertainia.de\/test-bb-tickets\/product\/floydside-of-the-moon-pink-floyd-tribute\/#breadcrumb\"},\"inLanguage\":\"de\",\"potentialAction\":[{\"@type\":\"ReadAction\",\"target\":[\"https:\/\/www.bb-entertainia.de\/test-bb-tickets\/product\/floydside-of-the-moon-pink-floyd-tribute\/\"]}]},{\"@type\":\"ImageObject\",\"inLanguage\":\"de\",\"@id\":\"https:\/\/www.bb-entertainia.de\/test-bb-tickets\/product\/floydside-of-the-moon-pink-floyd-tribute\/#primaryimage\",\"url\":\"https:\/\/www.bb-entertainia.de\/test-bb-tickets\/wp-content\/uploads\/sh-Floydside-Pink-Floyd.jpg\",\"contentUrl\":\"https:\/\/www.bb-entertainia.de\/test-bb-tickets\/wp-content\/uploads\/sh-Floydside-Pink-Floyd.jpg\",\"width\":1000,\"height\":1000},{\"@type\":\"BreadcrumbList\",\"@id\":\"https:\/\/www.bb-entertainia.de\/test-bb-tickets\/product\/floydside-of-the-moon-pink-floyd-tribute\/#breadcrumb\",\"itemListElement\":[{\"@type\":\"ListItem\",\"position\":1,\"name\":\"Home\",\"item\":\"https:\/\/www.bb-entertainia.de\/test-bb-tickets\/\"},{\"@type\":\"ListItem\",\"position\":2,\"name\":\"Tickets\",\"item\":\"https:\/\/www.bb-entertainia.de\/test-bb-tickets\/\"},{\"@type\":\"ListItem\",\"position\":3,\"name\":\"Floydside Of The Moon &#8211; PINK-FLOYD-TRIBUTE\"}]},{\"@type\":\"WebSite\",\"@id\":\"https:\/\/www.bb-entertainia.de\/test-bb-tickets\/#website\",\"url\":\"https:\/\/www.bb-entertainia.de\/test-bb-tickets\/\",\"name\":\"Ticket-Shop BB Entertainia\",\"description\":\"\",\"publisher\":{\"@id\":\"https:\/\/www.bb-entertainia.de\/test-bb-tickets\/#organization\"},\"potentialAction\":[{\"@type\":\"SearchAction\",\"target\":{\"@type\":\"EntryPoint\",\"urlTemplate\":\"https:\/\/www.bb-entertainia.de\/test-bb-tickets\/?s={search_term_string}\"},\"query-input\":\"required name=search_term_string\"}],\"inLanguage\":\"de\"},{\"@type\":\"Organization\",\"@id\":\"https:\/\/www.bb-entertainia.de\/test-bb-tickets\/#organization\",\"name\":\"Ticket-Shop BB Entertainia\",\"url\":\"https:\/\/www.bb-entertainia.de\/test-bb-tickets\/\",\"logo\":{\"@type\":\"ImageObject\",\"inLanguage\":\"de\",\"@id\":\"https:\/\/www.bb-entertainia.de\/test-bb-tickets\/#\/schema\/logo\/image\/\",\"url\":\"https:\/\/www.bb-entertainia.de\/test-bb-tickets\/wp-content\/uploads\/2020\/01\/logo-bb-entertainia.png\",\"contentUrl\":\"https:\/\/www.bb-entertainia.de\/test-bb-tickets\/wp-content\/uploads\/2020\/01\/logo-bb-entertainia.png\",\"width\":500,\"height\":102,\"caption\":\"Ticket-Shop BB Entertainia\"},\"image\":{\"@id\":\"https:\/\/www.bb-entertainia.de\/test-bb-tickets\/#\/schema\/logo\/image\/\"}}]}<\/script>\n<!-- \/ Yoast SEO plugin. -->","yoast_head_json":{"title":"Floydside Of The Moon - PINK-FLOYD-TRIBUTE - Ticket-Shop BB Entertainia","robots":{"index":"index","follow":"follow","max-snippet":"max-snippet:-1","max-image-preview":"max-image-preview:large","max-video-preview":"max-video-preview:-1"},"canonical":"https:\/\/www.bb-entertainia.de\/test-bb-tickets\/product\/floydside-of-the-moon-pink-floyd-tribute\/","og_locale":"de_DE","og_type":"article","og_title":"Floydside Of The Moon - PINK-FLOYD-TRIBUTE - Ticket-Shop BB Entertainia","og_description":"Sitzplatz, Normalpreis Datum: 14.09.2024, Beginn: 20:00 Uhr Einlass 19.00 Uhr   Preise \/ Person: Reihen 1 bis 16: 37,- \u20ac Reihen 17 bis 28: 32,- \u20ac Reihen 29 bis 40: 28,- \u20ac  Achtung, der Saal verf\u00fcgt \u00fcber Sitzpl\u00e4tze in Event-Tisch-Bestuhlung, bestehend jeweils aus einem oder mehreren Event-Tischen mit 8, 16 oder 32 Sitzpl\u00e4tzen am Tisch.","og_url":"https:\/\/www.bb-entertainia.de\/test-bb-tickets\/product\/floydside-of-the-moon-pink-floyd-tribute\/","og_site_name":"Ticket-Shop BB Entertainia","article_modified_time":"2024-08-06T08:25:00+00:00","og_image":[{"width":1000,"height":1000,"url":"https:\/\/www.bb-entertainia.de\/test-bb-tickets\/wp-content\/uploads\/sh-Floydside-Pink-Floyd.jpg","type":"image\/jpeg"}],"twitter_card":"summary_large_image","twitter_misc":{"Gesch\u00e4tzte Lesezeit":"1\u00a0Minute"},"schema":{"@context":"https:\/\/schema.org","@graph":[{"@type":"WebPage","@id":"https:\/\/www.bb-entertainia.de\/test-bb-tickets\/product\/floydside-of-the-moon-pink-floyd-tribute\/","url":"https:\/\/www.bb-entertainia.de\/test-bb-tickets\/product\/floydside-of-the-moon-pink-floyd-tribute\/","name":"Floydside Of The Moon - PINK-FLOYD-TRIBUTE - Ticket-Shop BB Entertainia","isPartOf":{"@id":"https:\/\/www.bb-entertainia.de\/test-bb-tickets\/#website"},"primaryImageOfPage":{"@id":"https:\/\/www.bb-entertainia.de\/test-bb-tickets\/product\/floydside-of-the-moon-pink-floyd-tribute\/#primaryimage"},"image":{"@id":"https:\/\/www.bb-entertainia.de\/test-bb-tickets\/product\/floydside-of-the-moon-pink-floyd-tribute\/#primaryimage"},"thumbnailUrl":"https:\/\/www.bb-entertainia.de\/test-bb-tickets\/wp-content\/uploads\/sh-Floydside-Pink-Floyd.jpg","datePublished":"2024-04-08T07:40:02+00:00","dateModified":"2024-08-06T08:25:00+00:00","breadcrumb":{"@id":"https:\/\/www.bb-entertainia.de\/test-bb-tickets\/product\/floydside-of-the-moon-pink-floyd-tribute\/#breadcrumb"},"inLanguage":"de","potentialAction":[{"@type":"ReadAction","target":["https:\/\/www.bb-entertainia.de\/test-bb-tickets\/product\/floydside-of-the-moon-pink-floyd-tribute\/"]}]},{"@type":"ImageObject","inLanguage":"de","@id":"https:\/\/www.bb-entertainia.de\/test-bb-tickets\/product\/floydside-of-the-moon-pink-floyd-tribute\/#primaryimage","url":"https:\/\/www.bb-entertainia.de\/test-bb-tickets\/wp-content\/uploads\/sh-Floydside-Pink-Floyd.jpg","contentUrl":"https:\/\/www.bb-entertainia.de\/test-bb-tickets\/wp-content\/uploads\/sh-Floydside-Pink-Floyd.jpg","width":1000,"height":1000},{"@type":"BreadcrumbList","@id":"https:\/\/www.bb-entertainia.de\/test-bb-tickets\/product\/floydside-of-the-moon-pink-floyd-tribute\/#breadcrumb","itemListElement":[{"@type":"ListItem","position":1,"name":"Home","item":"https:\/\/www.bb-entertainia.de\/test-bb-tickets\/"},{"@type":"ListItem","position":2,"name":"Tickets","item":"https:\/\/www.bb-entertainia.de\/test-bb-tickets\/"},{"@type":"ListItem","position":3,"name":"Floydside Of The Moon &#8211; PINK-FLOYD-TRIBUTE"}]},{"@type":"WebSite","@id":"https:\/\/www.bb-entertainia.de\/test-bb-tickets\/#website","url":"https:\/\/www.bb-entertainia.de\/test-bb-tickets\/","name":"Ticket-Shop BB Entertainia","description":"","publisher":{"@id":"https:\/\/www.bb-entertainia.de\/test-bb-tickets\/#organization"},"potentialAction":[{"@type":"SearchAction","target":{"@type":"EntryPoint","urlTemplate":"https:\/\/www.bb-entertainia.de\/test-bb-tickets\/?s={search_term_string}"},"query-input":"required name=search_term_string"}],"inLanguage":"de"},{"@type":"Organization","@id":"https:\/\/www.bb-entertainia.de\/test-bb-tickets\/#organization","name":"Ticket-Shop BB Entertainia","url":"https:\/\/www.bb-entertainia.de\/test-bb-tickets\/","logo":{"@type":"ImageObject","inLanguage":"de","@id":"https:\/\/www.bb-entertainia.de\/test-bb-tickets\/#\/schema\/logo\/image\/","url":"https:\/\/www.bb-entertainia.de\/test-bb-tickets\/wp-content\/uploads\/2020\/01\/logo-bb-entertainia.png","contentUrl":"https:\/\/www.bb-entertainia.de\/test-bb-tickets\/wp-content\/uploads\/2020\/01\/logo-bb-entertainia.png","width":500,"height":102,"caption":"Ticket-Shop BB Entertainia"},"image":{"@id":"https:\/\/www.bb-entertainia.de\/test-bb-tickets\/#\/schema\/logo\/image\/"}}]}},"tiered_pricing_type":"fixed","tiered_pricing_fixed_rules":[],"tiered_pricing_product_settings":{"layout":"default","base_unit_name":{"singular":null,"plural":null},"default_variation":null},"tiered_pricing_minimum_quantity":1,"tiered_pricing_roles_data":[],"tiered_pricing_percentage_rules":[],"_links":{"self":[{"href":"https:\/\/www.bb-entertainia.de\/test-bb-tickets\/wp-json\/wp\/v2\/product\/94060"}],"collection":[{"href":"https:\/\/www.bb-entertainia.de\/test-bb-tickets\/wp-json\/wp\/v2\/product"}],"about":[{"href":"https:\/\/www.bb-entertainia.de\/test-bb-tickets\/wp-json\/wp\/v2\/types\/product"}],"author":[{"embeddable":true,"href":"https:\/\/www.bb-entertainia.de\/test-bb-tickets\/wp-json\/wp\/v2\/users\/1"}],"wp:featuredmedia":[{"embeddable":true,"href":"https:\/\/www.bb-entertainia.de\/test-bb-tickets\/wp-json\/wp\/v2\/media\/94264"}],"wp:attachment":[{"href":"https:\/\/www.bb-entertainia.de\/test-bb-tickets\/wp-json\/wp\/v2\/media?parent=94060"}],"wp:term":[{"taxonomy":"product_cat","embeddable":true,"href":"https:\/\/www.bb-entertainia.de\/test-bb-tickets\/wp-json\/wp\/v2\/product_cat?post=94060"},{"taxonomy":"product_tag","embeddable":true,"href":"https:\/\/www.bb-entertainia.de\/test-bb-tickets\/wp-json\/wp\/v2\/product_tag?post=94060"}],"curies":[{"name":"wp","href":"https:\/\/api.w.org\/{rel}","templated":true}]}}