{"id":93824,"date":"2024-04-05T15:25:27","date_gmt":"2024-04-05T13:25:27","guid":{"rendered":"https:\/\/www.bb-entertainia.de\/test-bb-tickets\/?post_type=product&#038;p=93824"},"modified":"2024-08-14T08:49:28","modified_gmt":"2024-08-14T06:49:28","slug":"bibi-blocksberg-alles-wie-verhext-das-musical","status":"publish","type":"product","link":"https:\/\/www.bb-entertainia.de\/test-bb-tickets\/product\/bibi-blocksberg-alles-wie-verhext-das-musical\/","title":{"rendered":"Bibi Blocksberg \u201eAlles wie verhext!\u201c \u2010 Das Musical"},"content":{"rendered":"<p>Jeder kennt das, es gibt Tage, an denen einfach alles schiefl\u00e4uft! Das f\u00e4ngt morgens schon beim Aufstehen mit dem falschen Fu\u00df an und zieht sich \u00fcber den ganzen Tag. Dann ist einfach \u201eAlles wie verhext!\u201c. Einen solchen Tag hat auch die kleine, freche Hexe Bibi Blocksberg erwischt: Schon morgens gibt es ein Riesendurcheinander mit ihren Eltern Barbara und Bernhard Blocksberg zu Hause. Und auch in der Schule will einfach gar nichts klappen. Bibis Lehrerin Frau M\u00fcller\u2010Riebensehl bringt das ganz sch\u00f6n auf die Palme! Abends ist dann auch noch Walpurgisnacht auf dem Blocksberg.<br \/>\nDieses Jahr sollen dort Bibi und Barbara Blocksberg zusammen mit Oma Grete das gro\u00dfe Hexenfeuer entfachen. Aber was wird Walpurgia, die Vorsitzende des Hexenrates blo\u00df dazu sagen, wenn dort auch alles schief l\u00e4uft?<br \/>\nDa ist richtig was los!<br \/>\nWird es den Hexen der Familie Blocksberg an diesem \u201everhexten\u201c Tag gelingen, das Walpurgisnachtfeuer wie vorgesehen zu entz\u00fcnden? Die kleinen und gro\u00dfen Hexen\u2010Fans im Saal d\u00fcrfen Bibi, ihrer Mutter und ihrer Oma sogar dabei helfen, denn bei diesem Familien\u2010Pop\u2010Musical ist Mitmachen dringend erw\u00fcnscht \u2013 gerne auch verkleidet. Kleine und gro\u00dfe Hexen in Kost\u00fcmen sind herzlich willkommen! Und wenn mit Hilfe der Kinder und aller Zuschauerinnen und Zuschauer alles gut ausgeht, wird Karla Kolumna, die rasende Reporterin aus Neustadt beruhigt schreiben k\u00f6nnen: Es WAR alles wie verhext.<\/p>\n<p>Mitrei\u00dfende Inszenierung, tolle neue Lieder und wieder einmal ganz viel \u201eHex hex!\u201c<br \/>\nDas Musical ist empfohlen f\u00fcr Kinder ab 4 Jahren.<\/p>\n<p><strong>Musical von Marcell und Tiffany G\u00f6dde<\/strong><br \/>\n<strong>Regie: Tiffany G\u00f6dde<\/strong><br \/>\n<strong>Musik: Martin de Vries<\/strong><\/p>\n","protected":false},"excerpt":{"rendered":"<p><span class=\"uF-qm _2Cofy J2pYd _2Rnds\"><span class=\"_1idsK\" data-hook=\"ev-list-item-title\">Sitzplatz, Normalpreis<br \/>\nDatum: 05.10.2024, Beginn: 14:00 Uhr<br \/>\nEinlass 13.00 Uhr<\/span><\/span><\/p>\n<p><span class=\"uF-qm _2Cofy J2pYd _2Rnds\"><span class=\"_1idsK\" data-hook=\"ev-list-item-title\"><strong>Preise \/ Person:<\/strong><br \/>\nReihen 1 bis 14: <strong>32,90 \u20ac<\/strong><br \/>\nReihen 15 bis 25: <strong>25,90 \u20ac<\/strong><br \/>\nReihen 26 bis 33: <strong>18,90 \u20ac<\/strong><\/span><\/span><\/p>\n<p><span class=\"uF-qm _2Cofy J2pYd _2Rnds\"><span class=\"_1idsK\" data-hook=\"ev-list-item-title\"><strong>Achtung, der Saal verf\u00fcgt \u00fcber Sitzpl\u00e4tze in Reihen-Bestuhlung.<\/strong><\/span><\/span><\/p>\n","protected":false},"author":1,"featured_media":93833,"template":"","meta":[],"product_cat":[123],"product_tag":[],"class_list":{"0":"post-93824","1":"product","2":"type-product","3":"status-publish","4":"has-post-thumbnail","6":"product_cat-musical","8":"first","9":"instock","10":"taxable","11":"shipping-taxable","12":"purchasable","13":"product-type-variable"},"yoast_head":"<!-- This site is optimized with the Yoast SEO plugin v23.3 - https:\/\/yoast.com\/wordpress\/plugins\/seo\/ -->\n<title>Bibi Blocksberg \u201eAlles wie verhext!\u201c \u2010 Das Musical - Ticket-Shop BB Entertainia<\/title>\n<meta name=\"robots\" content=\"index, follow, max-snippet:-1, max-image-preview:large, max-video-preview:-1\" \/>\n<link rel=\"canonical\" href=\"https:\/\/www.bb-entertainia.de\/test-bb-tickets\/product\/bibi-blocksberg-alles-wie-verhext-das-musical\/\" \/>\n<meta property=\"og:locale\" content=\"de_DE\" \/>\n<meta property=\"og:type\" content=\"article\" \/>\n<meta property=\"og:title\" content=\"Bibi Blocksberg \u201eAlles wie verhext!\u201c \u2010 Das Musical - Ticket-Shop BB Entertainia\" \/>\n<meta property=\"og:description\" content=\"Sitzplatz, Normalpreis Datum: 05.10.2024, Beginn: 14:00 Uhr Einlass 13.00 Uhr  Preise \/ Person: Reihen 1 bis 14: 32,90 \u20ac Reihen 15 bis 25: 25,90 \u20ac Reihen 26 bis 33: 18,90 \u20ac  Achtung, der Saal verf\u00fcgt \u00fcber Sitzpl\u00e4tze in Reihen-Bestuhlung.\" \/>\n<meta property=\"og:url\" content=\"https:\/\/www.bb-entertainia.de\/test-bb-tickets\/product\/bibi-blocksberg-alles-wie-verhext-das-musical\/\" \/>\n<meta property=\"og:site_name\" content=\"Ticket-Shop BB Entertainia\" \/>\n<meta property=\"article:modified_time\" content=\"2024-08-14T06:49:28+00:00\" \/>\n<meta property=\"og:image\" content=\"https:\/\/www.bb-entertainia.de\/test-bb-tickets\/wp-content\/uploads\/sh-Bibi-Blocksberg-das-musical.jpg\" \/>\n\t<meta property=\"og:image:width\" content=\"1000\" \/>\n\t<meta property=\"og:image:height\" content=\"1000\" \/>\n\t<meta property=\"og:image:type\" content=\"image\/jpeg\" \/>\n<meta name=\"twitter:card\" content=\"summary_large_image\" \/>\n<meta name=\"twitter:label1\" content=\"Gesch\u00e4tzte Lesezeit\" \/>\n\t<meta name=\"twitter:data1\" content=\"2\u00a0Minuten\" \/>\n<script type=\"application\/ld+json\" class=\"yoast-schema-graph\">{\"@context\":\"https:\/\/schema.org\",\"@graph\":[{\"@type\":\"WebPage\",\"@id\":\"https:\/\/www.bb-entertainia.de\/test-bb-tickets\/product\/bibi-blocksberg-alles-wie-verhext-das-musical\/\",\"url\":\"https:\/\/www.bb-entertainia.de\/test-bb-tickets\/product\/bibi-blocksberg-alles-wie-verhext-das-musical\/\",\"name\":\"Bibi Blocksberg \u201eAlles wie verhext!\u201c \u2010 Das Musical - Ticket-Shop BB Entertainia\",\"isPartOf\":{\"@id\":\"https:\/\/www.bb-entertainia.de\/test-bb-tickets\/#website\"},\"primaryImageOfPage\":{\"@id\":\"https:\/\/www.bb-entertainia.de\/test-bb-tickets\/product\/bibi-blocksberg-alles-wie-verhext-das-musical\/#primaryimage\"},\"image\":{\"@id\":\"https:\/\/www.bb-entertainia.de\/test-bb-tickets\/product\/bibi-blocksberg-alles-wie-verhext-das-musical\/#primaryimage\"},\"thumbnailUrl\":\"https:\/\/www.bb-entertainia.de\/test-bb-tickets\/wp-content\/uploads\/sh-Bibi-Blocksberg-das-musical.jpg\",\"datePublished\":\"2024-04-05T13:25:27+00:00\",\"dateModified\":\"2024-08-14T06:49:28+00:00\",\"breadcrumb\":{\"@id\":\"https:\/\/www.bb-entertainia.de\/test-bb-tickets\/product\/bibi-blocksberg-alles-wie-verhext-das-musical\/#breadcrumb\"},\"inLanguage\":\"de\",\"potentialAction\":[{\"@type\":\"ReadAction\",\"target\":[\"https:\/\/www.bb-entertainia.de\/test-bb-tickets\/product\/bibi-blocksberg-alles-wie-verhext-das-musical\/\"]}]},{\"@type\":\"ImageObject\",\"inLanguage\":\"de\",\"@id\":\"https:\/\/www.bb-entertainia.de\/test-bb-tickets\/product\/bibi-blocksberg-alles-wie-verhext-das-musical\/#primaryimage\",\"url\":\"https:\/\/www.bb-entertainia.de\/test-bb-tickets\/wp-content\/uploads\/sh-Bibi-Blocksberg-das-musical.jpg\",\"contentUrl\":\"https:\/\/www.bb-entertainia.de\/test-bb-tickets\/wp-content\/uploads\/sh-Bibi-Blocksberg-das-musical.jpg\",\"width\":1000,\"height\":1000},{\"@type\":\"BreadcrumbList\",\"@id\":\"https:\/\/www.bb-entertainia.de\/test-bb-tickets\/product\/bibi-blocksberg-alles-wie-verhext-das-musical\/#breadcrumb\",\"itemListElement\":[{\"@type\":\"ListItem\",\"position\":1,\"name\":\"Home\",\"item\":\"https:\/\/www.bb-entertainia.de\/test-bb-tickets\/\"},{\"@type\":\"ListItem\",\"position\":2,\"name\":\"Tickets\",\"item\":\"https:\/\/www.bb-entertainia.de\/test-bb-tickets\/\"},{\"@type\":\"ListItem\",\"position\":3,\"name\":\"Bibi Blocksberg \u201eAlles wie verhext!\u201c \u2010 Das Musical\"}]},{\"@type\":\"WebSite\",\"@id\":\"https:\/\/www.bb-entertainia.de\/test-bb-tickets\/#website\",\"url\":\"https:\/\/www.bb-entertainia.de\/test-bb-tickets\/\",\"name\":\"Ticket-Shop BB Entertainia\",\"description\":\"\",\"publisher\":{\"@id\":\"https:\/\/www.bb-entertainia.de\/test-bb-tickets\/#organization\"},\"potentialAction\":[{\"@type\":\"SearchAction\",\"target\":{\"@type\":\"EntryPoint\",\"urlTemplate\":\"https:\/\/www.bb-entertainia.de\/test-bb-tickets\/?s={search_term_string}\"},\"query-input\":\"required name=search_term_string\"}],\"inLanguage\":\"de\"},{\"@type\":\"Organization\",\"@id\":\"https:\/\/www.bb-entertainia.de\/test-bb-tickets\/#organization\",\"name\":\"Ticket-Shop BB Entertainia\",\"url\":\"https:\/\/www.bb-entertainia.de\/test-bb-tickets\/\",\"logo\":{\"@type\":\"ImageObject\",\"inLanguage\":\"de\",\"@id\":\"https:\/\/www.bb-entertainia.de\/test-bb-tickets\/#\/schema\/logo\/image\/\",\"url\":\"https:\/\/www.bb-entertainia.de\/test-bb-tickets\/wp-content\/uploads\/2020\/01\/logo-bb-entertainia.png\",\"contentUrl\":\"https:\/\/www.bb-entertainia.de\/test-bb-tickets\/wp-content\/uploads\/2020\/01\/logo-bb-entertainia.png\",\"width\":500,\"height\":102,\"caption\":\"Ticket-Shop BB Entertainia\"},\"image\":{\"@id\":\"https:\/\/www.bb-entertainia.de\/test-bb-tickets\/#\/schema\/logo\/image\/\"}}]}<\/script>\n<!-- \/ Yoast SEO plugin. -->","yoast_head_json":{"title":"Bibi Blocksberg \u201eAlles wie verhext!\u201c \u2010 Das Musical - Ticket-Shop BB Entertainia","robots":{"index":"index","follow":"follow","max-snippet":"max-snippet:-1","max-image-preview":"max-image-preview:large","max-video-preview":"max-video-preview:-1"},"canonical":"https:\/\/www.bb-entertainia.de\/test-bb-tickets\/product\/bibi-blocksberg-alles-wie-verhext-das-musical\/","og_locale":"de_DE","og_type":"article","og_title":"Bibi Blocksberg \u201eAlles wie verhext!\u201c \u2010 Das Musical - Ticket-Shop BB Entertainia","og_description":"Sitzplatz, Normalpreis Datum: 05.10.2024, Beginn: 14:00 Uhr Einlass 13.00 Uhr  Preise \/ Person: Reihen 1 bis 14: 32,90 \u20ac Reihen 15 bis 25: 25,90 \u20ac Reihen 26 bis 33: 18,90 \u20ac  Achtung, der Saal verf\u00fcgt \u00fcber Sitzpl\u00e4tze in Reihen-Bestuhlung.","og_url":"https:\/\/www.bb-entertainia.de\/test-bb-tickets\/product\/bibi-blocksberg-alles-wie-verhext-das-musical\/","og_site_name":"Ticket-Shop BB Entertainia","article_modified_time":"2024-08-14T06:49:28+00:00","og_image":[{"width":1000,"height":1000,"url":"https:\/\/www.bb-entertainia.de\/test-bb-tickets\/wp-content\/uploads\/sh-Bibi-Blocksberg-das-musical.jpg","type":"image\/jpeg"}],"twitter_card":"summary_large_image","twitter_misc":{"Gesch\u00e4tzte Lesezeit":"2\u00a0Minuten"},"schema":{"@context":"https:\/\/schema.org","@graph":[{"@type":"WebPage","@id":"https:\/\/www.bb-entertainia.de\/test-bb-tickets\/product\/bibi-blocksberg-alles-wie-verhext-das-musical\/","url":"https:\/\/www.bb-entertainia.de\/test-bb-tickets\/product\/bibi-blocksberg-alles-wie-verhext-das-musical\/","name":"Bibi Blocksberg \u201eAlles wie verhext!\u201c \u2010 Das Musical - Ticket-Shop BB Entertainia","isPartOf":{"@id":"https:\/\/www.bb-entertainia.de\/test-bb-tickets\/#website"},"primaryImageOfPage":{"@id":"https:\/\/www.bb-entertainia.de\/test-bb-tickets\/product\/bibi-blocksberg-alles-wie-verhext-das-musical\/#primaryimage"},"image":{"@id":"https:\/\/www.bb-entertainia.de\/test-bb-tickets\/product\/bibi-blocksberg-alles-wie-verhext-das-musical\/#primaryimage"},"thumbnailUrl":"https:\/\/www.bb-entertainia.de\/test-bb-tickets\/wp-content\/uploads\/sh-Bibi-Blocksberg-das-musical.jpg","datePublished":"2024-04-05T13:25:27+00:00","dateModified":"2024-08-14T06:49:28+00:00","breadcrumb":{"@id":"https:\/\/www.bb-entertainia.de\/test-bb-tickets\/product\/bibi-blocksberg-alles-wie-verhext-das-musical\/#breadcrumb"},"inLanguage":"de","potentialAction":[{"@type":"ReadAction","target":["https:\/\/www.bb-entertainia.de\/test-bb-tickets\/product\/bibi-blocksberg-alles-wie-verhext-das-musical\/"]}]},{"@type":"ImageObject","inLanguage":"de","@id":"https:\/\/www.bb-entertainia.de\/test-bb-tickets\/product\/bibi-blocksberg-alles-wie-verhext-das-musical\/#primaryimage","url":"https:\/\/www.bb-entertainia.de\/test-bb-tickets\/wp-content\/uploads\/sh-Bibi-Blocksberg-das-musical.jpg","contentUrl":"https:\/\/www.bb-entertainia.de\/test-bb-tickets\/wp-content\/uploads\/sh-Bibi-Blocksberg-das-musical.jpg","width":1000,"height":1000},{"@type":"BreadcrumbList","@id":"https:\/\/www.bb-entertainia.de\/test-bb-tickets\/product\/bibi-blocksberg-alles-wie-verhext-das-musical\/#breadcrumb","itemListElement":[{"@type":"ListItem","position":1,"name":"Home","item":"https:\/\/www.bb-entertainia.de\/test-bb-tickets\/"},{"@type":"ListItem","position":2,"name":"Tickets","item":"https:\/\/www.bb-entertainia.de\/test-bb-tickets\/"},{"@type":"ListItem","position":3,"name":"Bibi Blocksberg \u201eAlles wie verhext!\u201c \u2010 Das Musical"}]},{"@type":"WebSite","@id":"https:\/\/www.bb-entertainia.de\/test-bb-tickets\/#website","url":"https:\/\/www.bb-entertainia.de\/test-bb-tickets\/","name":"Ticket-Shop BB Entertainia","description":"","publisher":{"@id":"https:\/\/www.bb-entertainia.de\/test-bb-tickets\/#organization"},"potentialAction":[{"@type":"SearchAction","target":{"@type":"EntryPoint","urlTemplate":"https:\/\/www.bb-entertainia.de\/test-bb-tickets\/?s={search_term_string}"},"query-input":"required name=search_term_string"}],"inLanguage":"de"},{"@type":"Organization","@id":"https:\/\/www.bb-entertainia.de\/test-bb-tickets\/#organization","name":"Ticket-Shop BB Entertainia","url":"https:\/\/www.bb-entertainia.de\/test-bb-tickets\/","logo":{"@type":"ImageObject","inLanguage":"de","@id":"https:\/\/www.bb-entertainia.de\/test-bb-tickets\/#\/schema\/logo\/image\/","url":"https:\/\/www.bb-entertainia.de\/test-bb-tickets\/wp-content\/uploads\/2020\/01\/logo-bb-entertainia.png","contentUrl":"https:\/\/www.bb-entertainia.de\/test-bb-tickets\/wp-content\/uploads\/2020\/01\/logo-bb-entertainia.png","width":500,"height":102,"caption":"Ticket-Shop BB Entertainia"},"image":{"@id":"https:\/\/www.bb-entertainia.de\/test-bb-tickets\/#\/schema\/logo\/image\/"}}]}},"tiered_pricing_type":"fixed","tiered_pricing_fixed_rules":[],"tiered_pricing_product_settings":{"layout":"default","base_unit_name":{"singular":null,"plural":null},"default_variation":null},"tiered_pricing_minimum_quantity":1,"tiered_pricing_roles_data":[],"tiered_pricing_percentage_rules":[],"_links":{"self":[{"href":"https:\/\/www.bb-entertainia.de\/test-bb-tickets\/wp-json\/wp\/v2\/product\/93824"}],"collection":[{"href":"https:\/\/www.bb-entertainia.de\/test-bb-tickets\/wp-json\/wp\/v2\/product"}],"about":[{"href":"https:\/\/www.bb-entertainia.de\/test-bb-tickets\/wp-json\/wp\/v2\/types\/product"}],"author":[{"embeddable":true,"href":"https:\/\/www.bb-entertainia.de\/test-bb-tickets\/wp-json\/wp\/v2\/users\/1"}],"wp:featuredmedia":[{"embeddable":true,"href":"https:\/\/www.bb-entertainia.de\/test-bb-tickets\/wp-json\/wp\/v2\/media\/93833"}],"wp:attachment":[{"href":"https:\/\/www.bb-entertainia.de\/test-bb-tickets\/wp-json\/wp\/v2\/media?parent=93824"}],"wp:term":[{"taxonomy":"product_cat","embeddable":true,"href":"https:\/\/www.bb-entertainia.de\/test-bb-tickets\/wp-json\/wp\/v2\/product_cat?post=93824"},{"taxonomy":"product_tag","embeddable":true,"href":"https:\/\/www.bb-entertainia.de\/test-bb-tickets\/wp-json\/wp\/v2\/product_tag?post=93824"}],"curies":[{"name":"wp","href":"https:\/\/api.w.org\/{rel}","templated":true}]}}