{"id":90792,"date":"2024-03-18T09:42:22","date_gmt":"2024-03-18T08:42:22","guid":{"rendered":"https:\/\/www.bb-entertainia.de\/test-bb-tickets\/?post_type=product&#038;p=90792"},"modified":"2024-07-28T12:25:34","modified_gmt":"2024-07-28T10:25:34","slug":"kissintime-tribute-to-kiss","status":"publish","type":"product","link":"https:\/\/www.bb-entertainia.de\/test-bb-tickets\/product\/kissintime-tribute-to-kiss\/","title":{"rendered":"Kissin&#8217;time &#8211; Tribute to Kiss"},"content":{"rendered":"<h3>The hottest KISS Tribute Band in the World rockt den Lokschuppen!<\/h3>\n<p>Sie spielen seit 30 Jahren KISS von Fans f\u00fcr Fans, denn sie teilen die Musik und die Leidenschaft f\u00fcr die &#8220;hottest Band in the world&#8221; mit dem Publikum.<\/p>\n<p>Mit in kleinster Detailarbeit nachgebauten Kost\u00fcmen und Instrumenten, nehmen sie euch mit auf eine musikalische Zeitreise durch die Geschichte von KISS.<\/p>\n<p>Die vier weltbekannten geschminkten Gesichter, eine B\u00fchnenshow mit Feuer, brennender Gitarre und Funkenregen, auf Plateau-Schuhen in die Welt! Kissin&#8217; Time\u00a0 bieten eine original KISS Show zum anfassen!<\/p>\n<p>Antrieb, Motor und Kapit\u00e4n Thorsten Sch\u00fctz (voc,g) hat die Deutsche Musikszene abgesucht und dabei eine &#8220;Family&#8221; auf die Beine gestellt, die nicht nur die dienst\u00e4lteste und wirklich beste KISS Tribute Band Deutschlands, sondern gemessen am Durchschnittsalter der Mitglieder auch die j\u00fcngste ist.<\/p>\n","protected":false},"excerpt":{"rendered":"<p><span class=\"uF-qm _2Cofy J2pYd _2Rnds\"><span class=\"_1idsK\" data-hook=\"ev-list-item-title\">Normalpreis<br \/>\nDatum: 25.10.2024, Beginn: 20:00 Uhr<br \/>\nEinlass 19.00 Uhr<br \/>\n<\/span><\/span><\/p>\n<p><span class=\"uF-qm _2Cofy J2pYd _2Rnds\"><span class=\"_1idsK\" data-hook=\"ev-list-item-title\"><strong>Preise \/ Person:<\/strong><br \/>\nReihen 1 bis 16: <strong>34,- \u20ac<\/strong><br \/>\nReihen 17 bis 28: <strong>29,- \u20ac<\/strong><br \/>\nReihen 29 bis 40: <strong>22,- \u20ac<br \/>\n<\/strong>Stehplatz: <strong>25,- \u20ac<br \/>\n<\/strong><\/span><\/span><\/p>\n<p><span class=\"uF-qm _2Cofy J2pYd _2Rnds\"><span class=\"_1idsK\" data-hook=\"ev-list-item-title\"><strong>Achtung, der Saal verf\u00fcgt \u00fcber Stehpl\u00e4tze und Sitzpl\u00e4tze in Event-Tisch-Bestuhlung, bestehend jeweils aus einem Event-Tisch mit mit 8 oder 16 Sitzpl\u00e4tzen.<br \/>\n.<\/strong><\/span><\/span><\/p>\n","protected":false},"author":1,"featured_media":90800,"template":"","meta":[],"product_cat":[61],"product_tag":[],"class_list":{"0":"post-90792","1":"product","2":"type-product","3":"status-publish","4":"has-post-thumbnail","6":"product_cat-konzert","8":"first","9":"instock","10":"taxable","11":"shipping-taxable","12":"purchasable","13":"product-type-variable"},"yoast_head":"<!-- This site is optimized with the Yoast SEO plugin v23.3 - https:\/\/yoast.com\/wordpress\/plugins\/seo\/ -->\n<title>Kissin&#039;time - Tribute to Kiss - Ticket-Shop BB Entertainia<\/title>\n<meta name=\"robots\" content=\"index, follow, max-snippet:-1, max-image-preview:large, max-video-preview:-1\" \/>\n<link rel=\"canonical\" href=\"https:\/\/www.bb-entertainia.de\/test-bb-tickets\/product\/kissintime-tribute-to-kiss\/\" \/>\n<meta property=\"og:locale\" content=\"de_DE\" \/>\n<meta property=\"og:type\" content=\"article\" \/>\n<meta property=\"og:title\" content=\"Kissin&#039;time - Tribute to Kiss - Ticket-Shop BB Entertainia\" \/>\n<meta property=\"og:description\" content=\"Normalpreis Datum: 25.10.2024, Beginn: 20:00 Uhr Einlass 19.00 Uhr   Preise \/ Person: Reihen 1 bis 16: 34,- \u20ac Reihen 17 bis 28: 29,- \u20ac Reihen 29 bis 40: 22,- \u20ac Stehplatz: 25,- \u20ac   Achtung, der Saal verf\u00fcgt \u00fcber Stehpl\u00e4tze und Sitzpl\u00e4tze in Event-Tisch-Bestuhlung, bestehend jeweils aus einem Event-Tisch mit mit 8 oder 16 Sitzpl\u00e4tzen. .\" \/>\n<meta property=\"og:url\" content=\"https:\/\/www.bb-entertainia.de\/test-bb-tickets\/product\/kissintime-tribute-to-kiss\/\" \/>\n<meta property=\"og:site_name\" content=\"Ticket-Shop BB Entertainia\" \/>\n<meta property=\"article:modified_time\" content=\"2024-07-28T10:25:34+00:00\" \/>\n<meta property=\"og:image\" content=\"https:\/\/www.bb-entertainia.de\/test-bb-tickets\/wp-content\/uploads\/sh-kiss-in-time-kiss-tribute.jpg\" \/>\n\t<meta property=\"og:image:width\" content=\"1000\" \/>\n\t<meta property=\"og:image:height\" content=\"1000\" \/>\n\t<meta property=\"og:image:type\" content=\"image\/jpeg\" \/>\n<meta name=\"twitter:card\" content=\"summary_large_image\" \/>\n<meta name=\"twitter:label1\" content=\"Gesch\u00e4tzte Lesezeit\" \/>\n\t<meta name=\"twitter:data1\" content=\"1\u00a0Minute\" \/>\n<script type=\"application\/ld+json\" class=\"yoast-schema-graph\">{\"@context\":\"https:\/\/schema.org\",\"@graph\":[{\"@type\":\"WebPage\",\"@id\":\"https:\/\/www.bb-entertainia.de\/test-bb-tickets\/product\/kissintime-tribute-to-kiss\/\",\"url\":\"https:\/\/www.bb-entertainia.de\/test-bb-tickets\/product\/kissintime-tribute-to-kiss\/\",\"name\":\"Kissin'time - Tribute to Kiss - Ticket-Shop BB Entertainia\",\"isPartOf\":{\"@id\":\"https:\/\/www.bb-entertainia.de\/test-bb-tickets\/#website\"},\"primaryImageOfPage\":{\"@id\":\"https:\/\/www.bb-entertainia.de\/test-bb-tickets\/product\/kissintime-tribute-to-kiss\/#primaryimage\"},\"image\":{\"@id\":\"https:\/\/www.bb-entertainia.de\/test-bb-tickets\/product\/kissintime-tribute-to-kiss\/#primaryimage\"},\"thumbnailUrl\":\"https:\/\/www.bb-entertainia.de\/test-bb-tickets\/wp-content\/uploads\/sh-kiss-in-time-kiss-tribute.jpg\",\"datePublished\":\"2024-03-18T08:42:22+00:00\",\"dateModified\":\"2024-07-28T10:25:34+00:00\",\"breadcrumb\":{\"@id\":\"https:\/\/www.bb-entertainia.de\/test-bb-tickets\/product\/kissintime-tribute-to-kiss\/#breadcrumb\"},\"inLanguage\":\"de\",\"potentialAction\":[{\"@type\":\"ReadAction\",\"target\":[\"https:\/\/www.bb-entertainia.de\/test-bb-tickets\/product\/kissintime-tribute-to-kiss\/\"]}]},{\"@type\":\"ImageObject\",\"inLanguage\":\"de\",\"@id\":\"https:\/\/www.bb-entertainia.de\/test-bb-tickets\/product\/kissintime-tribute-to-kiss\/#primaryimage\",\"url\":\"https:\/\/www.bb-entertainia.de\/test-bb-tickets\/wp-content\/uploads\/sh-kiss-in-time-kiss-tribute.jpg\",\"contentUrl\":\"https:\/\/www.bb-entertainia.de\/test-bb-tickets\/wp-content\/uploads\/sh-kiss-in-time-kiss-tribute.jpg\",\"width\":1000,\"height\":1000},{\"@type\":\"BreadcrumbList\",\"@id\":\"https:\/\/www.bb-entertainia.de\/test-bb-tickets\/product\/kissintime-tribute-to-kiss\/#breadcrumb\",\"itemListElement\":[{\"@type\":\"ListItem\",\"position\":1,\"name\":\"Home\",\"item\":\"https:\/\/www.bb-entertainia.de\/test-bb-tickets\/\"},{\"@type\":\"ListItem\",\"position\":2,\"name\":\"Tickets\",\"item\":\"https:\/\/www.bb-entertainia.de\/test-bb-tickets\/\"},{\"@type\":\"ListItem\",\"position\":3,\"name\":\"Kissin&#8217;time &#8211; Tribute to Kiss\"}]},{\"@type\":\"WebSite\",\"@id\":\"https:\/\/www.bb-entertainia.de\/test-bb-tickets\/#website\",\"url\":\"https:\/\/www.bb-entertainia.de\/test-bb-tickets\/\",\"name\":\"Ticket-Shop BB Entertainia\",\"description\":\"\",\"publisher\":{\"@id\":\"https:\/\/www.bb-entertainia.de\/test-bb-tickets\/#organization\"},\"potentialAction\":[{\"@type\":\"SearchAction\",\"target\":{\"@type\":\"EntryPoint\",\"urlTemplate\":\"https:\/\/www.bb-entertainia.de\/test-bb-tickets\/?s={search_term_string}\"},\"query-input\":\"required name=search_term_string\"}],\"inLanguage\":\"de\"},{\"@type\":\"Organization\",\"@id\":\"https:\/\/www.bb-entertainia.de\/test-bb-tickets\/#organization\",\"name\":\"Ticket-Shop BB Entertainia\",\"url\":\"https:\/\/www.bb-entertainia.de\/test-bb-tickets\/\",\"logo\":{\"@type\":\"ImageObject\",\"inLanguage\":\"de\",\"@id\":\"https:\/\/www.bb-entertainia.de\/test-bb-tickets\/#\/schema\/logo\/image\/\",\"url\":\"https:\/\/www.bb-entertainia.de\/test-bb-tickets\/wp-content\/uploads\/2020\/01\/logo-bb-entertainia.png\",\"contentUrl\":\"https:\/\/www.bb-entertainia.de\/test-bb-tickets\/wp-content\/uploads\/2020\/01\/logo-bb-entertainia.png\",\"width\":500,\"height\":102,\"caption\":\"Ticket-Shop BB Entertainia\"},\"image\":{\"@id\":\"https:\/\/www.bb-entertainia.de\/test-bb-tickets\/#\/schema\/logo\/image\/\"}}]}<\/script>\n<!-- \/ Yoast SEO plugin. -->","yoast_head_json":{"title":"Kissin'time - Tribute to Kiss - Ticket-Shop BB Entertainia","robots":{"index":"index","follow":"follow","max-snippet":"max-snippet:-1","max-image-preview":"max-image-preview:large","max-video-preview":"max-video-preview:-1"},"canonical":"https:\/\/www.bb-entertainia.de\/test-bb-tickets\/product\/kissintime-tribute-to-kiss\/","og_locale":"de_DE","og_type":"article","og_title":"Kissin'time - Tribute to Kiss - Ticket-Shop BB Entertainia","og_description":"Normalpreis Datum: 25.10.2024, Beginn: 20:00 Uhr Einlass 19.00 Uhr   Preise \/ Person: Reihen 1 bis 16: 34,- \u20ac Reihen 17 bis 28: 29,- \u20ac Reihen 29 bis 40: 22,- \u20ac Stehplatz: 25,- \u20ac   Achtung, der Saal verf\u00fcgt \u00fcber Stehpl\u00e4tze und Sitzpl\u00e4tze in Event-Tisch-Bestuhlung, bestehend jeweils aus einem Event-Tisch mit mit 8 oder 16 Sitzpl\u00e4tzen. .","og_url":"https:\/\/www.bb-entertainia.de\/test-bb-tickets\/product\/kissintime-tribute-to-kiss\/","og_site_name":"Ticket-Shop BB Entertainia","article_modified_time":"2024-07-28T10:25:34+00:00","og_image":[{"width":1000,"height":1000,"url":"https:\/\/www.bb-entertainia.de\/test-bb-tickets\/wp-content\/uploads\/sh-kiss-in-time-kiss-tribute.jpg","type":"image\/jpeg"}],"twitter_card":"summary_large_image","twitter_misc":{"Gesch\u00e4tzte Lesezeit":"1\u00a0Minute"},"schema":{"@context":"https:\/\/schema.org","@graph":[{"@type":"WebPage","@id":"https:\/\/www.bb-entertainia.de\/test-bb-tickets\/product\/kissintime-tribute-to-kiss\/","url":"https:\/\/www.bb-entertainia.de\/test-bb-tickets\/product\/kissintime-tribute-to-kiss\/","name":"Kissin'time - Tribute to Kiss - Ticket-Shop BB Entertainia","isPartOf":{"@id":"https:\/\/www.bb-entertainia.de\/test-bb-tickets\/#website"},"primaryImageOfPage":{"@id":"https:\/\/www.bb-entertainia.de\/test-bb-tickets\/product\/kissintime-tribute-to-kiss\/#primaryimage"},"image":{"@id":"https:\/\/www.bb-entertainia.de\/test-bb-tickets\/product\/kissintime-tribute-to-kiss\/#primaryimage"},"thumbnailUrl":"https:\/\/www.bb-entertainia.de\/test-bb-tickets\/wp-content\/uploads\/sh-kiss-in-time-kiss-tribute.jpg","datePublished":"2024-03-18T08:42:22+00:00","dateModified":"2024-07-28T10:25:34+00:00","breadcrumb":{"@id":"https:\/\/www.bb-entertainia.de\/test-bb-tickets\/product\/kissintime-tribute-to-kiss\/#breadcrumb"},"inLanguage":"de","potentialAction":[{"@type":"ReadAction","target":["https:\/\/www.bb-entertainia.de\/test-bb-tickets\/product\/kissintime-tribute-to-kiss\/"]}]},{"@type":"ImageObject","inLanguage":"de","@id":"https:\/\/www.bb-entertainia.de\/test-bb-tickets\/product\/kissintime-tribute-to-kiss\/#primaryimage","url":"https:\/\/www.bb-entertainia.de\/test-bb-tickets\/wp-content\/uploads\/sh-kiss-in-time-kiss-tribute.jpg","contentUrl":"https:\/\/www.bb-entertainia.de\/test-bb-tickets\/wp-content\/uploads\/sh-kiss-in-time-kiss-tribute.jpg","width":1000,"height":1000},{"@type":"BreadcrumbList","@id":"https:\/\/www.bb-entertainia.de\/test-bb-tickets\/product\/kissintime-tribute-to-kiss\/#breadcrumb","itemListElement":[{"@type":"ListItem","position":1,"name":"Home","item":"https:\/\/www.bb-entertainia.de\/test-bb-tickets\/"},{"@type":"ListItem","position":2,"name":"Tickets","item":"https:\/\/www.bb-entertainia.de\/test-bb-tickets\/"},{"@type":"ListItem","position":3,"name":"Kissin&#8217;time &#8211; Tribute to Kiss"}]},{"@type":"WebSite","@id":"https:\/\/www.bb-entertainia.de\/test-bb-tickets\/#website","url":"https:\/\/www.bb-entertainia.de\/test-bb-tickets\/","name":"Ticket-Shop BB Entertainia","description":"","publisher":{"@id":"https:\/\/www.bb-entertainia.de\/test-bb-tickets\/#organization"},"potentialAction":[{"@type":"SearchAction","target":{"@type":"EntryPoint","urlTemplate":"https:\/\/www.bb-entertainia.de\/test-bb-tickets\/?s={search_term_string}"},"query-input":"required name=search_term_string"}],"inLanguage":"de"},{"@type":"Organization","@id":"https:\/\/www.bb-entertainia.de\/test-bb-tickets\/#organization","name":"Ticket-Shop BB Entertainia","url":"https:\/\/www.bb-entertainia.de\/test-bb-tickets\/","logo":{"@type":"ImageObject","inLanguage":"de","@id":"https:\/\/www.bb-entertainia.de\/test-bb-tickets\/#\/schema\/logo\/image\/","url":"https:\/\/www.bb-entertainia.de\/test-bb-tickets\/wp-content\/uploads\/2020\/01\/logo-bb-entertainia.png","contentUrl":"https:\/\/www.bb-entertainia.de\/test-bb-tickets\/wp-content\/uploads\/2020\/01\/logo-bb-entertainia.png","width":500,"height":102,"caption":"Ticket-Shop BB Entertainia"},"image":{"@id":"https:\/\/www.bb-entertainia.de\/test-bb-tickets\/#\/schema\/logo\/image\/"}}]}},"tiered_pricing_type":"fixed","tiered_pricing_fixed_rules":[],"tiered_pricing_product_settings":{"layout":"default","base_unit_name":{"singular":null,"plural":null},"default_variation":null},"tiered_pricing_minimum_quantity":1,"tiered_pricing_roles_data":[],"tiered_pricing_percentage_rules":[],"_links":{"self":[{"href":"https:\/\/www.bb-entertainia.de\/test-bb-tickets\/wp-json\/wp\/v2\/product\/90792"}],"collection":[{"href":"https:\/\/www.bb-entertainia.de\/test-bb-tickets\/wp-json\/wp\/v2\/product"}],"about":[{"href":"https:\/\/www.bb-entertainia.de\/test-bb-tickets\/wp-json\/wp\/v2\/types\/product"}],"author":[{"embeddable":true,"href":"https:\/\/www.bb-entertainia.de\/test-bb-tickets\/wp-json\/wp\/v2\/users\/1"}],"wp:featuredmedia":[{"embeddable":true,"href":"https:\/\/www.bb-entertainia.de\/test-bb-tickets\/wp-json\/wp\/v2\/media\/90800"}],"wp:attachment":[{"href":"https:\/\/www.bb-entertainia.de\/test-bb-tickets\/wp-json\/wp\/v2\/media?parent=90792"}],"wp:term":[{"taxonomy":"product_cat","embeddable":true,"href":"https:\/\/www.bb-entertainia.de\/test-bb-tickets\/wp-json\/wp\/v2\/product_cat?post=90792"},{"taxonomy":"product_tag","embeddable":true,"href":"https:\/\/www.bb-entertainia.de\/test-bb-tickets\/wp-json\/wp\/v2\/product_tag?post=90792"}],"curies":[{"name":"wp","href":"https:\/\/api.w.org\/{rel}","templated":true}]}}