{"id":89973,"date":"2024-03-15T07:49:16","date_gmt":"2024-03-15T06:49:16","guid":{"rendered":"https:\/\/www.bb-entertainia.de\/test-bb-tickets\/?post_type=product&#038;p=89973"},"modified":"2024-08-12T21:13:29","modified_gmt":"2024-08-12T19:13:29","slug":"die-ultimative-jubilaeums-gala-show-zum-10-abba-konzert-im-lokschuppen","status":"publish","type":"product","link":"https:\/\/www.bb-entertainia.de\/test-bb-tickets\/product\/die-ultimative-jubilaeums-gala-show-zum-10-abba-konzert-im-lokschuppen\/","title":{"rendered":"DIE ULTIMATIVE JUBIL\u00c4UMS-GALA-SHOW zum 10. ABBA Konzert im Lokschuppen"},"content":{"rendered":"<h3>DIE ULTIMATIVE JUBIL\u00c4UMS-GALA-SHOW<br \/>\nZum 10. ABBA Konzert im Lokschuppen am Freitag, den 15. November 2024<\/h3>\n<p><strong>Die unglaubliche Erfolgsstory von ABBA im Lokschuppen geht weiter. Nach mittlerweile 9 ausverkauften Shows in nur zweieinhalb Jahren im Lokschuppen, kommt es nun zur ultimativen 10. Jubil\u00e4ums-Gala-Show. F\u00fcr dieses einmalige Jubil\u00e4um haben wir mit ABBA eine tats\u00e4chlich einmalige und in dieser Form in ganz Deutschland noch nie dagewesene Jubil\u00e4ums-Gala-Show entwickelt.<\/strong><\/p>\n<p>F\u00fcr die Jubil\u00e4ums-Show wird die Band erweitert auf 13 Musiker inklusive Streicher und Bl\u00e4ser. Eine extrem authentische Show, die der letzten ABBA-Tournee in den 80ern extrem nahe kommt.<\/p>\n<p>Dazu wurde extra f\u00fcr die Jubil\u00e4ums-Gala eine einzigartige Light-Show entwickelt, welche selbst die der letzten Original-Tour in den 80ern \u00fcbertreffen wird, da es solche M\u00f6glichkeiten damals noch gar nicht gab.<\/p>\n<p>Dazu haben wir uns mit der Band noch jede Menge \u00dcberraschungen ausgedacht, die aber auch \u00dcberraschungen bleiben sollen.<\/p>\n<p>In jedem Falle lohnt sich diese Jubil\u00e4ums-Gala-Show f\u00fcr jeden ABBA-Fan und auch allen, die bereits einmal bei ABBA im Lokschuppen waren, da es sich um eine komplett neuartige GALA-SHOW handelt.<\/p>\n<p>NOBLE COMPOSITION steht f\u00fcr eine Formation aus professionellen Live- und Studiomusikern der nationalen und internationalen Musikszene, die zu den erfolgreichsten Bands und Orchester in Europa z\u00e4hlen.<br \/>\nIm Mittelpunkt der &#8220;ABBA Tribute \u2013 Show\u201c stehen die S\u00e4ngerinnen Linda Mikulec (Agnetha) und Simone Kerchner (Anni Frid). Beide S\u00e4ngerinnen haben sich einen eigenen Namen in der nationalen und internationalen Musikbranche geschaffen und stehen \/ standen mit vielen nationalen und internationalen K\u00fcnstlern auf der B\u00fchne. Den Part von Bj\u00f6rn \u00fcbernimmt Florian Brettschneider, der mehrfach nationale und internationale Wettbewerbe als Gitarrist gewonnen hat. Benny wird von DD D\u00f6hrn am Piano \u00fcbernommen und ist ein fester Bestandteil in s\u00e4mtlichen Besetzungen von \u201cNoble Composition\u201c. Komplementiert wird die Band durch Bandleader und Drummer Thomas Bleser, der zu den bekanntesten \u201cAllround-Drummern\u201c in Deutschland z\u00e4hlt, sowie \u201cBASSPROFESSOR\u201c Andreas D\u00fcro (Bass).<\/p>\n<p>Mit der erweiterten Band auf 13 Musiker und der extra f\u00fcr diese Jubil\u00e4ums-Show konzipierten einzigartigen Lightshow wird eine v\u00f6llig mitrei\u00dfende Show entstehen, die zwar mit den gewohnten Stimmen, die ganz nah am Original sind, f\u00fcr gewohnte Qualit\u00e4t sorgen, jedoch mit der erweiterten Band und der Special-Light-Show, den vielen \u00dcberraschungen und der speziellen ABBA-B\u00fchne, f\u00fcr ein komplett neues und EINZIGARTIGES ABBA-Feeling bei dieser Jubil\u00e4ums-Gala sorgen. Ein neuartiges Erlebnis, dass es in dieser Form in ganz Deutschland einzigartig ausschlie\u00dflich in Bebra im Lokschuppen zu erleben geben wird bei unserer ULTIMATIVEN 10. ABBA JUBIL\u00c4UMS-GALA-SHOW.<\/p>\n<p>&nbsp;<\/p>\n","protected":false},"excerpt":{"rendered":"<p><span class=\"uF-qm _2Cofy J2pYd _2Rnds\"><span class=\"_1idsK\" data-hook=\"ev-list-item-title\">Sitzplatz, Normalpreis<br \/>\nDatum: 15.11.2024, Beginn: 20:00 Uhr<br \/>\nEinlass 19.00 Uhr<br \/>\n<\/span><\/span><\/p>\n<p><strong>Preise \/ Person:<\/strong><br \/>\nReihen 1 bis 12: <strong>49,- \u20ac<\/strong><br \/>\nReihen 13 bis 24: <strong>44,- \u20ac<\/strong><br \/>\nReihen 25 bis 36: <strong>39,- \u20ac<\/strong><\/p>\n<h3>DIE ULTIMATIVE JUBIL\u00c4UMS-GALA-SHOW<br \/>\nZum 10. ABBA Konzert im Lokschuppen<br \/>\nMit gro\u00dfem Orchester<br \/>\nSpecial-Light-Show<br \/>\nUnd vielen, vielen \u00dcberraschungen<\/h3>\n<p><strong>Achtung, der Saal verf\u00fcgt \u00fcber Sitzpl\u00e4tze in Event-Tisch-Bestuhlung, bestehend jeweils aus einem Event-Tisch mit 8 Sitzpl\u00e4tzen.<\/strong><\/p>\n","protected":false},"author":1,"featured_media":91759,"template":"","meta":[],"product_cat":[61],"product_tag":[],"class_list":{"0":"post-89973","1":"product","2":"type-product","3":"status-publish","4":"has-post-thumbnail","6":"product_cat-konzert","8":"first","9":"instock","10":"taxable","11":"shipping-taxable","12":"purchasable","13":"product-type-variable"},"yoast_head":"<!-- This site is optimized with the Yoast SEO plugin v23.3 - https:\/\/yoast.com\/wordpress\/plugins\/seo\/ -->\n<title>DIE ULTIMATIVE JUBIL\u00c4UMS-GALA-SHOW zum 10. ABBA Konzert im Lokschuppen - Ticket-Shop BB Entertainia<\/title>\n<meta name=\"robots\" content=\"index, follow, max-snippet:-1, max-image-preview:large, max-video-preview:-1\" \/>\n<link rel=\"canonical\" href=\"https:\/\/www.bb-entertainia.de\/test-bb-tickets\/product\/die-ultimative-jubilaeums-gala-show-zum-10-abba-konzert-im-lokschuppen\/\" \/>\n<meta property=\"og:locale\" content=\"de_DE\" \/>\n<meta property=\"og:type\" content=\"article\" \/>\n<meta property=\"og:title\" content=\"DIE ULTIMATIVE JUBIL\u00c4UMS-GALA-SHOW zum 10. ABBA Konzert im Lokschuppen - Ticket-Shop BB Entertainia\" \/>\n<meta property=\"og:description\" content=\"Sitzplatz, Normalpreis Datum: 15.11.2024, Beginn: 20:00 Uhr Einlass 19.00 Uhr   Preise \/ Person: Reihen 1 bis 12: 49,- \u20ac Reihen 13 bis 24: 44,- \u20ac Reihen 25 bis 36: 39,- \u20ac DIE ULTIMATIVE JUBIL\u00c4UMS-GALA-SHOW Zum 10. ABBA Konzert im Lokschuppen Mit gro\u00dfem Orchester Special-Light-Show Und vielen, vielen \u00dcberraschungen Achtung, der Saal verf\u00fcgt \u00fcber Sitzpl\u00e4tze in Event-Tisch-Bestuhlung, bestehend jeweils aus einem Event-Tisch mit 8 Sitzpl\u00e4tzen.\" \/>\n<meta property=\"og:url\" content=\"https:\/\/www.bb-entertainia.de\/test-bb-tickets\/product\/die-ultimative-jubilaeums-gala-show-zum-10-abba-konzert-im-lokschuppen\/\" \/>\n<meta property=\"og:site_name\" content=\"Ticket-Shop BB Entertainia\" \/>\n<meta property=\"article:modified_time\" content=\"2024-08-12T19:13:29+00:00\" \/>\n<meta property=\"og:image\" content=\"https:\/\/www.bb-entertainia.de\/test-bb-tickets\/wp-content\/uploads\/sh-ABBA-Zusatzkonzert-10.jpg\" \/>\n\t<meta property=\"og:image:width\" content=\"1000\" \/>\n\t<meta property=\"og:image:height\" content=\"1000\" \/>\n\t<meta property=\"og:image:type\" content=\"image\/jpeg\" \/>\n<meta name=\"twitter:card\" content=\"summary_large_image\" \/>\n<meta name=\"twitter:label1\" content=\"Gesch\u00e4tzte Lesezeit\" \/>\n\t<meta name=\"twitter:data1\" content=\"3\u00a0Minuten\" \/>\n<script type=\"application\/ld+json\" class=\"yoast-schema-graph\">{\"@context\":\"https:\/\/schema.org\",\"@graph\":[{\"@type\":\"WebPage\",\"@id\":\"https:\/\/www.bb-entertainia.de\/test-bb-tickets\/product\/die-ultimative-jubilaeums-gala-show-zum-10-abba-konzert-im-lokschuppen\/\",\"url\":\"https:\/\/www.bb-entertainia.de\/test-bb-tickets\/product\/die-ultimative-jubilaeums-gala-show-zum-10-abba-konzert-im-lokschuppen\/\",\"name\":\"DIE ULTIMATIVE JUBIL\u00c4UMS-GALA-SHOW zum 10. ABBA Konzert im Lokschuppen - Ticket-Shop BB Entertainia\",\"isPartOf\":{\"@id\":\"https:\/\/www.bb-entertainia.de\/test-bb-tickets\/#website\"},\"primaryImageOfPage\":{\"@id\":\"https:\/\/www.bb-entertainia.de\/test-bb-tickets\/product\/die-ultimative-jubilaeums-gala-show-zum-10-abba-konzert-im-lokschuppen\/#primaryimage\"},\"image\":{\"@id\":\"https:\/\/www.bb-entertainia.de\/test-bb-tickets\/product\/die-ultimative-jubilaeums-gala-show-zum-10-abba-konzert-im-lokschuppen\/#primaryimage\"},\"thumbnailUrl\":\"https:\/\/www.bb-entertainia.de\/test-bb-tickets\/wp-content\/uploads\/sh-ABBA-Zusatzkonzert-10.jpg\",\"datePublished\":\"2024-03-15T06:49:16+00:00\",\"dateModified\":\"2024-08-12T19:13:29+00:00\",\"breadcrumb\":{\"@id\":\"https:\/\/www.bb-entertainia.de\/test-bb-tickets\/product\/die-ultimative-jubilaeums-gala-show-zum-10-abba-konzert-im-lokschuppen\/#breadcrumb\"},\"inLanguage\":\"de\",\"potentialAction\":[{\"@type\":\"ReadAction\",\"target\":[\"https:\/\/www.bb-entertainia.de\/test-bb-tickets\/product\/die-ultimative-jubilaeums-gala-show-zum-10-abba-konzert-im-lokschuppen\/\"]}]},{\"@type\":\"ImageObject\",\"inLanguage\":\"de\",\"@id\":\"https:\/\/www.bb-entertainia.de\/test-bb-tickets\/product\/die-ultimative-jubilaeums-gala-show-zum-10-abba-konzert-im-lokschuppen\/#primaryimage\",\"url\":\"https:\/\/www.bb-entertainia.de\/test-bb-tickets\/wp-content\/uploads\/sh-ABBA-Zusatzkonzert-10.jpg\",\"contentUrl\":\"https:\/\/www.bb-entertainia.de\/test-bb-tickets\/wp-content\/uploads\/sh-ABBA-Zusatzkonzert-10.jpg\",\"width\":1000,\"height\":1000},{\"@type\":\"BreadcrumbList\",\"@id\":\"https:\/\/www.bb-entertainia.de\/test-bb-tickets\/product\/die-ultimative-jubilaeums-gala-show-zum-10-abba-konzert-im-lokschuppen\/#breadcrumb\",\"itemListElement\":[{\"@type\":\"ListItem\",\"position\":1,\"name\":\"Home\",\"item\":\"https:\/\/www.bb-entertainia.de\/test-bb-tickets\/\"},{\"@type\":\"ListItem\",\"position\":2,\"name\":\"Tickets\",\"item\":\"https:\/\/www.bb-entertainia.de\/test-bb-tickets\/\"},{\"@type\":\"ListItem\",\"position\":3,\"name\":\"DIE ULTIMATIVE JUBIL\u00c4UMS-GALA-SHOW zum 10. ABBA Konzert im Lokschuppen\"}]},{\"@type\":\"WebSite\",\"@id\":\"https:\/\/www.bb-entertainia.de\/test-bb-tickets\/#website\",\"url\":\"https:\/\/www.bb-entertainia.de\/test-bb-tickets\/\",\"name\":\"Ticket-Shop BB Entertainia\",\"description\":\"\",\"publisher\":{\"@id\":\"https:\/\/www.bb-entertainia.de\/test-bb-tickets\/#organization\"},\"potentialAction\":[{\"@type\":\"SearchAction\",\"target\":{\"@type\":\"EntryPoint\",\"urlTemplate\":\"https:\/\/www.bb-entertainia.de\/test-bb-tickets\/?s={search_term_string}\"},\"query-input\":\"required name=search_term_string\"}],\"inLanguage\":\"de\"},{\"@type\":\"Organization\",\"@id\":\"https:\/\/www.bb-entertainia.de\/test-bb-tickets\/#organization\",\"name\":\"Ticket-Shop BB Entertainia\",\"url\":\"https:\/\/www.bb-entertainia.de\/test-bb-tickets\/\",\"logo\":{\"@type\":\"ImageObject\",\"inLanguage\":\"de\",\"@id\":\"https:\/\/www.bb-entertainia.de\/test-bb-tickets\/#\/schema\/logo\/image\/\",\"url\":\"https:\/\/www.bb-entertainia.de\/test-bb-tickets\/wp-content\/uploads\/2020\/01\/logo-bb-entertainia.png\",\"contentUrl\":\"https:\/\/www.bb-entertainia.de\/test-bb-tickets\/wp-content\/uploads\/2020\/01\/logo-bb-entertainia.png\",\"width\":500,\"height\":102,\"caption\":\"Ticket-Shop BB Entertainia\"},\"image\":{\"@id\":\"https:\/\/www.bb-entertainia.de\/test-bb-tickets\/#\/schema\/logo\/image\/\"}}]}<\/script>\n<!-- \/ Yoast SEO plugin. -->","yoast_head_json":{"title":"DIE ULTIMATIVE JUBIL\u00c4UMS-GALA-SHOW zum 10. ABBA Konzert im Lokschuppen - Ticket-Shop BB Entertainia","robots":{"index":"index","follow":"follow","max-snippet":"max-snippet:-1","max-image-preview":"max-image-preview:large","max-video-preview":"max-video-preview:-1"},"canonical":"https:\/\/www.bb-entertainia.de\/test-bb-tickets\/product\/die-ultimative-jubilaeums-gala-show-zum-10-abba-konzert-im-lokschuppen\/","og_locale":"de_DE","og_type":"article","og_title":"DIE ULTIMATIVE JUBIL\u00c4UMS-GALA-SHOW zum 10. ABBA Konzert im Lokschuppen - Ticket-Shop BB Entertainia","og_description":"Sitzplatz, Normalpreis Datum: 15.11.2024, Beginn: 20:00 Uhr Einlass 19.00 Uhr   Preise \/ Person: Reihen 1 bis 12: 49,- \u20ac Reihen 13 bis 24: 44,- \u20ac Reihen 25 bis 36: 39,- \u20ac DIE ULTIMATIVE JUBIL\u00c4UMS-GALA-SHOW Zum 10. ABBA Konzert im Lokschuppen Mit gro\u00dfem Orchester Special-Light-Show Und vielen, vielen \u00dcberraschungen Achtung, der Saal verf\u00fcgt \u00fcber Sitzpl\u00e4tze in Event-Tisch-Bestuhlung, bestehend jeweils aus einem Event-Tisch mit 8 Sitzpl\u00e4tzen.","og_url":"https:\/\/www.bb-entertainia.de\/test-bb-tickets\/product\/die-ultimative-jubilaeums-gala-show-zum-10-abba-konzert-im-lokschuppen\/","og_site_name":"Ticket-Shop BB Entertainia","article_modified_time":"2024-08-12T19:13:29+00:00","og_image":[{"width":1000,"height":1000,"url":"https:\/\/www.bb-entertainia.de\/test-bb-tickets\/wp-content\/uploads\/sh-ABBA-Zusatzkonzert-10.jpg","type":"image\/jpeg"}],"twitter_card":"summary_large_image","twitter_misc":{"Gesch\u00e4tzte Lesezeit":"3\u00a0Minuten"},"schema":{"@context":"https:\/\/schema.org","@graph":[{"@type":"WebPage","@id":"https:\/\/www.bb-entertainia.de\/test-bb-tickets\/product\/die-ultimative-jubilaeums-gala-show-zum-10-abba-konzert-im-lokschuppen\/","url":"https:\/\/www.bb-entertainia.de\/test-bb-tickets\/product\/die-ultimative-jubilaeums-gala-show-zum-10-abba-konzert-im-lokschuppen\/","name":"DIE ULTIMATIVE JUBIL\u00c4UMS-GALA-SHOW zum 10. ABBA Konzert im Lokschuppen - Ticket-Shop BB Entertainia","isPartOf":{"@id":"https:\/\/www.bb-entertainia.de\/test-bb-tickets\/#website"},"primaryImageOfPage":{"@id":"https:\/\/www.bb-entertainia.de\/test-bb-tickets\/product\/die-ultimative-jubilaeums-gala-show-zum-10-abba-konzert-im-lokschuppen\/#primaryimage"},"image":{"@id":"https:\/\/www.bb-entertainia.de\/test-bb-tickets\/product\/die-ultimative-jubilaeums-gala-show-zum-10-abba-konzert-im-lokschuppen\/#primaryimage"},"thumbnailUrl":"https:\/\/www.bb-entertainia.de\/test-bb-tickets\/wp-content\/uploads\/sh-ABBA-Zusatzkonzert-10.jpg","datePublished":"2024-03-15T06:49:16+00:00","dateModified":"2024-08-12T19:13:29+00:00","breadcrumb":{"@id":"https:\/\/www.bb-entertainia.de\/test-bb-tickets\/product\/die-ultimative-jubilaeums-gala-show-zum-10-abba-konzert-im-lokschuppen\/#breadcrumb"},"inLanguage":"de","potentialAction":[{"@type":"ReadAction","target":["https:\/\/www.bb-entertainia.de\/test-bb-tickets\/product\/die-ultimative-jubilaeums-gala-show-zum-10-abba-konzert-im-lokschuppen\/"]}]},{"@type":"ImageObject","inLanguage":"de","@id":"https:\/\/www.bb-entertainia.de\/test-bb-tickets\/product\/die-ultimative-jubilaeums-gala-show-zum-10-abba-konzert-im-lokschuppen\/#primaryimage","url":"https:\/\/www.bb-entertainia.de\/test-bb-tickets\/wp-content\/uploads\/sh-ABBA-Zusatzkonzert-10.jpg","contentUrl":"https:\/\/www.bb-entertainia.de\/test-bb-tickets\/wp-content\/uploads\/sh-ABBA-Zusatzkonzert-10.jpg","width":1000,"height":1000},{"@type":"BreadcrumbList","@id":"https:\/\/www.bb-entertainia.de\/test-bb-tickets\/product\/die-ultimative-jubilaeums-gala-show-zum-10-abba-konzert-im-lokschuppen\/#breadcrumb","itemListElement":[{"@type":"ListItem","position":1,"name":"Home","item":"https:\/\/www.bb-entertainia.de\/test-bb-tickets\/"},{"@type":"ListItem","position":2,"name":"Tickets","item":"https:\/\/www.bb-entertainia.de\/test-bb-tickets\/"},{"@type":"ListItem","position":3,"name":"DIE ULTIMATIVE JUBIL\u00c4UMS-GALA-SHOW zum 10. ABBA Konzert im Lokschuppen"}]},{"@type":"WebSite","@id":"https:\/\/www.bb-entertainia.de\/test-bb-tickets\/#website","url":"https:\/\/www.bb-entertainia.de\/test-bb-tickets\/","name":"Ticket-Shop BB Entertainia","description":"","publisher":{"@id":"https:\/\/www.bb-entertainia.de\/test-bb-tickets\/#organization"},"potentialAction":[{"@type":"SearchAction","target":{"@type":"EntryPoint","urlTemplate":"https:\/\/www.bb-entertainia.de\/test-bb-tickets\/?s={search_term_string}"},"query-input":"required name=search_term_string"}],"inLanguage":"de"},{"@type":"Organization","@id":"https:\/\/www.bb-entertainia.de\/test-bb-tickets\/#organization","name":"Ticket-Shop BB Entertainia","url":"https:\/\/www.bb-entertainia.de\/test-bb-tickets\/","logo":{"@type":"ImageObject","inLanguage":"de","@id":"https:\/\/www.bb-entertainia.de\/test-bb-tickets\/#\/schema\/logo\/image\/","url":"https:\/\/www.bb-entertainia.de\/test-bb-tickets\/wp-content\/uploads\/2020\/01\/logo-bb-entertainia.png","contentUrl":"https:\/\/www.bb-entertainia.de\/test-bb-tickets\/wp-content\/uploads\/2020\/01\/logo-bb-entertainia.png","width":500,"height":102,"caption":"Ticket-Shop BB Entertainia"},"image":{"@id":"https:\/\/www.bb-entertainia.de\/test-bb-tickets\/#\/schema\/logo\/image\/"}}]}},"tiered_pricing_type":"fixed","tiered_pricing_fixed_rules":[],"tiered_pricing_product_settings":{"layout":"default","base_unit_name":{"singular":null,"plural":null},"default_variation":null},"tiered_pricing_minimum_quantity":1,"tiered_pricing_roles_data":[],"tiered_pricing_percentage_rules":[],"_links":{"self":[{"href":"https:\/\/www.bb-entertainia.de\/test-bb-tickets\/wp-json\/wp\/v2\/product\/89973"}],"collection":[{"href":"https:\/\/www.bb-entertainia.de\/test-bb-tickets\/wp-json\/wp\/v2\/product"}],"about":[{"href":"https:\/\/www.bb-entertainia.de\/test-bb-tickets\/wp-json\/wp\/v2\/types\/product"}],"author":[{"embeddable":true,"href":"https:\/\/www.bb-entertainia.de\/test-bb-tickets\/wp-json\/wp\/v2\/users\/1"}],"wp:featuredmedia":[{"embeddable":true,"href":"https:\/\/www.bb-entertainia.de\/test-bb-tickets\/wp-json\/wp\/v2\/media\/91759"}],"wp:attachment":[{"href":"https:\/\/www.bb-entertainia.de\/test-bb-tickets\/wp-json\/wp\/v2\/media?parent=89973"}],"wp:term":[{"taxonomy":"product_cat","embeddable":true,"href":"https:\/\/www.bb-entertainia.de\/test-bb-tickets\/wp-json\/wp\/v2\/product_cat?post=89973"},{"taxonomy":"product_tag","embeddable":true,"href":"https:\/\/www.bb-entertainia.de\/test-bb-tickets\/wp-json\/wp\/v2\/product_tag?post=89973"}],"curies":[{"name":"wp","href":"https:\/\/api.w.org\/{rel}","templated":true}]}}