{"id":87098,"date":"2024-02-29T09:07:38","date_gmt":"2024-02-29T08:07:38","guid":{"rendered":"https:\/\/www.bb-entertainia.de\/test-bb-tickets\/?post_type=product&#038;p=87098"},"modified":"2024-07-19T13:38:26","modified_gmt":"2024-07-19T11:38:26","slug":"voodoo-lounge-europes-greatest-rolling-stones-show","status":"publish","type":"product","link":"https:\/\/www.bb-entertainia.de\/test-bb-tickets\/product\/voodoo-lounge-europes-greatest-rolling-stones-show\/","title":{"rendered":"Voodoo Lounge &#8211; Europe\u2018s greatest ROLLING STONES Show"},"content":{"rendered":"<h3>Voodoo Lounge<\/h3>\n<p>Der Traum vieler Rock \u2019n \u201aRoll Fans ist es, einmal die Rolling Stones bei einem Konzert aus n\u00e4chster N\u00e4he zu erleben, eben zum Greifen nahe. Verg\u00f6nnt ist das jedoch den Wenigsten. Wie es sein k\u00f6nnte, zeigt die Braunschweiger Tribute-Band Voodoo Lounge.<\/p>\n<p>In den f\u00fcnfzwanzig Jahren ihres Bestehens hat sich die Band um den charismatischen S\u00e4nger Christian \u201eBobby\u201c Ballasch den Ruf als bestes Rolling Stones-Cover Europas erspielt. Mit \u00fcber tausend Auftritten in Deutschland, den Niederlanden, der Schweiz, \u00d6sterreich und Italien konnte sie dabei ungez\u00e4hlte Fans gewinnen \u2013 von \u201enormalen\u201c Konzertg\u00e4ngern bis zu hartgesottenen Stonesspezialisten. Mit ihrer ansteckenden Spielfreude gelingt es der Band auf unnachahmliche Art, die Atmosph\u00e4re eines Konzerts ihrer gro\u00dfen Vorbilder einzufangen und auf die Zuh\u00f6rer zu \u00fcbertragen. Dabei begeistern bekannte Klassiker wie \u201eHonky Tonk Women\u201c und \u201eStreet Fighting Man\u201c genauso wie die nur Eingeweihten bekannten Perlen der \u201eh\u00e4rtesten Rockband aller Zeiten\u201c.<\/p>\n<p>Satisfaction ist jedenfalls garantiert: Die verbl\u00fcffende \u00c4hnlichkeit von S\u00e4nger Bobby Ballasch zum jungen Mick Jagger und der raue Vintage-Sound der Band schicken das Publikum auf eine Zeitreise in die 60er und 70er Jahre, die den Abend von einem einfachen Konzert zu einem echten Erlebnis werden lassen.<\/p>\n","protected":false},"excerpt":{"rendered":"<p><span class=\"uF-qm _2Cofy J2pYd _2Rnds\"><span class=\"_1idsK\" data-hook=\"ev-list-item-title\">Normalpreis<br \/>\nDatum: 08.03.2025, Beginn: 20:00 Uhr<br \/>\nEinlass 19.00 Uhr<\/span><\/span><\/p>\n<p><span class=\"uF-qm _2Cofy J2pYd _2Rnds\"><span class=\"_1idsK\" data-hook=\"ev-list-item-title\"><strong>Preise \/ Person:<\/strong><br \/>\nReihen 1 bis 12: <strong>37,- \u20ac<\/strong><br \/>\nReihen 13 bis 24: <strong>32,- \u20ac<\/strong><br \/>\nReihen 25 bis 36: <strong>27,- \u20ac<br \/>\n<\/strong>Stehplatz: <strong>30,- \u20ac<br \/>\n<\/strong><\/span><\/span><\/p>\n<p><span class=\"uF-qm _2Cofy J2pYd _2Rnds\"><span class=\"_1idsK\" data-hook=\"ev-list-item-title\"><strong>Achtung, der Saal verf\u00fcgt \u00fcber Stehpl\u00e4tze und Sitzpl\u00e4tze in Event-Tisch-Bestuhlung, bestehend jeweils aus einem Event-Tisch mit mit 8 oder 16 Sitzpl\u00e4tzen.<br \/>\n.<\/strong><\/span><\/span><\/p>\n","protected":false},"author":1,"featured_media":87103,"template":"","meta":[],"product_cat":[61],"product_tag":[],"class_list":{"0":"post-87098","1":"product","2":"type-product","3":"status-publish","4":"has-post-thumbnail","6":"product_cat-konzert","8":"first","9":"instock","10":"taxable","11":"shipping-taxable","12":"purchasable","13":"product-type-variable"},"yoast_head":"<!-- This site is optimized with the Yoast SEO plugin v23.3 - https:\/\/yoast.com\/wordpress\/plugins\/seo\/ -->\n<title>Voodoo Lounge - Europe\u2018s greatest ROLLING STONES Show - Ticket-Shop BB Entertainia<\/title>\n<meta name=\"robots\" content=\"index, follow, max-snippet:-1, max-image-preview:large, max-video-preview:-1\" \/>\n<link rel=\"canonical\" href=\"https:\/\/www.bb-entertainia.de\/test-bb-tickets\/product\/voodoo-lounge-europes-greatest-rolling-stones-show\/\" \/>\n<meta property=\"og:locale\" content=\"de_DE\" \/>\n<meta property=\"og:type\" content=\"article\" \/>\n<meta property=\"og:title\" content=\"Voodoo Lounge - Europe\u2018s greatest ROLLING STONES Show - Ticket-Shop BB Entertainia\" \/>\n<meta property=\"og:description\" content=\"Normalpreis Datum: 08.03.2025, Beginn: 20:00 Uhr Einlass 19.00 Uhr  Preise \/ Person: Reihen 1 bis 12: 37,- \u20ac Reihen 13 bis 24: 32,- \u20ac Reihen 25 bis 36: 27,- \u20ac Stehplatz: 30,- \u20ac   Achtung, der Saal verf\u00fcgt \u00fcber Stehpl\u00e4tze und Sitzpl\u00e4tze in Event-Tisch-Bestuhlung, bestehend jeweils aus einem Event-Tisch mit mit 8 oder 16 Sitzpl\u00e4tzen. .\" \/>\n<meta property=\"og:url\" content=\"https:\/\/www.bb-entertainia.de\/test-bb-tickets\/product\/voodoo-lounge-europes-greatest-rolling-stones-show\/\" \/>\n<meta property=\"og:site_name\" content=\"Ticket-Shop BB Entertainia\" \/>\n<meta property=\"article:modified_time\" content=\"2024-07-19T11:38:26+00:00\" \/>\n<meta property=\"og:image\" content=\"https:\/\/www.bb-entertainia.de\/test-bb-tickets\/wp-content\/uploads\/sh-voodoo-lounge-rolling-stones.jpg\" \/>\n\t<meta property=\"og:image:width\" content=\"1000\" \/>\n\t<meta property=\"og:image:height\" content=\"1000\" \/>\n\t<meta property=\"og:image:type\" content=\"image\/jpeg\" \/>\n<meta name=\"twitter:card\" content=\"summary_large_image\" \/>\n<meta name=\"twitter:label1\" content=\"Gesch\u00e4tzte Lesezeit\" \/>\n\t<meta name=\"twitter:data1\" content=\"2\u00a0Minuten\" \/>\n<script type=\"application\/ld+json\" class=\"yoast-schema-graph\">{\"@context\":\"https:\/\/schema.org\",\"@graph\":[{\"@type\":\"WebPage\",\"@id\":\"https:\/\/www.bb-entertainia.de\/test-bb-tickets\/product\/voodoo-lounge-europes-greatest-rolling-stones-show\/\",\"url\":\"https:\/\/www.bb-entertainia.de\/test-bb-tickets\/product\/voodoo-lounge-europes-greatest-rolling-stones-show\/\",\"name\":\"Voodoo Lounge - Europe\u2018s greatest ROLLING STONES Show - Ticket-Shop BB Entertainia\",\"isPartOf\":{\"@id\":\"https:\/\/www.bb-entertainia.de\/test-bb-tickets\/#website\"},\"primaryImageOfPage\":{\"@id\":\"https:\/\/www.bb-entertainia.de\/test-bb-tickets\/product\/voodoo-lounge-europes-greatest-rolling-stones-show\/#primaryimage\"},\"image\":{\"@id\":\"https:\/\/www.bb-entertainia.de\/test-bb-tickets\/product\/voodoo-lounge-europes-greatest-rolling-stones-show\/#primaryimage\"},\"thumbnailUrl\":\"https:\/\/www.bb-entertainia.de\/test-bb-tickets\/wp-content\/uploads\/sh-voodoo-lounge-rolling-stones.jpg\",\"datePublished\":\"2024-02-29T08:07:38+00:00\",\"dateModified\":\"2024-07-19T11:38:26+00:00\",\"breadcrumb\":{\"@id\":\"https:\/\/www.bb-entertainia.de\/test-bb-tickets\/product\/voodoo-lounge-europes-greatest-rolling-stones-show\/#breadcrumb\"},\"inLanguage\":\"de\",\"potentialAction\":[{\"@type\":\"ReadAction\",\"target\":[\"https:\/\/www.bb-entertainia.de\/test-bb-tickets\/product\/voodoo-lounge-europes-greatest-rolling-stones-show\/\"]}]},{\"@type\":\"ImageObject\",\"inLanguage\":\"de\",\"@id\":\"https:\/\/www.bb-entertainia.de\/test-bb-tickets\/product\/voodoo-lounge-europes-greatest-rolling-stones-show\/#primaryimage\",\"url\":\"https:\/\/www.bb-entertainia.de\/test-bb-tickets\/wp-content\/uploads\/sh-voodoo-lounge-rolling-stones.jpg\",\"contentUrl\":\"https:\/\/www.bb-entertainia.de\/test-bb-tickets\/wp-content\/uploads\/sh-voodoo-lounge-rolling-stones.jpg\",\"width\":1000,\"height\":1000},{\"@type\":\"BreadcrumbList\",\"@id\":\"https:\/\/www.bb-entertainia.de\/test-bb-tickets\/product\/voodoo-lounge-europes-greatest-rolling-stones-show\/#breadcrumb\",\"itemListElement\":[{\"@type\":\"ListItem\",\"position\":1,\"name\":\"Home\",\"item\":\"https:\/\/www.bb-entertainia.de\/test-bb-tickets\/\"},{\"@type\":\"ListItem\",\"position\":2,\"name\":\"Tickets\",\"item\":\"https:\/\/www.bb-entertainia.de\/test-bb-tickets\/\"},{\"@type\":\"ListItem\",\"position\":3,\"name\":\"Voodoo Lounge &#8211; Europe\u2018s greatest ROLLING STONES Show\"}]},{\"@type\":\"WebSite\",\"@id\":\"https:\/\/www.bb-entertainia.de\/test-bb-tickets\/#website\",\"url\":\"https:\/\/www.bb-entertainia.de\/test-bb-tickets\/\",\"name\":\"Ticket-Shop BB Entertainia\",\"description\":\"\",\"publisher\":{\"@id\":\"https:\/\/www.bb-entertainia.de\/test-bb-tickets\/#organization\"},\"potentialAction\":[{\"@type\":\"SearchAction\",\"target\":{\"@type\":\"EntryPoint\",\"urlTemplate\":\"https:\/\/www.bb-entertainia.de\/test-bb-tickets\/?s={search_term_string}\"},\"query-input\":\"required name=search_term_string\"}],\"inLanguage\":\"de\"},{\"@type\":\"Organization\",\"@id\":\"https:\/\/www.bb-entertainia.de\/test-bb-tickets\/#organization\",\"name\":\"Ticket-Shop BB Entertainia\",\"url\":\"https:\/\/www.bb-entertainia.de\/test-bb-tickets\/\",\"logo\":{\"@type\":\"ImageObject\",\"inLanguage\":\"de\",\"@id\":\"https:\/\/www.bb-entertainia.de\/test-bb-tickets\/#\/schema\/logo\/image\/\",\"url\":\"https:\/\/www.bb-entertainia.de\/test-bb-tickets\/wp-content\/uploads\/2020\/01\/logo-bb-entertainia.png\",\"contentUrl\":\"https:\/\/www.bb-entertainia.de\/test-bb-tickets\/wp-content\/uploads\/2020\/01\/logo-bb-entertainia.png\",\"width\":500,\"height\":102,\"caption\":\"Ticket-Shop BB Entertainia\"},\"image\":{\"@id\":\"https:\/\/www.bb-entertainia.de\/test-bb-tickets\/#\/schema\/logo\/image\/\"}}]}<\/script>\n<!-- \/ Yoast SEO plugin. -->","yoast_head_json":{"title":"Voodoo Lounge - Europe\u2018s greatest ROLLING STONES Show - Ticket-Shop BB Entertainia","robots":{"index":"index","follow":"follow","max-snippet":"max-snippet:-1","max-image-preview":"max-image-preview:large","max-video-preview":"max-video-preview:-1"},"canonical":"https:\/\/www.bb-entertainia.de\/test-bb-tickets\/product\/voodoo-lounge-europes-greatest-rolling-stones-show\/","og_locale":"de_DE","og_type":"article","og_title":"Voodoo Lounge - Europe\u2018s greatest ROLLING STONES Show - Ticket-Shop BB Entertainia","og_description":"Normalpreis Datum: 08.03.2025, Beginn: 20:00 Uhr Einlass 19.00 Uhr  Preise \/ Person: Reihen 1 bis 12: 37,- \u20ac Reihen 13 bis 24: 32,- \u20ac Reihen 25 bis 36: 27,- \u20ac Stehplatz: 30,- \u20ac   Achtung, der Saal verf\u00fcgt \u00fcber Stehpl\u00e4tze und Sitzpl\u00e4tze in Event-Tisch-Bestuhlung, bestehend jeweils aus einem Event-Tisch mit mit 8 oder 16 Sitzpl\u00e4tzen. .","og_url":"https:\/\/www.bb-entertainia.de\/test-bb-tickets\/product\/voodoo-lounge-europes-greatest-rolling-stones-show\/","og_site_name":"Ticket-Shop BB Entertainia","article_modified_time":"2024-07-19T11:38:26+00:00","og_image":[{"width":1000,"height":1000,"url":"https:\/\/www.bb-entertainia.de\/test-bb-tickets\/wp-content\/uploads\/sh-voodoo-lounge-rolling-stones.jpg","type":"image\/jpeg"}],"twitter_card":"summary_large_image","twitter_misc":{"Gesch\u00e4tzte Lesezeit":"2\u00a0Minuten"},"schema":{"@context":"https:\/\/schema.org","@graph":[{"@type":"WebPage","@id":"https:\/\/www.bb-entertainia.de\/test-bb-tickets\/product\/voodoo-lounge-europes-greatest-rolling-stones-show\/","url":"https:\/\/www.bb-entertainia.de\/test-bb-tickets\/product\/voodoo-lounge-europes-greatest-rolling-stones-show\/","name":"Voodoo Lounge - Europe\u2018s greatest ROLLING STONES Show - Ticket-Shop BB Entertainia","isPartOf":{"@id":"https:\/\/www.bb-entertainia.de\/test-bb-tickets\/#website"},"primaryImageOfPage":{"@id":"https:\/\/www.bb-entertainia.de\/test-bb-tickets\/product\/voodoo-lounge-europes-greatest-rolling-stones-show\/#primaryimage"},"image":{"@id":"https:\/\/www.bb-entertainia.de\/test-bb-tickets\/product\/voodoo-lounge-europes-greatest-rolling-stones-show\/#primaryimage"},"thumbnailUrl":"https:\/\/www.bb-entertainia.de\/test-bb-tickets\/wp-content\/uploads\/sh-voodoo-lounge-rolling-stones.jpg","datePublished":"2024-02-29T08:07:38+00:00","dateModified":"2024-07-19T11:38:26+00:00","breadcrumb":{"@id":"https:\/\/www.bb-entertainia.de\/test-bb-tickets\/product\/voodoo-lounge-europes-greatest-rolling-stones-show\/#breadcrumb"},"inLanguage":"de","potentialAction":[{"@type":"ReadAction","target":["https:\/\/www.bb-entertainia.de\/test-bb-tickets\/product\/voodoo-lounge-europes-greatest-rolling-stones-show\/"]}]},{"@type":"ImageObject","inLanguage":"de","@id":"https:\/\/www.bb-entertainia.de\/test-bb-tickets\/product\/voodoo-lounge-europes-greatest-rolling-stones-show\/#primaryimage","url":"https:\/\/www.bb-entertainia.de\/test-bb-tickets\/wp-content\/uploads\/sh-voodoo-lounge-rolling-stones.jpg","contentUrl":"https:\/\/www.bb-entertainia.de\/test-bb-tickets\/wp-content\/uploads\/sh-voodoo-lounge-rolling-stones.jpg","width":1000,"height":1000},{"@type":"BreadcrumbList","@id":"https:\/\/www.bb-entertainia.de\/test-bb-tickets\/product\/voodoo-lounge-europes-greatest-rolling-stones-show\/#breadcrumb","itemListElement":[{"@type":"ListItem","position":1,"name":"Home","item":"https:\/\/www.bb-entertainia.de\/test-bb-tickets\/"},{"@type":"ListItem","position":2,"name":"Tickets","item":"https:\/\/www.bb-entertainia.de\/test-bb-tickets\/"},{"@type":"ListItem","position":3,"name":"Voodoo Lounge &#8211; Europe\u2018s greatest ROLLING STONES Show"}]},{"@type":"WebSite","@id":"https:\/\/www.bb-entertainia.de\/test-bb-tickets\/#website","url":"https:\/\/www.bb-entertainia.de\/test-bb-tickets\/","name":"Ticket-Shop BB Entertainia","description":"","publisher":{"@id":"https:\/\/www.bb-entertainia.de\/test-bb-tickets\/#organization"},"potentialAction":[{"@type":"SearchAction","target":{"@type":"EntryPoint","urlTemplate":"https:\/\/www.bb-entertainia.de\/test-bb-tickets\/?s={search_term_string}"},"query-input":"required name=search_term_string"}],"inLanguage":"de"},{"@type":"Organization","@id":"https:\/\/www.bb-entertainia.de\/test-bb-tickets\/#organization","name":"Ticket-Shop BB Entertainia","url":"https:\/\/www.bb-entertainia.de\/test-bb-tickets\/","logo":{"@type":"ImageObject","inLanguage":"de","@id":"https:\/\/www.bb-entertainia.de\/test-bb-tickets\/#\/schema\/logo\/image\/","url":"https:\/\/www.bb-entertainia.de\/test-bb-tickets\/wp-content\/uploads\/2020\/01\/logo-bb-entertainia.png","contentUrl":"https:\/\/www.bb-entertainia.de\/test-bb-tickets\/wp-content\/uploads\/2020\/01\/logo-bb-entertainia.png","width":500,"height":102,"caption":"Ticket-Shop BB Entertainia"},"image":{"@id":"https:\/\/www.bb-entertainia.de\/test-bb-tickets\/#\/schema\/logo\/image\/"}}]}},"tiered_pricing_type":"fixed","tiered_pricing_fixed_rules":[],"tiered_pricing_product_settings":{"layout":"default","base_unit_name":{"singular":null,"plural":null},"default_variation":null},"tiered_pricing_minimum_quantity":1,"tiered_pricing_roles_data":[],"tiered_pricing_percentage_rules":[],"_links":{"self":[{"href":"https:\/\/www.bb-entertainia.de\/test-bb-tickets\/wp-json\/wp\/v2\/product\/87098"}],"collection":[{"href":"https:\/\/www.bb-entertainia.de\/test-bb-tickets\/wp-json\/wp\/v2\/product"}],"about":[{"href":"https:\/\/www.bb-entertainia.de\/test-bb-tickets\/wp-json\/wp\/v2\/types\/product"}],"author":[{"embeddable":true,"href":"https:\/\/www.bb-entertainia.de\/test-bb-tickets\/wp-json\/wp\/v2\/users\/1"}],"wp:featuredmedia":[{"embeddable":true,"href":"https:\/\/www.bb-entertainia.de\/test-bb-tickets\/wp-json\/wp\/v2\/media\/87103"}],"wp:attachment":[{"href":"https:\/\/www.bb-entertainia.de\/test-bb-tickets\/wp-json\/wp\/v2\/media?parent=87098"}],"wp:term":[{"taxonomy":"product_cat","embeddable":true,"href":"https:\/\/www.bb-entertainia.de\/test-bb-tickets\/wp-json\/wp\/v2\/product_cat?post=87098"},{"taxonomy":"product_tag","embeddable":true,"href":"https:\/\/www.bb-entertainia.de\/test-bb-tickets\/wp-json\/wp\/v2\/product_tag?post=87098"}],"curies":[{"name":"wp","href":"https:\/\/api.w.org\/{rel}","templated":true}]}}