{"id":85339,"date":"2024-02-19T10:46:05","date_gmt":"2024-02-19T09:46:05","guid":{"rendered":"https:\/\/www.bb-entertainia.de\/test-bb-tickets\/?post_type=product&#038;p=85339"},"modified":"2024-08-04T13:28:59","modified_gmt":"2024-08-04T11:28:59","slug":"4-bebraer-rocknacht-im-lokschuppen","status":"publish","type":"product","link":"https:\/\/www.bb-entertainia.de\/test-bb-tickets\/product\/4-bebraer-rocknacht-im-lokschuppen\/","title":{"rendered":"4. Bebraer Rocknacht im Lokschuppen"},"content":{"rendered":"<h2>Waldhessen rockte! &#8230;und rockte! &#8230;und rockt wieder!<\/h2>\n<p>&#8230;auch in diesem Jahr auf der 4. Bebraer Rocknacht im Lokschuppen! Die besten Bands aus dem Landkreis pr\u00e4sentieren euch ihr buntes Programm mit den gr\u00f6\u00dften Songs der Rockgeschichte. Hits von neo bis retro, sixties bis heute, zart bis hart, zum Tanzen und Headbangen, lachen und feiern \u2013 sie alle stehen auf der Liste.<\/p>\n<p>Pr\u00e4sentiert werden sie von drei der besten regionalen Bands:<\/p>\n<p>Take Five \u2013<\/p>\n<p>TAKE FIVE ist die wohl bekannteste Rockband im Landkreis Hersfeld-Rotenburg und Auftritte f\u00fchren Sie auch \u00fcber die Grenzen Hessens hinaus in alle Regionen Deutschlands oder auch nach \u00d6sterreich.\u00a0Das Motto von\u00a0TAKE FIVE\u00a0lautet\u00a0Coverrock vom Feinsten\u00a0der letzten drei Jahrzehnte in Verbindung mit aktuellen Hits der Charts. Zeitlose Party-Kracher\u00a0 fehlen ebenso wenig im Programm der Band wie gef\u00fchlvolle Balladen. Ein weiterer Schwerpunkt der B\u00fchnenshow liegt im Hard Rock bis hin zum Heavy-Metal.<\/p>\n<p>Rock Machine \u2013<br \/>\nBei Kassels dienst\u00e4ltester Party-Rockband sind schwei\u00dftreibender Rock, lockeres Entertainment und beste Laune stets garantiert.<br \/>\nGecovert wird alles Alte und Neue, was Spa\u00df macht und richtig abgeht.<\/p>\n<p>BSB-Band \u2013<br \/>\nExklusiv f\u00fcr die Bebraer Rocknacht formierte sich der Musikkurs der Beruflichen Schulen in Bebra zum Rock\/Pop Ensemble &#8220;Klimperheinis&#8221;. Unter der Leitung der Lehrkr\u00e4fte Dirk Morgner und Cornelius Reiser zeigen die musikbegeisterten Sch\u00fclerinnen und Sch\u00fcler worauf sie sich die gesamte 12. Klasse \u00fcber vorbereitet haben: ein gut halbst\u00fcndiges Meisterst\u00fcck aus zeitgem\u00e4\u00dfen Hits der Rock &amp; Pop Geschichte.<\/p>\n","protected":false},"excerpt":{"rendered":"<p>Freie Platzwahl<br \/>\nDatum: 28.09.2024, Beginn: 20:00 Uhr<br \/>\nEinlass: 19:00 Uhr<\/p>\n<h3>Einzelplatz 20,-\u20ac bei freier Platzwahl<br \/>\nGanzer Tisch f\u00fcr 8 Personen = 144,-\u20ac<br \/>\nDie Buchung eines ganzen Tisches beinhaltet eine feste Platzreservierung<\/h3>\n<p>Die Rocknacht ist sowohl mit Sitzpl\u00e4tzen als auch mit Stehpl\u00e4tzen ausgelegt.<br \/>\nBei den Sitzpl\u00e4tzen handelt es sich um eine Eventtischbestuhlung mit 8 Sitzpl\u00e4tzen am Tisch. Es k\u00f6nnen 2 Eventtische zu einer gro\u00dfen 16er Tisch zusammengestellt sein.<br \/>\nEs gibt einen Einheitspreis f\u00fcr alle Pl\u00e4tze von 20,- bei freier Platzwahl.<br \/>\nW\u00fcnschen Sie einen Sitzplatz, raten wir zu fr\u00fchem Erscheinen.<\/p>\n<p>Sonderfall:<br \/>\nZum Sonderpreis von 144,-\u20ac k\u00f6nnen Sie einen kompletten 8er Tisch buchen. Dieser wird dann auch komplett f\u00fcr Sie reserviert. Hier erhalten Sie einen Sonderpreis von 18,-\u20ac pro Ticket.<\/p>\n<p><span style=\"color: #000000;\"><strong><span style=\"font-size: 16px;\">SO BUCHEN SIE IHREN EIGENEN TISCH:<br \/>\n<\/span><\/strong><\/span>Geben Sie <strong>8 Pl\u00e4tze<\/strong> im Shop ein und Sie erhalten automatisch Ihren <strong>eigenen kompletten Tisch<\/strong> und profitieren zus\u00e4tzlich vom g\u00fcnstigen Komplett-Tisch-Rabatt und zahlen umgerechnet <strong>nur 18 \u20ac pro Person , statt 20,-\u20ac<\/strong>.<\/p>\n<p>Wenn Sie 2 komplette Tische w\u00fcnschen, geben Sie 8 Tickets ein, speichern diese im Warenkorb (Button \u201cTickets bestellen\u201d), dr\u00fccken den Button \u201cWeiter einkaufen\u201d und dann geben Sie 8 weitere Tickets<\/p>\n","protected":false},"author":1,"featured_media":85566,"template":"","meta":[],"product_cat":[61],"product_tag":[],"class_list":{"0":"post-85339","1":"product","2":"type-product","3":"status-publish","4":"has-post-thumbnail","6":"product_cat-konzert","8":"first","9":"instock","10":"taxable","11":"shipping-taxable","12":"purchasable","13":"product-type-simple"},"yoast_head":"<!-- This site is optimized with the Yoast SEO plugin v23.3 - https:\/\/yoast.com\/wordpress\/plugins\/seo\/ -->\n<title>4. Bebraer Rocknacht im Lokschuppen - Ticket-Shop BB Entertainia<\/title>\n<meta name=\"robots\" content=\"index, follow, max-snippet:-1, max-image-preview:large, max-video-preview:-1\" \/>\n<link rel=\"canonical\" href=\"https:\/\/www.bb-entertainia.de\/test-bb-tickets\/product\/4-bebraer-rocknacht-im-lokschuppen\/\" \/>\n<meta property=\"og:locale\" content=\"de_DE\" \/>\n<meta property=\"og:type\" content=\"article\" \/>\n<meta property=\"og:title\" content=\"4. Bebraer Rocknacht im Lokschuppen - Ticket-Shop BB Entertainia\" \/>\n<meta property=\"og:description\" content=\"Freie Platzwahl Datum: 28.09.2024, Beginn: 20:00 Uhr Einlass: 19:00 Uhr Einzelplatz 20,-\u20ac bei freier Platzwahl Ganzer Tisch f\u00fcr 8 Personen = 144,-\u20ac Die Buchung eines ganzen Tisches beinhaltet eine feste Platzreservierung Die Rocknacht ist sowohl mit Sitzpl\u00e4tzen als auch mit Stehpl\u00e4tzen ausgelegt. Bei den Sitzpl\u00e4tzen handelt es sich um eine Eventtischbestuhlung mit 8 Sitzpl\u00e4tzen am Tisch. Es k\u00f6nnen 2 Eventtische zu einer gro\u00dfen 16er Tisch zusammengestellt sein. Es gibt einen Einheitspreis f\u00fcr alle Pl\u00e4tze von 20,- bei freier Platzwahl. W\u00fcnschen Sie einen Sitzplatz, raten wir zu fr\u00fchem Erscheinen.  Sonderfall: Zum Sonderpreis von 144,-\u20ac k\u00f6nnen Sie einen kompletten 8er Tisch buchen. Dieser wird dann auch komplett f\u00fcr Sie reserviert. Hier erhalten Sie einen Sonderpreis von 18,-\u20ac pro Ticket.  SO BUCHEN SIE IHREN EIGENEN TISCH: Geben Sie 8 Pl\u00e4tze im Shop ein und Sie erhalten automatisch Ihren eigenen kompletten Tisch und profitieren zus\u00e4tzlich vom g\u00fcnstigen Komplett-Tisch-Rabatt und zahlen umgerechnet nur 18 \u20ac pro Person , statt 20,-\u20ac.  Wenn Sie 2 komplette Tische w\u00fcnschen, geben Sie 8 Tickets ein, speichern diese im Warenkorb (Button \u201cTickets bestellen\u201d), dr\u00fccken den Button \u201cWeiter einkaufen\u201d und dann geben Sie 8 weitere Tickets\" \/>\n<meta property=\"og:url\" content=\"https:\/\/www.bb-entertainia.de\/test-bb-tickets\/product\/4-bebraer-rocknacht-im-lokschuppen\/\" \/>\n<meta property=\"og:site_name\" content=\"Ticket-Shop BB Entertainia\" \/>\n<meta property=\"article:modified_time\" content=\"2024-08-04T11:28:59+00:00\" \/>\n<meta property=\"og:image\" content=\"https:\/\/www.bb-entertainia.de\/test-bb-tickets\/wp-content\/uploads\/sh-4-Bebraer-Rocknacht.jpg\" \/>\n\t<meta property=\"og:image:width\" content=\"1000\" \/>\n\t<meta property=\"og:image:height\" content=\"1000\" \/>\n\t<meta property=\"og:image:type\" content=\"image\/jpeg\" \/>\n<meta name=\"twitter:card\" content=\"summary_large_image\" \/>\n<meta name=\"twitter:label1\" content=\"Gesch\u00e4tzte Lesezeit\" \/>\n\t<meta name=\"twitter:data1\" content=\"2\u00a0Minuten\" \/>\n<script type=\"application\/ld+json\" class=\"yoast-schema-graph\">{\"@context\":\"https:\/\/schema.org\",\"@graph\":[{\"@type\":\"WebPage\",\"@id\":\"https:\/\/www.bb-entertainia.de\/test-bb-tickets\/product\/4-bebraer-rocknacht-im-lokschuppen\/\",\"url\":\"https:\/\/www.bb-entertainia.de\/test-bb-tickets\/product\/4-bebraer-rocknacht-im-lokschuppen\/\",\"name\":\"4. Bebraer Rocknacht im Lokschuppen - Ticket-Shop BB Entertainia\",\"isPartOf\":{\"@id\":\"https:\/\/www.bb-entertainia.de\/test-bb-tickets\/#website\"},\"primaryImageOfPage\":{\"@id\":\"https:\/\/www.bb-entertainia.de\/test-bb-tickets\/product\/4-bebraer-rocknacht-im-lokschuppen\/#primaryimage\"},\"image\":{\"@id\":\"https:\/\/www.bb-entertainia.de\/test-bb-tickets\/product\/4-bebraer-rocknacht-im-lokschuppen\/#primaryimage\"},\"thumbnailUrl\":\"https:\/\/www.bb-entertainia.de\/test-bb-tickets\/wp-content\/uploads\/sh-4-Bebraer-Rocknacht.jpg\",\"datePublished\":\"2024-02-19T09:46:05+00:00\",\"dateModified\":\"2024-08-04T11:28:59+00:00\",\"breadcrumb\":{\"@id\":\"https:\/\/www.bb-entertainia.de\/test-bb-tickets\/product\/4-bebraer-rocknacht-im-lokschuppen\/#breadcrumb\"},\"inLanguage\":\"de\",\"potentialAction\":[{\"@type\":\"ReadAction\",\"target\":[\"https:\/\/www.bb-entertainia.de\/test-bb-tickets\/product\/4-bebraer-rocknacht-im-lokschuppen\/\"]}]},{\"@type\":\"ImageObject\",\"inLanguage\":\"de\",\"@id\":\"https:\/\/www.bb-entertainia.de\/test-bb-tickets\/product\/4-bebraer-rocknacht-im-lokschuppen\/#primaryimage\",\"url\":\"https:\/\/www.bb-entertainia.de\/test-bb-tickets\/wp-content\/uploads\/sh-4-Bebraer-Rocknacht.jpg\",\"contentUrl\":\"https:\/\/www.bb-entertainia.de\/test-bb-tickets\/wp-content\/uploads\/sh-4-Bebraer-Rocknacht.jpg\",\"width\":1000,\"height\":1000},{\"@type\":\"BreadcrumbList\",\"@id\":\"https:\/\/www.bb-entertainia.de\/test-bb-tickets\/product\/4-bebraer-rocknacht-im-lokschuppen\/#breadcrumb\",\"itemListElement\":[{\"@type\":\"ListItem\",\"position\":1,\"name\":\"Home\",\"item\":\"https:\/\/www.bb-entertainia.de\/test-bb-tickets\/\"},{\"@type\":\"ListItem\",\"position\":2,\"name\":\"Tickets\",\"item\":\"https:\/\/www.bb-entertainia.de\/test-bb-tickets\/\"},{\"@type\":\"ListItem\",\"position\":3,\"name\":\"4. Bebraer Rocknacht im Lokschuppen\"}]},{\"@type\":\"WebSite\",\"@id\":\"https:\/\/www.bb-entertainia.de\/test-bb-tickets\/#website\",\"url\":\"https:\/\/www.bb-entertainia.de\/test-bb-tickets\/\",\"name\":\"Ticket-Shop BB Entertainia\",\"description\":\"\",\"publisher\":{\"@id\":\"https:\/\/www.bb-entertainia.de\/test-bb-tickets\/#organization\"},\"potentialAction\":[{\"@type\":\"SearchAction\",\"target\":{\"@type\":\"EntryPoint\",\"urlTemplate\":\"https:\/\/www.bb-entertainia.de\/test-bb-tickets\/?s={search_term_string}\"},\"query-input\":\"required name=search_term_string\"}],\"inLanguage\":\"de\"},{\"@type\":\"Organization\",\"@id\":\"https:\/\/www.bb-entertainia.de\/test-bb-tickets\/#organization\",\"name\":\"Ticket-Shop BB Entertainia\",\"url\":\"https:\/\/www.bb-entertainia.de\/test-bb-tickets\/\",\"logo\":{\"@type\":\"ImageObject\",\"inLanguage\":\"de\",\"@id\":\"https:\/\/www.bb-entertainia.de\/test-bb-tickets\/#\/schema\/logo\/image\/\",\"url\":\"https:\/\/www.bb-entertainia.de\/test-bb-tickets\/wp-content\/uploads\/2020\/01\/logo-bb-entertainia.png\",\"contentUrl\":\"https:\/\/www.bb-entertainia.de\/test-bb-tickets\/wp-content\/uploads\/2020\/01\/logo-bb-entertainia.png\",\"width\":500,\"height\":102,\"caption\":\"Ticket-Shop BB Entertainia\"},\"image\":{\"@id\":\"https:\/\/www.bb-entertainia.de\/test-bb-tickets\/#\/schema\/logo\/image\/\"}}]}<\/script>\n<!-- \/ Yoast SEO plugin. -->","yoast_head_json":{"title":"4. Bebraer Rocknacht im Lokschuppen - Ticket-Shop BB Entertainia","robots":{"index":"index","follow":"follow","max-snippet":"max-snippet:-1","max-image-preview":"max-image-preview:large","max-video-preview":"max-video-preview:-1"},"canonical":"https:\/\/www.bb-entertainia.de\/test-bb-tickets\/product\/4-bebraer-rocknacht-im-lokschuppen\/","og_locale":"de_DE","og_type":"article","og_title":"4. Bebraer Rocknacht im Lokschuppen - Ticket-Shop BB Entertainia","og_description":"Freie Platzwahl Datum: 28.09.2024, Beginn: 20:00 Uhr Einlass: 19:00 Uhr Einzelplatz 20,-\u20ac bei freier Platzwahl Ganzer Tisch f\u00fcr 8 Personen = 144,-\u20ac Die Buchung eines ganzen Tisches beinhaltet eine feste Platzreservierung Die Rocknacht ist sowohl mit Sitzpl\u00e4tzen als auch mit Stehpl\u00e4tzen ausgelegt. Bei den Sitzpl\u00e4tzen handelt es sich um eine Eventtischbestuhlung mit 8 Sitzpl\u00e4tzen am Tisch. Es k\u00f6nnen 2 Eventtische zu einer gro\u00dfen 16er Tisch zusammengestellt sein. Es gibt einen Einheitspreis f\u00fcr alle Pl\u00e4tze von 20,- bei freier Platzwahl. W\u00fcnschen Sie einen Sitzplatz, raten wir zu fr\u00fchem Erscheinen.  Sonderfall: Zum Sonderpreis von 144,-\u20ac k\u00f6nnen Sie einen kompletten 8er Tisch buchen. Dieser wird dann auch komplett f\u00fcr Sie reserviert. Hier erhalten Sie einen Sonderpreis von 18,-\u20ac pro Ticket.  SO BUCHEN SIE IHREN EIGENEN TISCH: Geben Sie 8 Pl\u00e4tze im Shop ein und Sie erhalten automatisch Ihren eigenen kompletten Tisch und profitieren zus\u00e4tzlich vom g\u00fcnstigen Komplett-Tisch-Rabatt und zahlen umgerechnet nur 18 \u20ac pro Person , statt 20,-\u20ac.  Wenn Sie 2 komplette Tische w\u00fcnschen, geben Sie 8 Tickets ein, speichern diese im Warenkorb (Button \u201cTickets bestellen\u201d), dr\u00fccken den Button \u201cWeiter einkaufen\u201d und dann geben Sie 8 weitere Tickets","og_url":"https:\/\/www.bb-entertainia.de\/test-bb-tickets\/product\/4-bebraer-rocknacht-im-lokschuppen\/","og_site_name":"Ticket-Shop BB Entertainia","article_modified_time":"2024-08-04T11:28:59+00:00","og_image":[{"width":1000,"height":1000,"url":"https:\/\/www.bb-entertainia.de\/test-bb-tickets\/wp-content\/uploads\/sh-4-Bebraer-Rocknacht.jpg","type":"image\/jpeg"}],"twitter_card":"summary_large_image","twitter_misc":{"Gesch\u00e4tzte Lesezeit":"2\u00a0Minuten"},"schema":{"@context":"https:\/\/schema.org","@graph":[{"@type":"WebPage","@id":"https:\/\/www.bb-entertainia.de\/test-bb-tickets\/product\/4-bebraer-rocknacht-im-lokschuppen\/","url":"https:\/\/www.bb-entertainia.de\/test-bb-tickets\/product\/4-bebraer-rocknacht-im-lokschuppen\/","name":"4. Bebraer Rocknacht im Lokschuppen - Ticket-Shop BB Entertainia","isPartOf":{"@id":"https:\/\/www.bb-entertainia.de\/test-bb-tickets\/#website"},"primaryImageOfPage":{"@id":"https:\/\/www.bb-entertainia.de\/test-bb-tickets\/product\/4-bebraer-rocknacht-im-lokschuppen\/#primaryimage"},"image":{"@id":"https:\/\/www.bb-entertainia.de\/test-bb-tickets\/product\/4-bebraer-rocknacht-im-lokschuppen\/#primaryimage"},"thumbnailUrl":"https:\/\/www.bb-entertainia.de\/test-bb-tickets\/wp-content\/uploads\/sh-4-Bebraer-Rocknacht.jpg","datePublished":"2024-02-19T09:46:05+00:00","dateModified":"2024-08-04T11:28:59+00:00","breadcrumb":{"@id":"https:\/\/www.bb-entertainia.de\/test-bb-tickets\/product\/4-bebraer-rocknacht-im-lokschuppen\/#breadcrumb"},"inLanguage":"de","potentialAction":[{"@type":"ReadAction","target":["https:\/\/www.bb-entertainia.de\/test-bb-tickets\/product\/4-bebraer-rocknacht-im-lokschuppen\/"]}]},{"@type":"ImageObject","inLanguage":"de","@id":"https:\/\/www.bb-entertainia.de\/test-bb-tickets\/product\/4-bebraer-rocknacht-im-lokschuppen\/#primaryimage","url":"https:\/\/www.bb-entertainia.de\/test-bb-tickets\/wp-content\/uploads\/sh-4-Bebraer-Rocknacht.jpg","contentUrl":"https:\/\/www.bb-entertainia.de\/test-bb-tickets\/wp-content\/uploads\/sh-4-Bebraer-Rocknacht.jpg","width":1000,"height":1000},{"@type":"BreadcrumbList","@id":"https:\/\/www.bb-entertainia.de\/test-bb-tickets\/product\/4-bebraer-rocknacht-im-lokschuppen\/#breadcrumb","itemListElement":[{"@type":"ListItem","position":1,"name":"Home","item":"https:\/\/www.bb-entertainia.de\/test-bb-tickets\/"},{"@type":"ListItem","position":2,"name":"Tickets","item":"https:\/\/www.bb-entertainia.de\/test-bb-tickets\/"},{"@type":"ListItem","position":3,"name":"4. Bebraer Rocknacht im Lokschuppen"}]},{"@type":"WebSite","@id":"https:\/\/www.bb-entertainia.de\/test-bb-tickets\/#website","url":"https:\/\/www.bb-entertainia.de\/test-bb-tickets\/","name":"Ticket-Shop BB Entertainia","description":"","publisher":{"@id":"https:\/\/www.bb-entertainia.de\/test-bb-tickets\/#organization"},"potentialAction":[{"@type":"SearchAction","target":{"@type":"EntryPoint","urlTemplate":"https:\/\/www.bb-entertainia.de\/test-bb-tickets\/?s={search_term_string}"},"query-input":"required name=search_term_string"}],"inLanguage":"de"},{"@type":"Organization","@id":"https:\/\/www.bb-entertainia.de\/test-bb-tickets\/#organization","name":"Ticket-Shop BB Entertainia","url":"https:\/\/www.bb-entertainia.de\/test-bb-tickets\/","logo":{"@type":"ImageObject","inLanguage":"de","@id":"https:\/\/www.bb-entertainia.de\/test-bb-tickets\/#\/schema\/logo\/image\/","url":"https:\/\/www.bb-entertainia.de\/test-bb-tickets\/wp-content\/uploads\/2020\/01\/logo-bb-entertainia.png","contentUrl":"https:\/\/www.bb-entertainia.de\/test-bb-tickets\/wp-content\/uploads\/2020\/01\/logo-bb-entertainia.png","width":500,"height":102,"caption":"Ticket-Shop BB Entertainia"},"image":{"@id":"https:\/\/www.bb-entertainia.de\/test-bb-tickets\/#\/schema\/logo\/image\/"}}]}},"tiered_pricing_type":"fixed","tiered_pricing_fixed_rules":{"8":"18","9":"20","10":"20","11":"20","12":"20","13":"20","14":"20","15":"20","16":"18","17":"20","18":"20","19":"20","20":"20","21":"20","22":"20","23":"20","24":"18","25":"20","26":"20","27":"20","29":"20","30":"20","31":"20","32":"18"},"tiered_pricing_product_settings":{"layout":"default","base_unit_name":{"singular":null,"plural":null},"default_variation":null},"tiered_pricing_minimum_quantity":1,"tiered_pricing_roles_data":[],"tiered_pricing_percentage_rules":[],"_links":{"self":[{"href":"https:\/\/www.bb-entertainia.de\/test-bb-tickets\/wp-json\/wp\/v2\/product\/85339"}],"collection":[{"href":"https:\/\/www.bb-entertainia.de\/test-bb-tickets\/wp-json\/wp\/v2\/product"}],"about":[{"href":"https:\/\/www.bb-entertainia.de\/test-bb-tickets\/wp-json\/wp\/v2\/types\/product"}],"author":[{"embeddable":true,"href":"https:\/\/www.bb-entertainia.de\/test-bb-tickets\/wp-json\/wp\/v2\/users\/1"}],"wp:featuredmedia":[{"embeddable":true,"href":"https:\/\/www.bb-entertainia.de\/test-bb-tickets\/wp-json\/wp\/v2\/media\/85566"}],"wp:attachment":[{"href":"https:\/\/www.bb-entertainia.de\/test-bb-tickets\/wp-json\/wp\/v2\/media?parent=85339"}],"wp:term":[{"taxonomy":"product_cat","embeddable":true,"href":"https:\/\/www.bb-entertainia.de\/test-bb-tickets\/wp-json\/wp\/v2\/product_cat?post=85339"},{"taxonomy":"product_tag","embeddable":true,"href":"https:\/\/www.bb-entertainia.de\/test-bb-tickets\/wp-json\/wp\/v2\/product_tag?post=85339"}],"curies":[{"name":"wp","href":"https:\/\/api.w.org\/{rel}","templated":true}]}}