{"id":84030,"date":"2024-02-12T10:43:47","date_gmt":"2024-02-12T09:43:47","guid":{"rendered":"https:\/\/www.bb-entertainia.de\/test-bb-tickets\/?post_type=product&#038;p=84030"},"modified":"2024-07-31T10:06:50","modified_gmt":"2024-07-31T08:06:50","slug":"three-faces-of-guru-guru","status":"publish","type":"product","link":"https:\/\/www.bb-entertainia.de\/test-bb-tickets\/product\/three-faces-of-guru-guru\/","title":{"rendered":"Guru Guru &#8211; The Incredible Tour 24"},"content":{"rendered":"<h3>Unglaublich aber wahr: Die Krautrock-Legende Guru Guru kommt am 3. November 2024 um 18:30 Uhr in den Lokschuppen!<\/h3>\n<p><strong>2024 startet Guru Guru die letzte gro\u00dfe Tour durch Deutschland. Die letzte Chance, die Altmeister nochmal in Aktion erleben zu k\u00f6nnen! Der Lokschuppen ist gl\u00fccklich, bei der Abschiedstour dabei zu sein.<\/strong><\/p>\n<p>Groovend, tight aber auch spacig, die Trademarks bleiben erhalten, genau wie der Elektrolurch fester Bestandteil des Liveprogrammes bleibt.<\/p>\n<p>Parallel zur Tour erscheint ein Album mit Sprengkraft, das sich \u00fcber alle Erwartungen und Genregrenzen hinwegsetzt! &#8220;The Incredible Universe of Guru Guru&#8221; mit Rocklegende &#8220;Mr. Fire&#8221; ARTHUR BROWN und dem ex Birth Control Keyboarder ZEUS B. HELD. H\u00f6renswert!!!<\/p>\n<h3>GURU GURU &#8211; Krautrock seit 1968<\/h3>\n<p>Gegr\u00fcndet 1968, im Jahr der Studentenrevolte, feierten Guru Guru in ihrer langen Bandgeschichte im letzten Jahr ihr 50-j\u00e4hriges B\u00fchnenjubil\u00e4um und z\u00e4hlen nach wie vor zu einer der innovativsten Bands seit ihrer Gr\u00fcndung, denn wo sich viele Musiker mit teilweisen gro\u00dfen Hits nur eine kurze Weile im Musikbusiness behaupten konnten, gingen Guru Guru abseits vom Mainstream mit ihrer Synthese aus experimentellen Rock, Ans\u00e4tzen von Avantgarde \u00fcber die Variationen des Jazz bis hin zu weltmusikalischen Einfl\u00fcssen immer ihren eigenen Weg.<\/p>\n<p>Nach \u00fcber 40 LP &amp; CD &amp; DVD Ver\u00f6ffentlichungen zeigen Guru Guru einmal mehr, dass &#8220;das runderneuerte Flaggschiff des Deutschrock&#8221; (Musikexpress) nichts von seiner F\u00e4higkeit eingeb\u00fc\u00dft hat, auch heute noch die Konzertbesucher in ihren Bann zu ziehen und immer noch f\u00fcr ein au\u00dfergew\u00f6hnliches H\u00f6rerlebnis zu sorgen. Dabei steht Mani Neumeier und seine Gurus f\u00fcr eine Rockmusik, die alle musikalischen Trends \u00fcberlebt hat und immer wieder Grenzen \u00fcberschreitet, was sie auf ihrem Live-Doppel-Album unter Beweis stellen.<\/p>\n<p>Heutzutage z\u00e4hlen Guru Guru nach \u00fcber 50 Jahren Bandgeschichte und mehr als 3.500 Konzerten immer noch zu den Urgesteinen der progressiven Rockmusik und wer glaubt, dass Mani Neumeier mit 80 Jahren die F\u00fc\u00dfe im altgedienten Ruhesessel hochlegen wird, hat sich gewaltig get\u00e4uscht.<\/p>\n<p>Mani bleibt wer er schon immer war &#8211; ein Schlagzeuger der Extraklasse.<br \/>\nAuch im Jahr 2024 zeigen Guru Guru, dass sie weiter ihren eingeschlagenen Weg konsequent weitergehen, denn Mani und seine Gurus sind mit ihrer Power und Spielfreude von der B\u00fchne einfach nicht wegzudenken.<\/p>\n<p>Guru Guru &#8211; waren nicht nur &#8211; nein &#8211; sie sind nach wie vor einmalig!<\/p>\n","protected":false},"excerpt":{"rendered":"<p><span class=\"uF-qm _2Cofy J2pYd _2Rnds\"><span class=\"_1idsK\" data-hook=\"ev-list-item-title\">Sitzplatz, Normalpreis<br \/>\nDatum: 03.11.2024, Beginn: 18:30 Uhr<br \/>\nEinlass 17.30 Uhr<\/span><\/span><\/p>\n<p><span class=\"uF-qm _2Cofy J2pYd _2Rnds\"><span class=\"_1idsK\" data-hook=\"ev-list-item-title\"><strong>Preise \/ Person:<\/strong><br \/>\nReihen 1 bis 14: <strong>29,00 \u20ac<\/strong><br \/>\nReihen 15 bis 25: <strong>25,00 \u20ac<\/strong><br \/>\nReihen 26 bis 33: <strong>22,00 \u20ac<\/strong><\/span><\/span><\/p>\n<p><span class=\"uF-qm _2Cofy J2pYd _2Rnds\"><span class=\"_1idsK\" data-hook=\"ev-list-item-title\"><strong>Achtung, der Saal verf\u00fcgt \u00fcber Sitzpl\u00e4tze in Vari\u00e9t\u00e9-Bestuhlung, bestehend jeweils aus einem Bistrotisch mit 2 St\u00fchlen.<\/strong><\/span><\/span><\/p>\n","protected":false},"author":1,"featured_media":79069,"template":"","meta":[],"product_cat":[61],"product_tag":[],"class_list":{"0":"post-84030","1":"product","2":"type-product","3":"status-publish","4":"has-post-thumbnail","6":"product_cat-konzert","8":"first","9":"instock","10":"taxable","11":"shipping-taxable","12":"purchasable","13":"product-type-variable"},"yoast_head":"<!-- This site is optimized with the Yoast SEO plugin v23.3 - https:\/\/yoast.com\/wordpress\/plugins\/seo\/ -->\n<title>Guru Guru - The Incredible Tour 24 - Ticket-Shop BB Entertainia<\/title>\n<meta name=\"robots\" content=\"index, follow, max-snippet:-1, max-image-preview:large, max-video-preview:-1\" \/>\n<link rel=\"canonical\" href=\"https:\/\/www.bb-entertainia.de\/test-bb-tickets\/product\/three-faces-of-guru-guru\/\" \/>\n<meta property=\"og:locale\" content=\"de_DE\" \/>\n<meta property=\"og:type\" content=\"article\" \/>\n<meta property=\"og:title\" content=\"Guru Guru - The Incredible Tour 24 - Ticket-Shop BB Entertainia\" \/>\n<meta property=\"og:description\" content=\"Sitzplatz, Normalpreis Datum: 03.11.2024, Beginn: 18:30 Uhr Einlass 17.30 Uhr  Preise \/ Person: Reihen 1 bis 14: 29,00 \u20ac Reihen 15 bis 25: 25,00 \u20ac Reihen 26 bis 33: 22,00 \u20ac  Achtung, der Saal verf\u00fcgt \u00fcber Sitzpl\u00e4tze in Vari\u00e9t\u00e9-Bestuhlung, bestehend jeweils aus einem Bistrotisch mit 2 St\u00fchlen.\" \/>\n<meta property=\"og:url\" content=\"https:\/\/www.bb-entertainia.de\/test-bb-tickets\/product\/three-faces-of-guru-guru\/\" \/>\n<meta property=\"og:site_name\" content=\"Ticket-Shop BB Entertainia\" \/>\n<meta property=\"article:modified_time\" content=\"2024-07-31T08:06:50+00:00\" \/>\n<meta property=\"og:image\" content=\"https:\/\/www.bb-entertainia.de\/test-bb-tickets\/wp-content\/uploads\/sh-Guru-Guru-2024.jpg\" \/>\n\t<meta property=\"og:image:width\" content=\"1000\" \/>\n\t<meta property=\"og:image:height\" content=\"1000\" \/>\n\t<meta property=\"og:image:type\" content=\"image\/jpeg\" \/>\n<meta name=\"twitter:card\" content=\"summary_large_image\" \/>\n<meta name=\"twitter:label1\" content=\"Gesch\u00e4tzte Lesezeit\" \/>\n\t<meta name=\"twitter:data1\" content=\"2\u00a0Minuten\" \/>\n<script type=\"application\/ld+json\" class=\"yoast-schema-graph\">{\"@context\":\"https:\/\/schema.org\",\"@graph\":[{\"@type\":\"WebPage\",\"@id\":\"https:\/\/www.bb-entertainia.de\/test-bb-tickets\/product\/three-faces-of-guru-guru\/\",\"url\":\"https:\/\/www.bb-entertainia.de\/test-bb-tickets\/product\/three-faces-of-guru-guru\/\",\"name\":\"Guru Guru - The Incredible Tour 24 - Ticket-Shop BB Entertainia\",\"isPartOf\":{\"@id\":\"https:\/\/www.bb-entertainia.de\/test-bb-tickets\/#website\"},\"primaryImageOfPage\":{\"@id\":\"https:\/\/www.bb-entertainia.de\/test-bb-tickets\/product\/three-faces-of-guru-guru\/#primaryimage\"},\"image\":{\"@id\":\"https:\/\/www.bb-entertainia.de\/test-bb-tickets\/product\/three-faces-of-guru-guru\/#primaryimage\"},\"thumbnailUrl\":\"https:\/\/www.bb-entertainia.de\/test-bb-tickets\/wp-content\/uploads\/sh-Guru-Guru-2024.jpg\",\"datePublished\":\"2024-02-12T09:43:47+00:00\",\"dateModified\":\"2024-07-31T08:06:50+00:00\",\"breadcrumb\":{\"@id\":\"https:\/\/www.bb-entertainia.de\/test-bb-tickets\/product\/three-faces-of-guru-guru\/#breadcrumb\"},\"inLanguage\":\"de\",\"potentialAction\":[{\"@type\":\"ReadAction\",\"target\":[\"https:\/\/www.bb-entertainia.de\/test-bb-tickets\/product\/three-faces-of-guru-guru\/\"]}]},{\"@type\":\"ImageObject\",\"inLanguage\":\"de\",\"@id\":\"https:\/\/www.bb-entertainia.de\/test-bb-tickets\/product\/three-faces-of-guru-guru\/#primaryimage\",\"url\":\"https:\/\/www.bb-entertainia.de\/test-bb-tickets\/wp-content\/uploads\/sh-Guru-Guru-2024.jpg\",\"contentUrl\":\"https:\/\/www.bb-entertainia.de\/test-bb-tickets\/wp-content\/uploads\/sh-Guru-Guru-2024.jpg\",\"width\":1000,\"height\":1000},{\"@type\":\"BreadcrumbList\",\"@id\":\"https:\/\/www.bb-entertainia.de\/test-bb-tickets\/product\/three-faces-of-guru-guru\/#breadcrumb\",\"itemListElement\":[{\"@type\":\"ListItem\",\"position\":1,\"name\":\"Home\",\"item\":\"https:\/\/www.bb-entertainia.de\/test-bb-tickets\/\"},{\"@type\":\"ListItem\",\"position\":2,\"name\":\"Tickets\",\"item\":\"https:\/\/www.bb-entertainia.de\/test-bb-tickets\/\"},{\"@type\":\"ListItem\",\"position\":3,\"name\":\"Guru Guru &#8211; The Incredible Tour 24\"}]},{\"@type\":\"WebSite\",\"@id\":\"https:\/\/www.bb-entertainia.de\/test-bb-tickets\/#website\",\"url\":\"https:\/\/www.bb-entertainia.de\/test-bb-tickets\/\",\"name\":\"Ticket-Shop BB Entertainia\",\"description\":\"\",\"publisher\":{\"@id\":\"https:\/\/www.bb-entertainia.de\/test-bb-tickets\/#organization\"},\"potentialAction\":[{\"@type\":\"SearchAction\",\"target\":{\"@type\":\"EntryPoint\",\"urlTemplate\":\"https:\/\/www.bb-entertainia.de\/test-bb-tickets\/?s={search_term_string}\"},\"query-input\":\"required name=search_term_string\"}],\"inLanguage\":\"de\"},{\"@type\":\"Organization\",\"@id\":\"https:\/\/www.bb-entertainia.de\/test-bb-tickets\/#organization\",\"name\":\"Ticket-Shop BB Entertainia\",\"url\":\"https:\/\/www.bb-entertainia.de\/test-bb-tickets\/\",\"logo\":{\"@type\":\"ImageObject\",\"inLanguage\":\"de\",\"@id\":\"https:\/\/www.bb-entertainia.de\/test-bb-tickets\/#\/schema\/logo\/image\/\",\"url\":\"https:\/\/www.bb-entertainia.de\/test-bb-tickets\/wp-content\/uploads\/2020\/01\/logo-bb-entertainia.png\",\"contentUrl\":\"https:\/\/www.bb-entertainia.de\/test-bb-tickets\/wp-content\/uploads\/2020\/01\/logo-bb-entertainia.png\",\"width\":500,\"height\":102,\"caption\":\"Ticket-Shop BB Entertainia\"},\"image\":{\"@id\":\"https:\/\/www.bb-entertainia.de\/test-bb-tickets\/#\/schema\/logo\/image\/\"}}]}<\/script>\n<!-- \/ Yoast SEO plugin. -->","yoast_head_json":{"title":"Guru Guru - The Incredible Tour 24 - Ticket-Shop BB Entertainia","robots":{"index":"index","follow":"follow","max-snippet":"max-snippet:-1","max-image-preview":"max-image-preview:large","max-video-preview":"max-video-preview:-1"},"canonical":"https:\/\/www.bb-entertainia.de\/test-bb-tickets\/product\/three-faces-of-guru-guru\/","og_locale":"de_DE","og_type":"article","og_title":"Guru Guru - The Incredible Tour 24 - Ticket-Shop BB Entertainia","og_description":"Sitzplatz, Normalpreis Datum: 03.11.2024, Beginn: 18:30 Uhr Einlass 17.30 Uhr  Preise \/ Person: Reihen 1 bis 14: 29,00 \u20ac Reihen 15 bis 25: 25,00 \u20ac Reihen 26 bis 33: 22,00 \u20ac  Achtung, der Saal verf\u00fcgt \u00fcber Sitzpl\u00e4tze in Vari\u00e9t\u00e9-Bestuhlung, bestehend jeweils aus einem Bistrotisch mit 2 St\u00fchlen.","og_url":"https:\/\/www.bb-entertainia.de\/test-bb-tickets\/product\/three-faces-of-guru-guru\/","og_site_name":"Ticket-Shop BB Entertainia","article_modified_time":"2024-07-31T08:06:50+00:00","og_image":[{"width":1000,"height":1000,"url":"https:\/\/www.bb-entertainia.de\/test-bb-tickets\/wp-content\/uploads\/sh-Guru-Guru-2024.jpg","type":"image\/jpeg"}],"twitter_card":"summary_large_image","twitter_misc":{"Gesch\u00e4tzte Lesezeit":"2\u00a0Minuten"},"schema":{"@context":"https:\/\/schema.org","@graph":[{"@type":"WebPage","@id":"https:\/\/www.bb-entertainia.de\/test-bb-tickets\/product\/three-faces-of-guru-guru\/","url":"https:\/\/www.bb-entertainia.de\/test-bb-tickets\/product\/three-faces-of-guru-guru\/","name":"Guru Guru - The Incredible Tour 24 - Ticket-Shop BB Entertainia","isPartOf":{"@id":"https:\/\/www.bb-entertainia.de\/test-bb-tickets\/#website"},"primaryImageOfPage":{"@id":"https:\/\/www.bb-entertainia.de\/test-bb-tickets\/product\/three-faces-of-guru-guru\/#primaryimage"},"image":{"@id":"https:\/\/www.bb-entertainia.de\/test-bb-tickets\/product\/three-faces-of-guru-guru\/#primaryimage"},"thumbnailUrl":"https:\/\/www.bb-entertainia.de\/test-bb-tickets\/wp-content\/uploads\/sh-Guru-Guru-2024.jpg","datePublished":"2024-02-12T09:43:47+00:00","dateModified":"2024-07-31T08:06:50+00:00","breadcrumb":{"@id":"https:\/\/www.bb-entertainia.de\/test-bb-tickets\/product\/three-faces-of-guru-guru\/#breadcrumb"},"inLanguage":"de","potentialAction":[{"@type":"ReadAction","target":["https:\/\/www.bb-entertainia.de\/test-bb-tickets\/product\/three-faces-of-guru-guru\/"]}]},{"@type":"ImageObject","inLanguage":"de","@id":"https:\/\/www.bb-entertainia.de\/test-bb-tickets\/product\/three-faces-of-guru-guru\/#primaryimage","url":"https:\/\/www.bb-entertainia.de\/test-bb-tickets\/wp-content\/uploads\/sh-Guru-Guru-2024.jpg","contentUrl":"https:\/\/www.bb-entertainia.de\/test-bb-tickets\/wp-content\/uploads\/sh-Guru-Guru-2024.jpg","width":1000,"height":1000},{"@type":"BreadcrumbList","@id":"https:\/\/www.bb-entertainia.de\/test-bb-tickets\/product\/three-faces-of-guru-guru\/#breadcrumb","itemListElement":[{"@type":"ListItem","position":1,"name":"Home","item":"https:\/\/www.bb-entertainia.de\/test-bb-tickets\/"},{"@type":"ListItem","position":2,"name":"Tickets","item":"https:\/\/www.bb-entertainia.de\/test-bb-tickets\/"},{"@type":"ListItem","position":3,"name":"Guru Guru &#8211; The Incredible Tour 24"}]},{"@type":"WebSite","@id":"https:\/\/www.bb-entertainia.de\/test-bb-tickets\/#website","url":"https:\/\/www.bb-entertainia.de\/test-bb-tickets\/","name":"Ticket-Shop BB Entertainia","description":"","publisher":{"@id":"https:\/\/www.bb-entertainia.de\/test-bb-tickets\/#organization"},"potentialAction":[{"@type":"SearchAction","target":{"@type":"EntryPoint","urlTemplate":"https:\/\/www.bb-entertainia.de\/test-bb-tickets\/?s={search_term_string}"},"query-input":"required name=search_term_string"}],"inLanguage":"de"},{"@type":"Organization","@id":"https:\/\/www.bb-entertainia.de\/test-bb-tickets\/#organization","name":"Ticket-Shop BB Entertainia","url":"https:\/\/www.bb-entertainia.de\/test-bb-tickets\/","logo":{"@type":"ImageObject","inLanguage":"de","@id":"https:\/\/www.bb-entertainia.de\/test-bb-tickets\/#\/schema\/logo\/image\/","url":"https:\/\/www.bb-entertainia.de\/test-bb-tickets\/wp-content\/uploads\/2020\/01\/logo-bb-entertainia.png","contentUrl":"https:\/\/www.bb-entertainia.de\/test-bb-tickets\/wp-content\/uploads\/2020\/01\/logo-bb-entertainia.png","width":500,"height":102,"caption":"Ticket-Shop BB Entertainia"},"image":{"@id":"https:\/\/www.bb-entertainia.de\/test-bb-tickets\/#\/schema\/logo\/image\/"}}]}},"tiered_pricing_type":"fixed","tiered_pricing_fixed_rules":[],"tiered_pricing_product_settings":{"layout":"default","base_unit_name":{"singular":null,"plural":null},"default_variation":null},"tiered_pricing_minimum_quantity":1,"tiered_pricing_roles_data":[],"tiered_pricing_percentage_rules":[],"_links":{"self":[{"href":"https:\/\/www.bb-entertainia.de\/test-bb-tickets\/wp-json\/wp\/v2\/product\/84030"}],"collection":[{"href":"https:\/\/www.bb-entertainia.de\/test-bb-tickets\/wp-json\/wp\/v2\/product"}],"about":[{"href":"https:\/\/www.bb-entertainia.de\/test-bb-tickets\/wp-json\/wp\/v2\/types\/product"}],"author":[{"embeddable":true,"href":"https:\/\/www.bb-entertainia.de\/test-bb-tickets\/wp-json\/wp\/v2\/users\/1"}],"wp:featuredmedia":[{"embeddable":true,"href":"https:\/\/www.bb-entertainia.de\/test-bb-tickets\/wp-json\/wp\/v2\/media\/79069"}],"wp:attachment":[{"href":"https:\/\/www.bb-entertainia.de\/test-bb-tickets\/wp-json\/wp\/v2\/media?parent=84030"}],"wp:term":[{"taxonomy":"product_cat","embeddable":true,"href":"https:\/\/www.bb-entertainia.de\/test-bb-tickets\/wp-json\/wp\/v2\/product_cat?post=84030"},{"taxonomy":"product_tag","embeddable":true,"href":"https:\/\/www.bb-entertainia.de\/test-bb-tickets\/wp-json\/wp\/v2\/product_tag?post=84030"}],"curies":[{"name":"wp","href":"https:\/\/api.w.org\/{rel}","templated":true}]}}