{"id":82366,"date":"2024-02-03T10:24:59","date_gmt":"2024-02-03T09:24:59","guid":{"rendered":"https:\/\/www.bb-entertainia.de\/test-bb-tickets\/?post_type=product&#038;p=82366"},"modified":"2024-08-11T19:23:16","modified_gmt":"2024-08-11T17:23:16","slug":"irish-folk-festival-2024","status":"publish","type":"product","link":"https:\/\/www.bb-entertainia.de\/test-bb-tickets\/product\/irish-folk-festival-2024\/","title":{"rendered":"Irish Folk Festival 2024"},"content":{"rendered":"<p>Seit 51 Jahren tourt das Irish Folk Festival durch Deutschland! Wir freuen uns, dass diese \u00fcberaus gro\u00dfe und traditionsreiche Tour auch dieses Jahr wieder den Lokschuppen f\u00fcr eine Tour-Station auserw\u00e4hlt hat.<\/p>\n<p>Der aktuelle Tourname \u201eFair Play\u201c ist spannend zweideutig. Im irischen Slang steht er f\u00fcr \u201egut gemacht\u201c oder \u201eBravo\u201c.\u00a0Es geht aber auch darum, den K\u00fcnstlern ihren fairen Anteil an den Einnahmen zu sichern.\u00a0Zum dritten Mal l\u00e4dt der Lokschuppen mit Guinness, Kilkenny und exzellenter Musik die Freunde des irischen Liedguts ein.<\/p>\n<p>Es treten auf:<\/p>\n<p>TOM BYRNE &#8211; HARMONICA MAGICIAN<br \/>\nJede Generation bringt ein paar K\u00fcnstler hervor, die Ma\u00dfst\u00e4be setzen und vor denen man nur tief den Hut ziehen und sagen kann: \u201eWow, das ist sensationell!\u201c Tom Byrne ist genauso einer, der aus der winzigen Mundharmonika Gro\u00dfes rausholt.\u00a0 Bei den \u201eLiveIreland Music Awards\u201c wurde Tom als der beste m\u00e4nnliche Interpret ausgezeichnet.<\/p>\n<p>EVA COYLE &amp; FRIENDS &#8211; A STANDOUT VOICE<br \/>\nEva und ihre Band haben einen Klang geschaffen, den man wie eine W\u00e4rmflasche an sich dr\u00fccken und nicht mehr loslassen mag. Der Klang ist eher \u201efolky\u201c als traditionell, aber durch die Verwendung typisch irischer Instrumente wie Fiddle und Akkordeon ist klar: Diese Band kann nur von der Gr\u00fcnen Insel sein. Die \u201eEva Coyle &amp; Friends\u201c-Band hat in Irland einige der angesagtesten Festivals gespielt wie etwa das Kilkenny Arts Festival, das EMO oder auch das von 70.000 Menschen besuchte \u201eElectric Picnic\u201c. Wir freuen uns sehr, Eva als Erste in unseren Breitengraden als eines der bestgeh\u00fcteten Geheimnisse der Gr\u00fcnen Insel vorstellen zu k\u00f6nnen.<\/p>\n<p>REELRHYTHM &#8211; STEP &amp; TAP DANCE EXTRAVAGANZA<br \/>\nObwohl Step und Tap Dance technisch und kulturell gesehen andere Urspr\u00fcnge haben, liegt es auf der Hand sich aneinander zu reiben und sich auszutauschen. Da spr\u00fchen die Funken nicht nur an Ideen, wie man beides am besten vernetzt, sondern bald auch unter den Eisen beschlagenen Schuhen. Die Zuschauer werden vom Feuerwerk sowohl der irischen als auch der amerikanischen Elemente begeistert sein.<\/p>\n<p>3 ON THE BUND &#8211; A SOUND ADDRESS FOR IRISH MUSIC<br \/>\nDas Quintett bringt mit seinem Mix aus Tradition, eigenen Songs &amp; Tunes, aber auch Einfl\u00fcssen von Weltmusik frischen Wind in die Folkszene. Das Irish Music Magazine schw\u00e4rmt: \u201ePowerful, energetic and vibrant\u201c.<\/p>\n<p>Seid dabei, wenn ein St\u00fcck Irland nach Bebra kommt!<\/p>\n","protected":false},"excerpt":{"rendered":"<p><span class=\"uF-qm _2Cofy J2pYd _2Rnds\"><span class=\"_1idsK\" data-hook=\"ev-list-item-title\">Sitzplatz, Normalpreis<br \/>\nDatum: 09.11.2024, Beginn: 20:00 Uhr<br \/>\nEinlass 19.00 Uhr<\/span><\/span><\/p>\n<p><strong>Preise \/ Person:<\/strong><br \/>\nReihen 1 bis 6: <strong>42,- \u20ac<\/strong><br \/>\nReihen 7 bis 11: <strong>36,- \u20ac<\/strong><br \/>\nReihen 12 bis 18: <strong>29,- \u20ac<\/strong><\/p>\n<p><span class=\"uF-qm _2Cofy J2pYd _2Rnds\"><span class=\"_1idsK\" data-hook=\"ev-list-item-title\"><strong>Achtung, der Saal verf\u00fcgt \u00fcber Sitzpl\u00e4tze in Vari\u00e9t\u00e9-Bestuhlung, bestehend jeweils aus einem Bistrotisch mit 2 St\u00fchlen.<\/strong><\/span><\/span><\/p>\n","protected":false},"author":1,"featured_media":82370,"template":"","meta":[],"product_cat":[124,61],"product_tag":[],"class_list":{"0":"post-82366","1":"product","2":"type-product","3":"status-publish","4":"has-post-thumbnail","6":"product_cat-festival","7":"product_cat-konzert","9":"first","10":"instock","11":"taxable","12":"shipping-taxable","13":"purchasable","14":"product-type-variable"},"yoast_head":"<!-- This site is optimized with the Yoast SEO plugin v23.3 - https:\/\/yoast.com\/wordpress\/plugins\/seo\/ -->\n<title>Irish Folk Festival 2024 - Ticket-Shop BB Entertainia<\/title>\n<meta name=\"robots\" content=\"index, follow, max-snippet:-1, max-image-preview:large, max-video-preview:-1\" \/>\n<link rel=\"canonical\" href=\"https:\/\/www.bb-entertainia.de\/test-bb-tickets\/product\/irish-folk-festival-2024\/\" \/>\n<meta property=\"og:locale\" content=\"de_DE\" \/>\n<meta property=\"og:type\" content=\"article\" \/>\n<meta property=\"og:title\" content=\"Irish Folk Festival 2024 - Ticket-Shop BB Entertainia\" \/>\n<meta property=\"og:description\" content=\"Sitzplatz, Normalpreis Datum: 09.11.2024, Beginn: 20:00 Uhr Einlass 19.00 Uhr  Preise \/ Person: Reihen 1 bis 6: 42,- \u20ac Reihen 7 bis 11: 36,- \u20ac Reihen 12 bis 18: 29,- \u20ac  Achtung, der Saal verf\u00fcgt \u00fcber Sitzpl\u00e4tze in Vari\u00e9t\u00e9-Bestuhlung, bestehend jeweils aus einem Bistrotisch mit 2 St\u00fchlen.\" \/>\n<meta property=\"og:url\" content=\"https:\/\/www.bb-entertainia.de\/test-bb-tickets\/product\/irish-folk-festival-2024\/\" \/>\n<meta property=\"og:site_name\" content=\"Ticket-Shop BB Entertainia\" \/>\n<meta property=\"article:modified_time\" content=\"2024-08-11T17:23:16+00:00\" \/>\n<meta property=\"og:image\" content=\"https:\/\/www.bb-entertainia.de\/test-bb-tickets\/wp-content\/uploads\/sh-irish-folk-festival-24.jpg\" \/>\n\t<meta property=\"og:image:width\" content=\"1000\" \/>\n\t<meta property=\"og:image:height\" content=\"1000\" \/>\n\t<meta property=\"og:image:type\" content=\"image\/jpeg\" \/>\n<meta name=\"twitter:card\" content=\"summary_large_image\" \/>\n<meta name=\"twitter:label1\" content=\"Gesch\u00e4tzte Lesezeit\" \/>\n\t<meta name=\"twitter:data1\" content=\"3\u00a0Minuten\" \/>\n<script type=\"application\/ld+json\" class=\"yoast-schema-graph\">{\"@context\":\"https:\/\/schema.org\",\"@graph\":[{\"@type\":\"WebPage\",\"@id\":\"https:\/\/www.bb-entertainia.de\/test-bb-tickets\/product\/irish-folk-festival-2024\/\",\"url\":\"https:\/\/www.bb-entertainia.de\/test-bb-tickets\/product\/irish-folk-festival-2024\/\",\"name\":\"Irish Folk Festival 2024 - Ticket-Shop BB Entertainia\",\"isPartOf\":{\"@id\":\"https:\/\/www.bb-entertainia.de\/test-bb-tickets\/#website\"},\"primaryImageOfPage\":{\"@id\":\"https:\/\/www.bb-entertainia.de\/test-bb-tickets\/product\/irish-folk-festival-2024\/#primaryimage\"},\"image\":{\"@id\":\"https:\/\/www.bb-entertainia.de\/test-bb-tickets\/product\/irish-folk-festival-2024\/#primaryimage\"},\"thumbnailUrl\":\"https:\/\/www.bb-entertainia.de\/test-bb-tickets\/wp-content\/uploads\/sh-irish-folk-festival-24.jpg\",\"datePublished\":\"2024-02-03T09:24:59+00:00\",\"dateModified\":\"2024-08-11T17:23:16+00:00\",\"breadcrumb\":{\"@id\":\"https:\/\/www.bb-entertainia.de\/test-bb-tickets\/product\/irish-folk-festival-2024\/#breadcrumb\"},\"inLanguage\":\"de\",\"potentialAction\":[{\"@type\":\"ReadAction\",\"target\":[\"https:\/\/www.bb-entertainia.de\/test-bb-tickets\/product\/irish-folk-festival-2024\/\"]}]},{\"@type\":\"ImageObject\",\"inLanguage\":\"de\",\"@id\":\"https:\/\/www.bb-entertainia.de\/test-bb-tickets\/product\/irish-folk-festival-2024\/#primaryimage\",\"url\":\"https:\/\/www.bb-entertainia.de\/test-bb-tickets\/wp-content\/uploads\/sh-irish-folk-festival-24.jpg\",\"contentUrl\":\"https:\/\/www.bb-entertainia.de\/test-bb-tickets\/wp-content\/uploads\/sh-irish-folk-festival-24.jpg\",\"width\":1000,\"height\":1000},{\"@type\":\"BreadcrumbList\",\"@id\":\"https:\/\/www.bb-entertainia.de\/test-bb-tickets\/product\/irish-folk-festival-2024\/#breadcrumb\",\"itemListElement\":[{\"@type\":\"ListItem\",\"position\":1,\"name\":\"Home\",\"item\":\"https:\/\/www.bb-entertainia.de\/test-bb-tickets\/\"},{\"@type\":\"ListItem\",\"position\":2,\"name\":\"Tickets\",\"item\":\"https:\/\/www.bb-entertainia.de\/test-bb-tickets\/\"},{\"@type\":\"ListItem\",\"position\":3,\"name\":\"Irish Folk Festival 2024\"}]},{\"@type\":\"WebSite\",\"@id\":\"https:\/\/www.bb-entertainia.de\/test-bb-tickets\/#website\",\"url\":\"https:\/\/www.bb-entertainia.de\/test-bb-tickets\/\",\"name\":\"Ticket-Shop BB Entertainia\",\"description\":\"\",\"publisher\":{\"@id\":\"https:\/\/www.bb-entertainia.de\/test-bb-tickets\/#organization\"},\"potentialAction\":[{\"@type\":\"SearchAction\",\"target\":{\"@type\":\"EntryPoint\",\"urlTemplate\":\"https:\/\/www.bb-entertainia.de\/test-bb-tickets\/?s={search_term_string}\"},\"query-input\":\"required name=search_term_string\"}],\"inLanguage\":\"de\"},{\"@type\":\"Organization\",\"@id\":\"https:\/\/www.bb-entertainia.de\/test-bb-tickets\/#organization\",\"name\":\"Ticket-Shop BB Entertainia\",\"url\":\"https:\/\/www.bb-entertainia.de\/test-bb-tickets\/\",\"logo\":{\"@type\":\"ImageObject\",\"inLanguage\":\"de\",\"@id\":\"https:\/\/www.bb-entertainia.de\/test-bb-tickets\/#\/schema\/logo\/image\/\",\"url\":\"https:\/\/www.bb-entertainia.de\/test-bb-tickets\/wp-content\/uploads\/2020\/01\/logo-bb-entertainia.png\",\"contentUrl\":\"https:\/\/www.bb-entertainia.de\/test-bb-tickets\/wp-content\/uploads\/2020\/01\/logo-bb-entertainia.png\",\"width\":500,\"height\":102,\"caption\":\"Ticket-Shop BB Entertainia\"},\"image\":{\"@id\":\"https:\/\/www.bb-entertainia.de\/test-bb-tickets\/#\/schema\/logo\/image\/\"}}]}<\/script>\n<!-- \/ Yoast SEO plugin. -->","yoast_head_json":{"title":"Irish Folk Festival 2024 - Ticket-Shop BB Entertainia","robots":{"index":"index","follow":"follow","max-snippet":"max-snippet:-1","max-image-preview":"max-image-preview:large","max-video-preview":"max-video-preview:-1"},"canonical":"https:\/\/www.bb-entertainia.de\/test-bb-tickets\/product\/irish-folk-festival-2024\/","og_locale":"de_DE","og_type":"article","og_title":"Irish Folk Festival 2024 - Ticket-Shop BB Entertainia","og_description":"Sitzplatz, Normalpreis Datum: 09.11.2024, Beginn: 20:00 Uhr Einlass 19.00 Uhr  Preise \/ Person: Reihen 1 bis 6: 42,- \u20ac Reihen 7 bis 11: 36,- \u20ac Reihen 12 bis 18: 29,- \u20ac  Achtung, der Saal verf\u00fcgt \u00fcber Sitzpl\u00e4tze in Vari\u00e9t\u00e9-Bestuhlung, bestehend jeweils aus einem Bistrotisch mit 2 St\u00fchlen.","og_url":"https:\/\/www.bb-entertainia.de\/test-bb-tickets\/product\/irish-folk-festival-2024\/","og_site_name":"Ticket-Shop BB Entertainia","article_modified_time":"2024-08-11T17:23:16+00:00","og_image":[{"width":1000,"height":1000,"url":"https:\/\/www.bb-entertainia.de\/test-bb-tickets\/wp-content\/uploads\/sh-irish-folk-festival-24.jpg","type":"image\/jpeg"}],"twitter_card":"summary_large_image","twitter_misc":{"Gesch\u00e4tzte Lesezeit":"3\u00a0Minuten"},"schema":{"@context":"https:\/\/schema.org","@graph":[{"@type":"WebPage","@id":"https:\/\/www.bb-entertainia.de\/test-bb-tickets\/product\/irish-folk-festival-2024\/","url":"https:\/\/www.bb-entertainia.de\/test-bb-tickets\/product\/irish-folk-festival-2024\/","name":"Irish Folk Festival 2024 - Ticket-Shop BB Entertainia","isPartOf":{"@id":"https:\/\/www.bb-entertainia.de\/test-bb-tickets\/#website"},"primaryImageOfPage":{"@id":"https:\/\/www.bb-entertainia.de\/test-bb-tickets\/product\/irish-folk-festival-2024\/#primaryimage"},"image":{"@id":"https:\/\/www.bb-entertainia.de\/test-bb-tickets\/product\/irish-folk-festival-2024\/#primaryimage"},"thumbnailUrl":"https:\/\/www.bb-entertainia.de\/test-bb-tickets\/wp-content\/uploads\/sh-irish-folk-festival-24.jpg","datePublished":"2024-02-03T09:24:59+00:00","dateModified":"2024-08-11T17:23:16+00:00","breadcrumb":{"@id":"https:\/\/www.bb-entertainia.de\/test-bb-tickets\/product\/irish-folk-festival-2024\/#breadcrumb"},"inLanguage":"de","potentialAction":[{"@type":"ReadAction","target":["https:\/\/www.bb-entertainia.de\/test-bb-tickets\/product\/irish-folk-festival-2024\/"]}]},{"@type":"ImageObject","inLanguage":"de","@id":"https:\/\/www.bb-entertainia.de\/test-bb-tickets\/product\/irish-folk-festival-2024\/#primaryimage","url":"https:\/\/www.bb-entertainia.de\/test-bb-tickets\/wp-content\/uploads\/sh-irish-folk-festival-24.jpg","contentUrl":"https:\/\/www.bb-entertainia.de\/test-bb-tickets\/wp-content\/uploads\/sh-irish-folk-festival-24.jpg","width":1000,"height":1000},{"@type":"BreadcrumbList","@id":"https:\/\/www.bb-entertainia.de\/test-bb-tickets\/product\/irish-folk-festival-2024\/#breadcrumb","itemListElement":[{"@type":"ListItem","position":1,"name":"Home","item":"https:\/\/www.bb-entertainia.de\/test-bb-tickets\/"},{"@type":"ListItem","position":2,"name":"Tickets","item":"https:\/\/www.bb-entertainia.de\/test-bb-tickets\/"},{"@type":"ListItem","position":3,"name":"Irish Folk Festival 2024"}]},{"@type":"WebSite","@id":"https:\/\/www.bb-entertainia.de\/test-bb-tickets\/#website","url":"https:\/\/www.bb-entertainia.de\/test-bb-tickets\/","name":"Ticket-Shop BB Entertainia","description":"","publisher":{"@id":"https:\/\/www.bb-entertainia.de\/test-bb-tickets\/#organization"},"potentialAction":[{"@type":"SearchAction","target":{"@type":"EntryPoint","urlTemplate":"https:\/\/www.bb-entertainia.de\/test-bb-tickets\/?s={search_term_string}"},"query-input":"required name=search_term_string"}],"inLanguage":"de"},{"@type":"Organization","@id":"https:\/\/www.bb-entertainia.de\/test-bb-tickets\/#organization","name":"Ticket-Shop BB Entertainia","url":"https:\/\/www.bb-entertainia.de\/test-bb-tickets\/","logo":{"@type":"ImageObject","inLanguage":"de","@id":"https:\/\/www.bb-entertainia.de\/test-bb-tickets\/#\/schema\/logo\/image\/","url":"https:\/\/www.bb-entertainia.de\/test-bb-tickets\/wp-content\/uploads\/2020\/01\/logo-bb-entertainia.png","contentUrl":"https:\/\/www.bb-entertainia.de\/test-bb-tickets\/wp-content\/uploads\/2020\/01\/logo-bb-entertainia.png","width":500,"height":102,"caption":"Ticket-Shop BB Entertainia"},"image":{"@id":"https:\/\/www.bb-entertainia.de\/test-bb-tickets\/#\/schema\/logo\/image\/"}}]}},"tiered_pricing_type":"fixed","tiered_pricing_fixed_rules":[],"tiered_pricing_product_settings":{"layout":"default","base_unit_name":{"singular":null,"plural":null},"default_variation":null},"tiered_pricing_minimum_quantity":1,"tiered_pricing_roles_data":[],"tiered_pricing_percentage_rules":[],"_links":{"self":[{"href":"https:\/\/www.bb-entertainia.de\/test-bb-tickets\/wp-json\/wp\/v2\/product\/82366"}],"collection":[{"href":"https:\/\/www.bb-entertainia.de\/test-bb-tickets\/wp-json\/wp\/v2\/product"}],"about":[{"href":"https:\/\/www.bb-entertainia.de\/test-bb-tickets\/wp-json\/wp\/v2\/types\/product"}],"author":[{"embeddable":true,"href":"https:\/\/www.bb-entertainia.de\/test-bb-tickets\/wp-json\/wp\/v2\/users\/1"}],"wp:featuredmedia":[{"embeddable":true,"href":"https:\/\/www.bb-entertainia.de\/test-bb-tickets\/wp-json\/wp\/v2\/media\/82370"}],"wp:attachment":[{"href":"https:\/\/www.bb-entertainia.de\/test-bb-tickets\/wp-json\/wp\/v2\/media?parent=82366"}],"wp:term":[{"taxonomy":"product_cat","embeddable":true,"href":"https:\/\/www.bb-entertainia.de\/test-bb-tickets\/wp-json\/wp\/v2\/product_cat?post=82366"},{"taxonomy":"product_tag","embeddable":true,"href":"https:\/\/www.bb-entertainia.de\/test-bb-tickets\/wp-json\/wp\/v2\/product_tag?post=82366"}],"curies":[{"name":"wp","href":"https:\/\/api.w.org\/{rel}","templated":true}]}}