{"id":82326,"date":"2024-02-02T17:54:18","date_gmt":"2024-02-02T16:54:18","guid":{"rendered":"https:\/\/www.bb-entertainia.de\/test-bb-tickets\/?post_type=product&#038;p=82326"},"modified":"2024-08-11T21:54:29","modified_gmt":"2024-08-11T19:54:29","slug":"stephan-bauer-weihnachten-faellt-aus","status":"publish","type":"product","link":"https:\/\/www.bb-entertainia.de\/test-bb-tickets\/product\/stephan-bauer-weihnachten-faellt-aus\/","title":{"rendered":"Stephan Bauer &#8211; Weihnachten f\u00e4llt aus!"},"content":{"rendered":"<h3>\u201eWeihnachten f\u00e4llt aus! Josef gesteht alles!\u201c<br \/>\nKabarett und Comedy auf h\u00f6chstem Niveau<\/h3>\n<p>Alle Jahre wieder kommt das Christuskind&#8230; und macht nichts als \u00c4rger. Streitende Familien, brennende Tannenb\u00e4ume und gestresste Menschen, die in der Vorweihnachtszeit durch Innenst\u00e4dte hetzen, auf der verzweifelten Suche nach Geschenken. Wenn wir ehrlich sind, hat man in der Adventszeit den Eindruck, Bethlehem war eine Filiale von REWE.<br \/>\nUnd wenn dann alle fix und fertig sind vom Einkaufsmarathon, f\u00e4llt am Heiligabend die Familie ein: die allein erziehende Schwester, die schlecht h\u00f6rende Oma und die zickige Patentante mit ihrem Scho\u00dfh\u00fcndchen. Mama kocht, was das Zeug h\u00e4lt und Papa ist total genervt, weil die Gans nicht auf dem Teller liegt, sondern neben ihm sitzt. Ideale Voraussetzungen f\u00fcr ein &#8216;rohes Fest&#8217;&#8230;<br \/>\nStephan Bauers erstes Weihnachtsprogramm ist die gnadenlos komische Antwort auf die apokalyptischen Seiten des Weihnachtsfestes &#8211; mit nur einem Ziel: dass es in dieser Zeit wenigstens einmal ordentlich was zu lachen gibt.<br \/>\nRaus also aus der Weihnachtsdepression! Lasst uns dieses Fest mit der winterlichen Idylle, Tannenbaum und Schneeflocken wieder genie\u00dfen &#8211; solange es der Klimawandel noch zul\u00e4sst. Denn<br \/>\nsp\u00e4testens in 50 Jahren kommt der Weihnachtsmann mit dem Surfbrett!<\/p>\n<p><strong>Ein Mann &#8211; ein Barhocker &#8211; ein Gagfeuerwerk &#8211; eben Stephan Bauer !<\/strong><\/p>\n<p>&nbsp;<\/p>\n","protected":false},"excerpt":{"rendered":"<p><span class=\"uF-qm _2Cofy J2pYd _2Rnds\"><span class=\"_1idsK\" data-hook=\"ev-list-item-title\">Sitzplatz, Normalpreis<br \/>\nDatum: 22.12.2024, Beginn: 19:00 Uhr<br \/>\nEinlass 18.00 Uhr<\/span><\/span><\/p>\n<p><span class=\"uF-qm _2Cofy J2pYd _2Rnds\"><span class=\"_1idsK\" data-hook=\"ev-list-item-title\"><strong>Preise \/ Person:<\/strong><br \/>\nReihen 1 bis 14: <strong>31,- \u20ac<\/strong><br \/>\nReihen 15 bis 25: <strong>26,- \u20ac<\/strong><br \/>\nReihen 26 bis 33: <strong>22,50 \u20ac<\/strong><\/span><\/span><\/p>\n<p><span class=\"uF-qm _2Cofy J2pYd _2Rnds\"><span class=\"_1idsK\" data-hook=\"ev-list-item-title\"><strong>Achtung, der Saal verf\u00fcgt \u00fcber Sitzpl\u00e4tze in Reihen-Bestuhlung.<\/strong><\/span><\/span><\/p>\n","protected":false},"author":1,"featured_media":82344,"template":"","meta":[],"product_cat":[55],"product_tag":[],"class_list":{"0":"post-82326","1":"product","2":"type-product","3":"status-publish","4":"has-post-thumbnail","6":"product_cat-comedy","8":"first","9":"instock","10":"taxable","11":"shipping-taxable","12":"purchasable","13":"product-type-variable"},"yoast_head":"<!-- This site is optimized with the Yoast SEO plugin v23.3 - https:\/\/yoast.com\/wordpress\/plugins\/seo\/ -->\n<title>Stephan Bauer - Weihnachten f\u00e4llt aus! - Ticket-Shop BB Entertainia<\/title>\n<meta name=\"robots\" content=\"index, follow, max-snippet:-1, max-image-preview:large, max-video-preview:-1\" \/>\n<link rel=\"canonical\" href=\"https:\/\/www.bb-entertainia.de\/test-bb-tickets\/product\/stephan-bauer-weihnachten-faellt-aus\/\" \/>\n<meta property=\"og:locale\" content=\"de_DE\" \/>\n<meta property=\"og:type\" content=\"article\" \/>\n<meta property=\"og:title\" content=\"Stephan Bauer - Weihnachten f\u00e4llt aus! - Ticket-Shop BB Entertainia\" \/>\n<meta property=\"og:description\" content=\"Sitzplatz, Normalpreis Datum: 22.12.2024, Beginn: 19:00 Uhr Einlass 18.00 Uhr  Preise \/ Person: Reihen 1 bis 14: 31,- \u20ac Reihen 15 bis 25: 26,- \u20ac Reihen 26 bis 33: 22,50 \u20ac  Achtung, der Saal verf\u00fcgt \u00fcber Sitzpl\u00e4tze in Reihen-Bestuhlung.\" \/>\n<meta property=\"og:url\" content=\"https:\/\/www.bb-entertainia.de\/test-bb-tickets\/product\/stephan-bauer-weihnachten-faellt-aus\/\" \/>\n<meta property=\"og:site_name\" content=\"Ticket-Shop BB Entertainia\" \/>\n<meta property=\"article:modified_time\" content=\"2024-08-11T19:54:29+00:00\" \/>\n<meta property=\"og:image\" content=\"https:\/\/www.bb-entertainia.de\/test-bb-tickets\/wp-content\/uploads\/Stephan-Bauer-Weihnachten.jpg\" \/>\n\t<meta property=\"og:image:width\" content=\"1000\" \/>\n\t<meta property=\"og:image:height\" content=\"1000\" \/>\n\t<meta property=\"og:image:type\" content=\"image\/jpeg\" \/>\n<meta name=\"twitter:card\" content=\"summary_large_image\" \/>\n<meta name=\"twitter:label1\" content=\"Gesch\u00e4tzte Lesezeit\" \/>\n\t<meta name=\"twitter:data1\" content=\"2\u00a0Minuten\" \/>\n<script type=\"application\/ld+json\" class=\"yoast-schema-graph\">{\"@context\":\"https:\/\/schema.org\",\"@graph\":[{\"@type\":\"WebPage\",\"@id\":\"https:\/\/www.bb-entertainia.de\/test-bb-tickets\/product\/stephan-bauer-weihnachten-faellt-aus\/\",\"url\":\"https:\/\/www.bb-entertainia.de\/test-bb-tickets\/product\/stephan-bauer-weihnachten-faellt-aus\/\",\"name\":\"Stephan Bauer - Weihnachten f\u00e4llt aus! - Ticket-Shop BB Entertainia\",\"isPartOf\":{\"@id\":\"https:\/\/www.bb-entertainia.de\/test-bb-tickets\/#website\"},\"primaryImageOfPage\":{\"@id\":\"https:\/\/www.bb-entertainia.de\/test-bb-tickets\/product\/stephan-bauer-weihnachten-faellt-aus\/#primaryimage\"},\"image\":{\"@id\":\"https:\/\/www.bb-entertainia.de\/test-bb-tickets\/product\/stephan-bauer-weihnachten-faellt-aus\/#primaryimage\"},\"thumbnailUrl\":\"https:\/\/www.bb-entertainia.de\/test-bb-tickets\/wp-content\/uploads\/Stephan-Bauer-Weihnachten.jpg\",\"datePublished\":\"2024-02-02T16:54:18+00:00\",\"dateModified\":\"2024-08-11T19:54:29+00:00\",\"breadcrumb\":{\"@id\":\"https:\/\/www.bb-entertainia.de\/test-bb-tickets\/product\/stephan-bauer-weihnachten-faellt-aus\/#breadcrumb\"},\"inLanguage\":\"de\",\"potentialAction\":[{\"@type\":\"ReadAction\",\"target\":[\"https:\/\/www.bb-entertainia.de\/test-bb-tickets\/product\/stephan-bauer-weihnachten-faellt-aus\/\"]}]},{\"@type\":\"ImageObject\",\"inLanguage\":\"de\",\"@id\":\"https:\/\/www.bb-entertainia.de\/test-bb-tickets\/product\/stephan-bauer-weihnachten-faellt-aus\/#primaryimage\",\"url\":\"https:\/\/www.bb-entertainia.de\/test-bb-tickets\/wp-content\/uploads\/Stephan-Bauer-Weihnachten.jpg\",\"contentUrl\":\"https:\/\/www.bb-entertainia.de\/test-bb-tickets\/wp-content\/uploads\/Stephan-Bauer-Weihnachten.jpg\",\"width\":1000,\"height\":1000},{\"@type\":\"BreadcrumbList\",\"@id\":\"https:\/\/www.bb-entertainia.de\/test-bb-tickets\/product\/stephan-bauer-weihnachten-faellt-aus\/#breadcrumb\",\"itemListElement\":[{\"@type\":\"ListItem\",\"position\":1,\"name\":\"Home\",\"item\":\"https:\/\/www.bb-entertainia.de\/test-bb-tickets\/\"},{\"@type\":\"ListItem\",\"position\":2,\"name\":\"Tickets\",\"item\":\"https:\/\/www.bb-entertainia.de\/test-bb-tickets\/\"},{\"@type\":\"ListItem\",\"position\":3,\"name\":\"Stephan Bauer &#8211; Weihnachten f\u00e4llt aus!\"}]},{\"@type\":\"WebSite\",\"@id\":\"https:\/\/www.bb-entertainia.de\/test-bb-tickets\/#website\",\"url\":\"https:\/\/www.bb-entertainia.de\/test-bb-tickets\/\",\"name\":\"Ticket-Shop BB Entertainia\",\"description\":\"\",\"publisher\":{\"@id\":\"https:\/\/www.bb-entertainia.de\/test-bb-tickets\/#organization\"},\"potentialAction\":[{\"@type\":\"SearchAction\",\"target\":{\"@type\":\"EntryPoint\",\"urlTemplate\":\"https:\/\/www.bb-entertainia.de\/test-bb-tickets\/?s={search_term_string}\"},\"query-input\":\"required name=search_term_string\"}],\"inLanguage\":\"de\"},{\"@type\":\"Organization\",\"@id\":\"https:\/\/www.bb-entertainia.de\/test-bb-tickets\/#organization\",\"name\":\"Ticket-Shop BB Entertainia\",\"url\":\"https:\/\/www.bb-entertainia.de\/test-bb-tickets\/\",\"logo\":{\"@type\":\"ImageObject\",\"inLanguage\":\"de\",\"@id\":\"https:\/\/www.bb-entertainia.de\/test-bb-tickets\/#\/schema\/logo\/image\/\",\"url\":\"https:\/\/www.bb-entertainia.de\/test-bb-tickets\/wp-content\/uploads\/2020\/01\/logo-bb-entertainia.png\",\"contentUrl\":\"https:\/\/www.bb-entertainia.de\/test-bb-tickets\/wp-content\/uploads\/2020\/01\/logo-bb-entertainia.png\",\"width\":500,\"height\":102,\"caption\":\"Ticket-Shop BB Entertainia\"},\"image\":{\"@id\":\"https:\/\/www.bb-entertainia.de\/test-bb-tickets\/#\/schema\/logo\/image\/\"}}]}<\/script>\n<!-- \/ Yoast SEO plugin. -->","yoast_head_json":{"title":"Stephan Bauer - Weihnachten f\u00e4llt aus! - Ticket-Shop BB Entertainia","robots":{"index":"index","follow":"follow","max-snippet":"max-snippet:-1","max-image-preview":"max-image-preview:large","max-video-preview":"max-video-preview:-1"},"canonical":"https:\/\/www.bb-entertainia.de\/test-bb-tickets\/product\/stephan-bauer-weihnachten-faellt-aus\/","og_locale":"de_DE","og_type":"article","og_title":"Stephan Bauer - Weihnachten f\u00e4llt aus! - Ticket-Shop BB Entertainia","og_description":"Sitzplatz, Normalpreis Datum: 22.12.2024, Beginn: 19:00 Uhr Einlass 18.00 Uhr  Preise \/ Person: Reihen 1 bis 14: 31,- \u20ac Reihen 15 bis 25: 26,- \u20ac Reihen 26 bis 33: 22,50 \u20ac  Achtung, der Saal verf\u00fcgt \u00fcber Sitzpl\u00e4tze in Reihen-Bestuhlung.","og_url":"https:\/\/www.bb-entertainia.de\/test-bb-tickets\/product\/stephan-bauer-weihnachten-faellt-aus\/","og_site_name":"Ticket-Shop BB Entertainia","article_modified_time":"2024-08-11T19:54:29+00:00","og_image":[{"width":1000,"height":1000,"url":"https:\/\/www.bb-entertainia.de\/test-bb-tickets\/wp-content\/uploads\/Stephan-Bauer-Weihnachten.jpg","type":"image\/jpeg"}],"twitter_card":"summary_large_image","twitter_misc":{"Gesch\u00e4tzte Lesezeit":"2\u00a0Minuten"},"schema":{"@context":"https:\/\/schema.org","@graph":[{"@type":"WebPage","@id":"https:\/\/www.bb-entertainia.de\/test-bb-tickets\/product\/stephan-bauer-weihnachten-faellt-aus\/","url":"https:\/\/www.bb-entertainia.de\/test-bb-tickets\/product\/stephan-bauer-weihnachten-faellt-aus\/","name":"Stephan Bauer - Weihnachten f\u00e4llt aus! - Ticket-Shop BB Entertainia","isPartOf":{"@id":"https:\/\/www.bb-entertainia.de\/test-bb-tickets\/#website"},"primaryImageOfPage":{"@id":"https:\/\/www.bb-entertainia.de\/test-bb-tickets\/product\/stephan-bauer-weihnachten-faellt-aus\/#primaryimage"},"image":{"@id":"https:\/\/www.bb-entertainia.de\/test-bb-tickets\/product\/stephan-bauer-weihnachten-faellt-aus\/#primaryimage"},"thumbnailUrl":"https:\/\/www.bb-entertainia.de\/test-bb-tickets\/wp-content\/uploads\/Stephan-Bauer-Weihnachten.jpg","datePublished":"2024-02-02T16:54:18+00:00","dateModified":"2024-08-11T19:54:29+00:00","breadcrumb":{"@id":"https:\/\/www.bb-entertainia.de\/test-bb-tickets\/product\/stephan-bauer-weihnachten-faellt-aus\/#breadcrumb"},"inLanguage":"de","potentialAction":[{"@type":"ReadAction","target":["https:\/\/www.bb-entertainia.de\/test-bb-tickets\/product\/stephan-bauer-weihnachten-faellt-aus\/"]}]},{"@type":"ImageObject","inLanguage":"de","@id":"https:\/\/www.bb-entertainia.de\/test-bb-tickets\/product\/stephan-bauer-weihnachten-faellt-aus\/#primaryimage","url":"https:\/\/www.bb-entertainia.de\/test-bb-tickets\/wp-content\/uploads\/Stephan-Bauer-Weihnachten.jpg","contentUrl":"https:\/\/www.bb-entertainia.de\/test-bb-tickets\/wp-content\/uploads\/Stephan-Bauer-Weihnachten.jpg","width":1000,"height":1000},{"@type":"BreadcrumbList","@id":"https:\/\/www.bb-entertainia.de\/test-bb-tickets\/product\/stephan-bauer-weihnachten-faellt-aus\/#breadcrumb","itemListElement":[{"@type":"ListItem","position":1,"name":"Home","item":"https:\/\/www.bb-entertainia.de\/test-bb-tickets\/"},{"@type":"ListItem","position":2,"name":"Tickets","item":"https:\/\/www.bb-entertainia.de\/test-bb-tickets\/"},{"@type":"ListItem","position":3,"name":"Stephan Bauer &#8211; Weihnachten f\u00e4llt aus!"}]},{"@type":"WebSite","@id":"https:\/\/www.bb-entertainia.de\/test-bb-tickets\/#website","url":"https:\/\/www.bb-entertainia.de\/test-bb-tickets\/","name":"Ticket-Shop BB Entertainia","description":"","publisher":{"@id":"https:\/\/www.bb-entertainia.de\/test-bb-tickets\/#organization"},"potentialAction":[{"@type":"SearchAction","target":{"@type":"EntryPoint","urlTemplate":"https:\/\/www.bb-entertainia.de\/test-bb-tickets\/?s={search_term_string}"},"query-input":"required name=search_term_string"}],"inLanguage":"de"},{"@type":"Organization","@id":"https:\/\/www.bb-entertainia.de\/test-bb-tickets\/#organization","name":"Ticket-Shop BB Entertainia","url":"https:\/\/www.bb-entertainia.de\/test-bb-tickets\/","logo":{"@type":"ImageObject","inLanguage":"de","@id":"https:\/\/www.bb-entertainia.de\/test-bb-tickets\/#\/schema\/logo\/image\/","url":"https:\/\/www.bb-entertainia.de\/test-bb-tickets\/wp-content\/uploads\/2020\/01\/logo-bb-entertainia.png","contentUrl":"https:\/\/www.bb-entertainia.de\/test-bb-tickets\/wp-content\/uploads\/2020\/01\/logo-bb-entertainia.png","width":500,"height":102,"caption":"Ticket-Shop BB Entertainia"},"image":{"@id":"https:\/\/www.bb-entertainia.de\/test-bb-tickets\/#\/schema\/logo\/image\/"}}]}},"tiered_pricing_type":"fixed","tiered_pricing_fixed_rules":[],"tiered_pricing_product_settings":{"layout":"default","base_unit_name":{"singular":null,"plural":null},"default_variation":null},"tiered_pricing_minimum_quantity":1,"tiered_pricing_roles_data":[],"tiered_pricing_percentage_rules":[],"_links":{"self":[{"href":"https:\/\/www.bb-entertainia.de\/test-bb-tickets\/wp-json\/wp\/v2\/product\/82326"}],"collection":[{"href":"https:\/\/www.bb-entertainia.de\/test-bb-tickets\/wp-json\/wp\/v2\/product"}],"about":[{"href":"https:\/\/www.bb-entertainia.de\/test-bb-tickets\/wp-json\/wp\/v2\/types\/product"}],"author":[{"embeddable":true,"href":"https:\/\/www.bb-entertainia.de\/test-bb-tickets\/wp-json\/wp\/v2\/users\/1"}],"wp:featuredmedia":[{"embeddable":true,"href":"https:\/\/www.bb-entertainia.de\/test-bb-tickets\/wp-json\/wp\/v2\/media\/82344"}],"wp:attachment":[{"href":"https:\/\/www.bb-entertainia.de\/test-bb-tickets\/wp-json\/wp\/v2\/media?parent=82326"}],"wp:term":[{"taxonomy":"product_cat","embeddable":true,"href":"https:\/\/www.bb-entertainia.de\/test-bb-tickets\/wp-json\/wp\/v2\/product_cat?post=82326"},{"taxonomy":"product_tag","embeddable":true,"href":"https:\/\/www.bb-entertainia.de\/test-bb-tickets\/wp-json\/wp\/v2\/product_tag?post=82326"}],"curies":[{"name":"wp","href":"https:\/\/api.w.org\/{rel}","templated":true}]}}