{"id":82282,"date":"2024-02-02T13:57:06","date_gmt":"2024-02-02T12:57:06","guid":{"rendered":"https:\/\/www.bb-entertainia.de\/test-bb-tickets\/?post_type=product&#038;p=82282"},"modified":"2024-08-04T20:54:40","modified_gmt":"2024-08-04T18:54:40","slug":"moving-shadows-christmas-special","status":"publish","type":"product","link":"https:\/\/www.bb-entertainia.de\/test-bb-tickets\/product\/moving-shadows-christmas-special\/","title":{"rendered":"Moving Shadows Christmas Special"},"content":{"rendered":"<h2>Ein Schattentheater, das alles in den Schatten stellt<br \/>\n***** CHRISTMAS SPECIAL *****<\/h2>\n<p>Lassen Sie sich verzaubern von Europas Schattentheater Nr. 1! Mit ihrem mehrfach preisgekr\u00f6nten Schattentheater entf\u00fchren die Mobil\u00e9s mit ihren Moving Shadows ihre Zuschauer<br \/>\ndiesmal in eine Weihnachtswelt voller Wunder und Tr\u00e4ume. Freuen Sie sich auf die neue Weihnachtsshow, die verzaubert, begeistert und r\u00fchrt. Das neue Programm hat die Poesie der Weihnacht eingefangen und legt sie den Zuschauern unter den Weihnachtsbaum. Eine wunderbare Bescherung f\u00fcr Jung und Alt.<br \/>\n2020 feierte das K\u00f6lner Ensemble sein 40-j\u00e4hriges Jubil\u00e4um mit einem neuen Programm, welches wegen der Pandemie bis 2023 verl\u00e4ngert wurde. Somit war klar: Die Zeit ist reif f\u00fcr neue Abenteuer aus der Schattenwelt. Das Ergebnis ist das &#8220;Christmas Special&#8221;. Die Mobil\u00e9s haben mit ihren Moving Shadows wieder ein rauschendes Fest f\u00fcr die Sinne inszeniert. Liebend, leidend, tanzend, turnend, poesievoll und witzig verzaubern sie ihr Publikum \u2013 schwarz, wei\u00df und in Farbe. Schatten, die die Welt begeistern.<br \/>\nSie faszinieren, ber\u00fchren und begeistern ihr Publikum seit ihrer Gr\u00fcndung. H\u00f6hepunkt vieler Auszeichnungen: Der Gewinn des franz\u00f6sischen Supertalents in Paris.<br \/>\nBeim weltgr\u00f6\u00dften Comedy-Festival \u201eJuste pour rire\u201c in Montreal begeisterten Moving Shadows nicht nur das Live-Publikum und die TV-Zuschauer, sondern auch die Jury. Sie gewannen<br \/>\ngleich zwei von insgesamt sechs Preisen, den \u201eKreativit\u00e4tspreis\u201c und den Publikumspreis \u201eSieger der Herzen\u201c. Das ist im Laufe der 40-j\u00e4hrigen Festival-Geschichte noch keiner anderen Gruppe gelungen.<br \/>\nEnde 2022 standen sie im Finale des italienischen Supertalents und landeten mit einem hauchd\u00fcnnen R\u00fcckstand auf Platz 2.<\/p>\n<p>&nbsp;<\/p>\n<p>&nbsp;<\/p>\n","protected":false},"excerpt":{"rendered":"<p><span class=\"uF-qm _2Cofy J2pYd _2Rnds\"><span class=\"_1idsK\" data-hook=\"ev-list-item-title\">Sitzplatz, Normalpreis<br \/>\nDatum: 25.12.2024, Beginn: 19:00 Uhr<br \/>\nEinlass 18.00 Uhr<\/span><\/span><\/p>\n<p><strong>Preise \/ Person:<\/strong><br \/>\nReihen 1 bis 14: <strong>44,- \u20ac<\/strong><br \/>\nReihen 15 bis 25: <strong>38,- \u20ac<\/strong><br \/>\nReihen 26 bis 33: <strong>32,- \u20ac<\/strong><\/p>\n<p><span class=\"uF-qm _2Cofy J2pYd _2Rnds\"><span class=\"_1idsK\" data-hook=\"ev-list-item-title\"><strong>Achtung, der Saal verf\u00fcgt \u00fcber Sitzpl\u00e4tze in Reihen-Bestuhlung.<\/strong><\/span><\/span><\/p>\n","protected":false},"author":1,"featured_media":82286,"template":"","meta":[],"product_cat":[61],"product_tag":[],"class_list":{"0":"post-82282","1":"product","2":"type-product","3":"status-publish","4":"has-post-thumbnail","6":"product_cat-konzert","8":"first","9":"instock","10":"taxable","11":"shipping-taxable","12":"purchasable","13":"product-type-variable"},"yoast_head":"<!-- This site is optimized with the Yoast SEO plugin v23.3 - https:\/\/yoast.com\/wordpress\/plugins\/seo\/ -->\n<title>Moving Shadows Christmas Special - Ticket-Shop BB Entertainia<\/title>\n<meta name=\"robots\" content=\"index, follow, max-snippet:-1, max-image-preview:large, max-video-preview:-1\" \/>\n<link rel=\"canonical\" href=\"https:\/\/www.bb-entertainia.de\/test-bb-tickets\/product\/moving-shadows-christmas-special\/\" \/>\n<meta property=\"og:locale\" content=\"de_DE\" \/>\n<meta property=\"og:type\" content=\"article\" \/>\n<meta property=\"og:title\" content=\"Moving Shadows Christmas Special - Ticket-Shop BB Entertainia\" \/>\n<meta property=\"og:description\" content=\"Sitzplatz, Normalpreis Datum: 25.12.2024, Beginn: 19:00 Uhr Einlass 18.00 Uhr  Preise \/ Person: Reihen 1 bis 14: 44,- \u20ac Reihen 15 bis 25: 38,- \u20ac Reihen 26 bis 33: 32,- \u20ac  Achtung, der Saal verf\u00fcgt \u00fcber Sitzpl\u00e4tze in Reihen-Bestuhlung.\" \/>\n<meta property=\"og:url\" content=\"https:\/\/www.bb-entertainia.de\/test-bb-tickets\/product\/moving-shadows-christmas-special\/\" \/>\n<meta property=\"og:site_name\" content=\"Ticket-Shop BB Entertainia\" \/>\n<meta property=\"article:modified_time\" content=\"2024-08-04T18:54:40+00:00\" \/>\n<meta property=\"og:image\" content=\"https:\/\/www.bb-entertainia.de\/test-bb-tickets\/wp-content\/uploads\/sh-Moving-Shadows-Christmas-Special.jpg\" \/>\n\t<meta property=\"og:image:width\" content=\"1000\" \/>\n\t<meta property=\"og:image:height\" content=\"1000\" \/>\n\t<meta property=\"og:image:type\" content=\"image\/jpeg\" \/>\n<meta name=\"twitter:card\" content=\"summary_large_image\" \/>\n<meta name=\"twitter:label1\" content=\"Gesch\u00e4tzte Lesezeit\" \/>\n\t<meta name=\"twitter:data1\" content=\"2\u00a0Minuten\" \/>\n<script type=\"application\/ld+json\" class=\"yoast-schema-graph\">{\"@context\":\"https:\/\/schema.org\",\"@graph\":[{\"@type\":\"WebPage\",\"@id\":\"https:\/\/www.bb-entertainia.de\/test-bb-tickets\/product\/moving-shadows-christmas-special\/\",\"url\":\"https:\/\/www.bb-entertainia.de\/test-bb-tickets\/product\/moving-shadows-christmas-special\/\",\"name\":\"Moving Shadows Christmas Special - Ticket-Shop BB Entertainia\",\"isPartOf\":{\"@id\":\"https:\/\/www.bb-entertainia.de\/test-bb-tickets\/#website\"},\"primaryImageOfPage\":{\"@id\":\"https:\/\/www.bb-entertainia.de\/test-bb-tickets\/product\/moving-shadows-christmas-special\/#primaryimage\"},\"image\":{\"@id\":\"https:\/\/www.bb-entertainia.de\/test-bb-tickets\/product\/moving-shadows-christmas-special\/#primaryimage\"},\"thumbnailUrl\":\"https:\/\/www.bb-entertainia.de\/test-bb-tickets\/wp-content\/uploads\/sh-Moving-Shadows-Christmas-Special.jpg\",\"datePublished\":\"2024-02-02T12:57:06+00:00\",\"dateModified\":\"2024-08-04T18:54:40+00:00\",\"breadcrumb\":{\"@id\":\"https:\/\/www.bb-entertainia.de\/test-bb-tickets\/product\/moving-shadows-christmas-special\/#breadcrumb\"},\"inLanguage\":\"de\",\"potentialAction\":[{\"@type\":\"ReadAction\",\"target\":[\"https:\/\/www.bb-entertainia.de\/test-bb-tickets\/product\/moving-shadows-christmas-special\/\"]}]},{\"@type\":\"ImageObject\",\"inLanguage\":\"de\",\"@id\":\"https:\/\/www.bb-entertainia.de\/test-bb-tickets\/product\/moving-shadows-christmas-special\/#primaryimage\",\"url\":\"https:\/\/www.bb-entertainia.de\/test-bb-tickets\/wp-content\/uploads\/sh-Moving-Shadows-Christmas-Special.jpg\",\"contentUrl\":\"https:\/\/www.bb-entertainia.de\/test-bb-tickets\/wp-content\/uploads\/sh-Moving-Shadows-Christmas-Special.jpg\",\"width\":1000,\"height\":1000},{\"@type\":\"BreadcrumbList\",\"@id\":\"https:\/\/www.bb-entertainia.de\/test-bb-tickets\/product\/moving-shadows-christmas-special\/#breadcrumb\",\"itemListElement\":[{\"@type\":\"ListItem\",\"position\":1,\"name\":\"Home\",\"item\":\"https:\/\/www.bb-entertainia.de\/test-bb-tickets\/\"},{\"@type\":\"ListItem\",\"position\":2,\"name\":\"Tickets\",\"item\":\"https:\/\/www.bb-entertainia.de\/test-bb-tickets\/\"},{\"@type\":\"ListItem\",\"position\":3,\"name\":\"Moving Shadows Christmas Special\"}]},{\"@type\":\"WebSite\",\"@id\":\"https:\/\/www.bb-entertainia.de\/test-bb-tickets\/#website\",\"url\":\"https:\/\/www.bb-entertainia.de\/test-bb-tickets\/\",\"name\":\"Ticket-Shop BB Entertainia\",\"description\":\"\",\"publisher\":{\"@id\":\"https:\/\/www.bb-entertainia.de\/test-bb-tickets\/#organization\"},\"potentialAction\":[{\"@type\":\"SearchAction\",\"target\":{\"@type\":\"EntryPoint\",\"urlTemplate\":\"https:\/\/www.bb-entertainia.de\/test-bb-tickets\/?s={search_term_string}\"},\"query-input\":\"required name=search_term_string\"}],\"inLanguage\":\"de\"},{\"@type\":\"Organization\",\"@id\":\"https:\/\/www.bb-entertainia.de\/test-bb-tickets\/#organization\",\"name\":\"Ticket-Shop BB Entertainia\",\"url\":\"https:\/\/www.bb-entertainia.de\/test-bb-tickets\/\",\"logo\":{\"@type\":\"ImageObject\",\"inLanguage\":\"de\",\"@id\":\"https:\/\/www.bb-entertainia.de\/test-bb-tickets\/#\/schema\/logo\/image\/\",\"url\":\"https:\/\/www.bb-entertainia.de\/test-bb-tickets\/wp-content\/uploads\/2020\/01\/logo-bb-entertainia.png\",\"contentUrl\":\"https:\/\/www.bb-entertainia.de\/test-bb-tickets\/wp-content\/uploads\/2020\/01\/logo-bb-entertainia.png\",\"width\":500,\"height\":102,\"caption\":\"Ticket-Shop BB Entertainia\"},\"image\":{\"@id\":\"https:\/\/www.bb-entertainia.de\/test-bb-tickets\/#\/schema\/logo\/image\/\"}}]}<\/script>\n<!-- \/ Yoast SEO plugin. -->","yoast_head_json":{"title":"Moving Shadows Christmas Special - Ticket-Shop BB Entertainia","robots":{"index":"index","follow":"follow","max-snippet":"max-snippet:-1","max-image-preview":"max-image-preview:large","max-video-preview":"max-video-preview:-1"},"canonical":"https:\/\/www.bb-entertainia.de\/test-bb-tickets\/product\/moving-shadows-christmas-special\/","og_locale":"de_DE","og_type":"article","og_title":"Moving Shadows Christmas Special - Ticket-Shop BB Entertainia","og_description":"Sitzplatz, Normalpreis Datum: 25.12.2024, Beginn: 19:00 Uhr Einlass 18.00 Uhr  Preise \/ Person: Reihen 1 bis 14: 44,- \u20ac Reihen 15 bis 25: 38,- \u20ac Reihen 26 bis 33: 32,- \u20ac  Achtung, der Saal verf\u00fcgt \u00fcber Sitzpl\u00e4tze in Reihen-Bestuhlung.","og_url":"https:\/\/www.bb-entertainia.de\/test-bb-tickets\/product\/moving-shadows-christmas-special\/","og_site_name":"Ticket-Shop BB Entertainia","article_modified_time":"2024-08-04T18:54:40+00:00","og_image":[{"width":1000,"height":1000,"url":"https:\/\/www.bb-entertainia.de\/test-bb-tickets\/wp-content\/uploads\/sh-Moving-Shadows-Christmas-Special.jpg","type":"image\/jpeg"}],"twitter_card":"summary_large_image","twitter_misc":{"Gesch\u00e4tzte Lesezeit":"2\u00a0Minuten"},"schema":{"@context":"https:\/\/schema.org","@graph":[{"@type":"WebPage","@id":"https:\/\/www.bb-entertainia.de\/test-bb-tickets\/product\/moving-shadows-christmas-special\/","url":"https:\/\/www.bb-entertainia.de\/test-bb-tickets\/product\/moving-shadows-christmas-special\/","name":"Moving Shadows Christmas Special - Ticket-Shop BB Entertainia","isPartOf":{"@id":"https:\/\/www.bb-entertainia.de\/test-bb-tickets\/#website"},"primaryImageOfPage":{"@id":"https:\/\/www.bb-entertainia.de\/test-bb-tickets\/product\/moving-shadows-christmas-special\/#primaryimage"},"image":{"@id":"https:\/\/www.bb-entertainia.de\/test-bb-tickets\/product\/moving-shadows-christmas-special\/#primaryimage"},"thumbnailUrl":"https:\/\/www.bb-entertainia.de\/test-bb-tickets\/wp-content\/uploads\/sh-Moving-Shadows-Christmas-Special.jpg","datePublished":"2024-02-02T12:57:06+00:00","dateModified":"2024-08-04T18:54:40+00:00","breadcrumb":{"@id":"https:\/\/www.bb-entertainia.de\/test-bb-tickets\/product\/moving-shadows-christmas-special\/#breadcrumb"},"inLanguage":"de","potentialAction":[{"@type":"ReadAction","target":["https:\/\/www.bb-entertainia.de\/test-bb-tickets\/product\/moving-shadows-christmas-special\/"]}]},{"@type":"ImageObject","inLanguage":"de","@id":"https:\/\/www.bb-entertainia.de\/test-bb-tickets\/product\/moving-shadows-christmas-special\/#primaryimage","url":"https:\/\/www.bb-entertainia.de\/test-bb-tickets\/wp-content\/uploads\/sh-Moving-Shadows-Christmas-Special.jpg","contentUrl":"https:\/\/www.bb-entertainia.de\/test-bb-tickets\/wp-content\/uploads\/sh-Moving-Shadows-Christmas-Special.jpg","width":1000,"height":1000},{"@type":"BreadcrumbList","@id":"https:\/\/www.bb-entertainia.de\/test-bb-tickets\/product\/moving-shadows-christmas-special\/#breadcrumb","itemListElement":[{"@type":"ListItem","position":1,"name":"Home","item":"https:\/\/www.bb-entertainia.de\/test-bb-tickets\/"},{"@type":"ListItem","position":2,"name":"Tickets","item":"https:\/\/www.bb-entertainia.de\/test-bb-tickets\/"},{"@type":"ListItem","position":3,"name":"Moving Shadows Christmas Special"}]},{"@type":"WebSite","@id":"https:\/\/www.bb-entertainia.de\/test-bb-tickets\/#website","url":"https:\/\/www.bb-entertainia.de\/test-bb-tickets\/","name":"Ticket-Shop BB Entertainia","description":"","publisher":{"@id":"https:\/\/www.bb-entertainia.de\/test-bb-tickets\/#organization"},"potentialAction":[{"@type":"SearchAction","target":{"@type":"EntryPoint","urlTemplate":"https:\/\/www.bb-entertainia.de\/test-bb-tickets\/?s={search_term_string}"},"query-input":"required name=search_term_string"}],"inLanguage":"de"},{"@type":"Organization","@id":"https:\/\/www.bb-entertainia.de\/test-bb-tickets\/#organization","name":"Ticket-Shop BB Entertainia","url":"https:\/\/www.bb-entertainia.de\/test-bb-tickets\/","logo":{"@type":"ImageObject","inLanguage":"de","@id":"https:\/\/www.bb-entertainia.de\/test-bb-tickets\/#\/schema\/logo\/image\/","url":"https:\/\/www.bb-entertainia.de\/test-bb-tickets\/wp-content\/uploads\/2020\/01\/logo-bb-entertainia.png","contentUrl":"https:\/\/www.bb-entertainia.de\/test-bb-tickets\/wp-content\/uploads\/2020\/01\/logo-bb-entertainia.png","width":500,"height":102,"caption":"Ticket-Shop BB Entertainia"},"image":{"@id":"https:\/\/www.bb-entertainia.de\/test-bb-tickets\/#\/schema\/logo\/image\/"}}]}},"tiered_pricing_type":"fixed","tiered_pricing_fixed_rules":[],"tiered_pricing_product_settings":{"layout":"default","base_unit_name":{"singular":null,"plural":null},"default_variation":null},"tiered_pricing_minimum_quantity":1,"tiered_pricing_roles_data":[],"tiered_pricing_percentage_rules":[],"_links":{"self":[{"href":"https:\/\/www.bb-entertainia.de\/test-bb-tickets\/wp-json\/wp\/v2\/product\/82282"}],"collection":[{"href":"https:\/\/www.bb-entertainia.de\/test-bb-tickets\/wp-json\/wp\/v2\/product"}],"about":[{"href":"https:\/\/www.bb-entertainia.de\/test-bb-tickets\/wp-json\/wp\/v2\/types\/product"}],"author":[{"embeddable":true,"href":"https:\/\/www.bb-entertainia.de\/test-bb-tickets\/wp-json\/wp\/v2\/users\/1"}],"wp:featuredmedia":[{"embeddable":true,"href":"https:\/\/www.bb-entertainia.de\/test-bb-tickets\/wp-json\/wp\/v2\/media\/82286"}],"wp:attachment":[{"href":"https:\/\/www.bb-entertainia.de\/test-bb-tickets\/wp-json\/wp\/v2\/media?parent=82282"}],"wp:term":[{"taxonomy":"product_cat","embeddable":true,"href":"https:\/\/www.bb-entertainia.de\/test-bb-tickets\/wp-json\/wp\/v2\/product_cat?post=82282"},{"taxonomy":"product_tag","embeddable":true,"href":"https:\/\/www.bb-entertainia.de\/test-bb-tickets\/wp-json\/wp\/v2\/product_tag?post=82282"}],"curies":[{"name":"wp","href":"https:\/\/api.w.org\/{rel}","templated":true}]}}