{"id":80110,"date":"2024-01-23T12:44:14","date_gmt":"2024-01-23T11:44:14","guid":{"rendered":"https:\/\/www.bb-entertainia.de\/test-bb-tickets\/?post_type=product&#038;p=80110"},"modified":"2024-08-12T20:26:43","modified_gmt":"2024-08-12T18:26:43","slug":"the-sweet-the-final-round-2","status":"publish","type":"product","link":"https:\/\/www.bb-entertainia.de\/test-bb-tickets\/product\/the-sweet-the-final-round-2\/","title":{"rendered":"The Sweet \u2013 The Final Round II"},"content":{"rendered":"<h2>The Sweet<\/h2>\n<p>Sweet ist eine der wenigen ber\u00fchmt ber\u00fcchtigten &#8220;Glam Rock Bands&#8221;, die Chart Erfolge in den 70ern, 80ern und 90ern gehabt haben. Sie haben \u00fcber 30 Millionen Platten verkauft und sind immer noch eine &#8220;live&#8221; Touring Band. Sweet bietet viel mehr als nur Glam Rock, ihre Musik ist zeitlos und vielseitig. Vom reinen Pop bis Heavy Metal, von Liedern wie Little Willy mit nur drei Akkorden bis hin zu komplexen Arrangements wie Love Is Like Oxygen.<\/p>\n<p>1970 war ein wichtiges Jahr, Sweet mit Andy Scott, Steve Priest, Mick Tucker und Brian Connolly trafen auf die Songwriter Nicky Chinn und Mike Chapman und Plattenproduzent Phil Wainmann. Diese f\u00fcnfj\u00e4hrige Partnerschaft brachte zw\u00f6lf Top-Twenty Hits hervor, darunter auch eine Nummer eins. Die Medien meinten daraufhin, dass die Band eine Retortenband sei. Die hartgesottenen Fans wussten es besser. Auf den B Seiten der Hits fand man eigene Heavy Rock Kompositionen. Die Live Auftritte waren sensationell, was nicht nur an der Musik lag. Mitglieder der Band wurden in Belgien wegen eines obsz\u00f6nen B\u00fchnenauftrittes festgenommen. Das alles hat ihr Image nur gef\u00f6rdert.<\/p>\n<p>US Hits waren unter anderen Ballroom Blitz, der sp\u00e4ter im Film &#8220;Wayne&#8217;s World&#8221; zu h\u00f6ren war, Fox On The Run, eine Nummer zwei, Action sp\u00e4ter ein Hit f\u00fcr Def Leppard und Love Is Like Oxygen auf Nummer f\u00fcnf. Ihr Album Desolation Boulevard bekam Gold. Love Is Like Oxygen war seit drei Jahren wieder der erste weltweite Hit f\u00fcr Sweet. Das Lied, vom Gitaristen Andy Scott geschrieben, wurde mit zwei Novello Awards ausgezeichnet. Sweet hatte endlich ihr Ziel erreicht &#8211; Anerkennung in Gro\u00dfbritannien. Danach passierte schier Unglaubliches: S\u00e4nger Brian Connolly verlies die Band im Januar 1979. Das \u00fcbrig gebliebene Trio machte weiter wie eine dreiteilige Sitzgarnitur, wie sie einmal beschrieben wurden, aber trotz einiger Hits in Europa und drei weiteren Alben, war nach einer letzten Tour in Gro\u00dfbritannien im Jahre 1981 alles vorbei.<\/p>\n<p>Die Band hatte 9 Titel auf Nummer eins in Deutschland w\u00e4hrend der 70er Jahre und steht jetzt kurz vor dem zehnten Erfolg. Do It All Over Again, die erste Single vom neuen Album Sweetlife, welches nun endlich auch in Deutschland erh\u00e4ltlich ist.<\/p>\n<p>In 2017 produziert ANDY SCOTT zusammen mit SUZI QUATRO und SLADE-Drummer DON POWELL ein vielbeachtetes Album unter den Namen Q.S.P und gehen 2018 auf ausgedehnte Australien-Tour.<\/p>\n<p>F\u00fcr 2024 ist nun endlich die Ver\u00f6ffentlich des neuen Albums geplant.<\/p>\n<p>Seit Jahrzehnten performed \u00a0nun Andy Scott schon die B\u00fchnen weltweit. Fast alle Shows in 2023 waren ausverkauft!!\u00a0 THE SWEET haben somit an Zugkraft nichts verloren. \u201eTHE SWEET and \u201e The Final Round Part II auch in 2024\u2026..!!!<\/p>\n","protected":false},"excerpt":{"rendered":"<p><span class=\"uF-qm _2Cofy J2pYd _2Rnds\"><span class=\"_1idsK\" data-hook=\"ev-list-item-title\">Normalpreis<br \/>\nDatum: 21.09.2024, Beginn: 20:00 Uhr<br \/>\nEinlass 19.00 Uhr<br \/>\n<strong>Achtung, der Saal verf\u00fcgt \u00fcber Stehpl\u00e4tze und Sitzpl\u00e4tze in Event-Tisch-Bestuhlung, bestehend jeweils aus einem Event-Tisch mit 8 Sitzpl\u00e4tzen.<\/strong><\/span><\/span><\/p>\n","protected":false},"author":1,"featured_media":80118,"template":"","meta":[],"product_cat":[61],"product_tag":[],"class_list":{"0":"post-80110","1":"product","2":"type-product","3":"status-publish","4":"has-post-thumbnail","6":"product_cat-konzert","8":"first","9":"instock","10":"taxable","11":"shipping-taxable","12":"purchasable","13":"product-type-variable"},"yoast_head":"<!-- This site is optimized with the Yoast SEO plugin v23.3 - https:\/\/yoast.com\/wordpress\/plugins\/seo\/ -->\n<title>The Sweet \u2013 The Final Round II - Ticket-Shop BB Entertainia<\/title>\n<meta name=\"robots\" content=\"index, follow, max-snippet:-1, max-image-preview:large, max-video-preview:-1\" \/>\n<link rel=\"canonical\" href=\"https:\/\/www.bb-entertainia.de\/test-bb-tickets\/product\/the-sweet-the-final-round-2\/\" \/>\n<meta property=\"og:locale\" content=\"de_DE\" \/>\n<meta property=\"og:type\" content=\"article\" \/>\n<meta property=\"og:title\" content=\"The Sweet \u2013 The Final Round II - Ticket-Shop BB Entertainia\" \/>\n<meta property=\"og:description\" content=\"Normalpreis Datum: 21.09.2024, Beginn: 20:00 Uhr Einlass 19.00 Uhr Achtung, der Saal verf\u00fcgt \u00fcber Stehpl\u00e4tze und Sitzpl\u00e4tze in Event-Tisch-Bestuhlung, bestehend jeweils aus einem Event-Tisch mit 8 Sitzpl\u00e4tzen.\" \/>\n<meta property=\"og:url\" content=\"https:\/\/www.bb-entertainia.de\/test-bb-tickets\/product\/the-sweet-the-final-round-2\/\" \/>\n<meta property=\"og:site_name\" content=\"Ticket-Shop BB Entertainia\" \/>\n<meta property=\"article:modified_time\" content=\"2024-08-12T18:26:43+00:00\" \/>\n<meta property=\"og:image\" content=\"https:\/\/www.bb-entertainia.de\/test-bb-tickets\/wp-content\/uploads\/sh-The-Sweet-The-Final-Round-2.jpg\" \/>\n\t<meta property=\"og:image:width\" content=\"1000\" \/>\n\t<meta property=\"og:image:height\" content=\"1000\" \/>\n\t<meta property=\"og:image:type\" content=\"image\/jpeg\" \/>\n<meta name=\"twitter:card\" content=\"summary_large_image\" \/>\n<meta name=\"twitter:label1\" content=\"Gesch\u00e4tzte Lesezeit\" \/>\n\t<meta name=\"twitter:data1\" content=\"3\u00a0Minuten\" \/>\n<script type=\"application\/ld+json\" class=\"yoast-schema-graph\">{\"@context\":\"https:\/\/schema.org\",\"@graph\":[{\"@type\":\"WebPage\",\"@id\":\"https:\/\/www.bb-entertainia.de\/test-bb-tickets\/product\/the-sweet-the-final-round-2\/\",\"url\":\"https:\/\/www.bb-entertainia.de\/test-bb-tickets\/product\/the-sweet-the-final-round-2\/\",\"name\":\"The Sweet \u2013 The Final Round II - Ticket-Shop BB Entertainia\",\"isPartOf\":{\"@id\":\"https:\/\/www.bb-entertainia.de\/test-bb-tickets\/#website\"},\"primaryImageOfPage\":{\"@id\":\"https:\/\/www.bb-entertainia.de\/test-bb-tickets\/product\/the-sweet-the-final-round-2\/#primaryimage\"},\"image\":{\"@id\":\"https:\/\/www.bb-entertainia.de\/test-bb-tickets\/product\/the-sweet-the-final-round-2\/#primaryimage\"},\"thumbnailUrl\":\"https:\/\/www.bb-entertainia.de\/test-bb-tickets\/wp-content\/uploads\/sh-The-Sweet-The-Final-Round-2.jpg\",\"datePublished\":\"2024-01-23T11:44:14+00:00\",\"dateModified\":\"2024-08-12T18:26:43+00:00\",\"breadcrumb\":{\"@id\":\"https:\/\/www.bb-entertainia.de\/test-bb-tickets\/product\/the-sweet-the-final-round-2\/#breadcrumb\"},\"inLanguage\":\"de\",\"potentialAction\":[{\"@type\":\"ReadAction\",\"target\":[\"https:\/\/www.bb-entertainia.de\/test-bb-tickets\/product\/the-sweet-the-final-round-2\/\"]}]},{\"@type\":\"ImageObject\",\"inLanguage\":\"de\",\"@id\":\"https:\/\/www.bb-entertainia.de\/test-bb-tickets\/product\/the-sweet-the-final-round-2\/#primaryimage\",\"url\":\"https:\/\/www.bb-entertainia.de\/test-bb-tickets\/wp-content\/uploads\/sh-The-Sweet-The-Final-Round-2.jpg\",\"contentUrl\":\"https:\/\/www.bb-entertainia.de\/test-bb-tickets\/wp-content\/uploads\/sh-The-Sweet-The-Final-Round-2.jpg\",\"width\":1000,\"height\":1000},{\"@type\":\"BreadcrumbList\",\"@id\":\"https:\/\/www.bb-entertainia.de\/test-bb-tickets\/product\/the-sweet-the-final-round-2\/#breadcrumb\",\"itemListElement\":[{\"@type\":\"ListItem\",\"position\":1,\"name\":\"Home\",\"item\":\"https:\/\/www.bb-entertainia.de\/test-bb-tickets\/\"},{\"@type\":\"ListItem\",\"position\":2,\"name\":\"Tickets\",\"item\":\"https:\/\/www.bb-entertainia.de\/test-bb-tickets\/\"},{\"@type\":\"ListItem\",\"position\":3,\"name\":\"The Sweet \u2013 The Final Round II\"}]},{\"@type\":\"WebSite\",\"@id\":\"https:\/\/www.bb-entertainia.de\/test-bb-tickets\/#website\",\"url\":\"https:\/\/www.bb-entertainia.de\/test-bb-tickets\/\",\"name\":\"Ticket-Shop BB Entertainia\",\"description\":\"\",\"publisher\":{\"@id\":\"https:\/\/www.bb-entertainia.de\/test-bb-tickets\/#organization\"},\"potentialAction\":[{\"@type\":\"SearchAction\",\"target\":{\"@type\":\"EntryPoint\",\"urlTemplate\":\"https:\/\/www.bb-entertainia.de\/test-bb-tickets\/?s={search_term_string}\"},\"query-input\":\"required name=search_term_string\"}],\"inLanguage\":\"de\"},{\"@type\":\"Organization\",\"@id\":\"https:\/\/www.bb-entertainia.de\/test-bb-tickets\/#organization\",\"name\":\"Ticket-Shop BB Entertainia\",\"url\":\"https:\/\/www.bb-entertainia.de\/test-bb-tickets\/\",\"logo\":{\"@type\":\"ImageObject\",\"inLanguage\":\"de\",\"@id\":\"https:\/\/www.bb-entertainia.de\/test-bb-tickets\/#\/schema\/logo\/image\/\",\"url\":\"https:\/\/www.bb-entertainia.de\/test-bb-tickets\/wp-content\/uploads\/2020\/01\/logo-bb-entertainia.png\",\"contentUrl\":\"https:\/\/www.bb-entertainia.de\/test-bb-tickets\/wp-content\/uploads\/2020\/01\/logo-bb-entertainia.png\",\"width\":500,\"height\":102,\"caption\":\"Ticket-Shop BB Entertainia\"},\"image\":{\"@id\":\"https:\/\/www.bb-entertainia.de\/test-bb-tickets\/#\/schema\/logo\/image\/\"}}]}<\/script>\n<!-- \/ Yoast SEO plugin. -->","yoast_head_json":{"title":"The Sweet \u2013 The Final Round II - Ticket-Shop BB Entertainia","robots":{"index":"index","follow":"follow","max-snippet":"max-snippet:-1","max-image-preview":"max-image-preview:large","max-video-preview":"max-video-preview:-1"},"canonical":"https:\/\/www.bb-entertainia.de\/test-bb-tickets\/product\/the-sweet-the-final-round-2\/","og_locale":"de_DE","og_type":"article","og_title":"The Sweet \u2013 The Final Round II - Ticket-Shop BB Entertainia","og_description":"Normalpreis Datum: 21.09.2024, Beginn: 20:00 Uhr Einlass 19.00 Uhr Achtung, der Saal verf\u00fcgt \u00fcber Stehpl\u00e4tze und Sitzpl\u00e4tze in Event-Tisch-Bestuhlung, bestehend jeweils aus einem Event-Tisch mit 8 Sitzpl\u00e4tzen.","og_url":"https:\/\/www.bb-entertainia.de\/test-bb-tickets\/product\/the-sweet-the-final-round-2\/","og_site_name":"Ticket-Shop BB Entertainia","article_modified_time":"2024-08-12T18:26:43+00:00","og_image":[{"width":1000,"height":1000,"url":"https:\/\/www.bb-entertainia.de\/test-bb-tickets\/wp-content\/uploads\/sh-The-Sweet-The-Final-Round-2.jpg","type":"image\/jpeg"}],"twitter_card":"summary_large_image","twitter_misc":{"Gesch\u00e4tzte Lesezeit":"3\u00a0Minuten"},"schema":{"@context":"https:\/\/schema.org","@graph":[{"@type":"WebPage","@id":"https:\/\/www.bb-entertainia.de\/test-bb-tickets\/product\/the-sweet-the-final-round-2\/","url":"https:\/\/www.bb-entertainia.de\/test-bb-tickets\/product\/the-sweet-the-final-round-2\/","name":"The Sweet \u2013 The Final Round II - Ticket-Shop BB Entertainia","isPartOf":{"@id":"https:\/\/www.bb-entertainia.de\/test-bb-tickets\/#website"},"primaryImageOfPage":{"@id":"https:\/\/www.bb-entertainia.de\/test-bb-tickets\/product\/the-sweet-the-final-round-2\/#primaryimage"},"image":{"@id":"https:\/\/www.bb-entertainia.de\/test-bb-tickets\/product\/the-sweet-the-final-round-2\/#primaryimage"},"thumbnailUrl":"https:\/\/www.bb-entertainia.de\/test-bb-tickets\/wp-content\/uploads\/sh-The-Sweet-The-Final-Round-2.jpg","datePublished":"2024-01-23T11:44:14+00:00","dateModified":"2024-08-12T18:26:43+00:00","breadcrumb":{"@id":"https:\/\/www.bb-entertainia.de\/test-bb-tickets\/product\/the-sweet-the-final-round-2\/#breadcrumb"},"inLanguage":"de","potentialAction":[{"@type":"ReadAction","target":["https:\/\/www.bb-entertainia.de\/test-bb-tickets\/product\/the-sweet-the-final-round-2\/"]}]},{"@type":"ImageObject","inLanguage":"de","@id":"https:\/\/www.bb-entertainia.de\/test-bb-tickets\/product\/the-sweet-the-final-round-2\/#primaryimage","url":"https:\/\/www.bb-entertainia.de\/test-bb-tickets\/wp-content\/uploads\/sh-The-Sweet-The-Final-Round-2.jpg","contentUrl":"https:\/\/www.bb-entertainia.de\/test-bb-tickets\/wp-content\/uploads\/sh-The-Sweet-The-Final-Round-2.jpg","width":1000,"height":1000},{"@type":"BreadcrumbList","@id":"https:\/\/www.bb-entertainia.de\/test-bb-tickets\/product\/the-sweet-the-final-round-2\/#breadcrumb","itemListElement":[{"@type":"ListItem","position":1,"name":"Home","item":"https:\/\/www.bb-entertainia.de\/test-bb-tickets\/"},{"@type":"ListItem","position":2,"name":"Tickets","item":"https:\/\/www.bb-entertainia.de\/test-bb-tickets\/"},{"@type":"ListItem","position":3,"name":"The Sweet \u2013 The Final Round II"}]},{"@type":"WebSite","@id":"https:\/\/www.bb-entertainia.de\/test-bb-tickets\/#website","url":"https:\/\/www.bb-entertainia.de\/test-bb-tickets\/","name":"Ticket-Shop BB Entertainia","description":"","publisher":{"@id":"https:\/\/www.bb-entertainia.de\/test-bb-tickets\/#organization"},"potentialAction":[{"@type":"SearchAction","target":{"@type":"EntryPoint","urlTemplate":"https:\/\/www.bb-entertainia.de\/test-bb-tickets\/?s={search_term_string}"},"query-input":"required name=search_term_string"}],"inLanguage":"de"},{"@type":"Organization","@id":"https:\/\/www.bb-entertainia.de\/test-bb-tickets\/#organization","name":"Ticket-Shop BB Entertainia","url":"https:\/\/www.bb-entertainia.de\/test-bb-tickets\/","logo":{"@type":"ImageObject","inLanguage":"de","@id":"https:\/\/www.bb-entertainia.de\/test-bb-tickets\/#\/schema\/logo\/image\/","url":"https:\/\/www.bb-entertainia.de\/test-bb-tickets\/wp-content\/uploads\/2020\/01\/logo-bb-entertainia.png","contentUrl":"https:\/\/www.bb-entertainia.de\/test-bb-tickets\/wp-content\/uploads\/2020\/01\/logo-bb-entertainia.png","width":500,"height":102,"caption":"Ticket-Shop BB Entertainia"},"image":{"@id":"https:\/\/www.bb-entertainia.de\/test-bb-tickets\/#\/schema\/logo\/image\/"}}]}},"tiered_pricing_type":"fixed","tiered_pricing_fixed_rules":[],"tiered_pricing_product_settings":{"layout":"default","base_unit_name":{"singular":null,"plural":null},"default_variation":null},"tiered_pricing_minimum_quantity":1,"tiered_pricing_roles_data":[],"tiered_pricing_percentage_rules":[],"_links":{"self":[{"href":"https:\/\/www.bb-entertainia.de\/test-bb-tickets\/wp-json\/wp\/v2\/product\/80110"}],"collection":[{"href":"https:\/\/www.bb-entertainia.de\/test-bb-tickets\/wp-json\/wp\/v2\/product"}],"about":[{"href":"https:\/\/www.bb-entertainia.de\/test-bb-tickets\/wp-json\/wp\/v2\/types\/product"}],"author":[{"embeddable":true,"href":"https:\/\/www.bb-entertainia.de\/test-bb-tickets\/wp-json\/wp\/v2\/users\/1"}],"wp:featuredmedia":[{"embeddable":true,"href":"https:\/\/www.bb-entertainia.de\/test-bb-tickets\/wp-json\/wp\/v2\/media\/80118"}],"wp:attachment":[{"href":"https:\/\/www.bb-entertainia.de\/test-bb-tickets\/wp-json\/wp\/v2\/media?parent=80110"}],"wp:term":[{"taxonomy":"product_cat","embeddable":true,"href":"https:\/\/www.bb-entertainia.de\/test-bb-tickets\/wp-json\/wp\/v2\/product_cat?post=80110"},{"taxonomy":"product_tag","embeddable":true,"href":"https:\/\/www.bb-entertainia.de\/test-bb-tickets\/wp-json\/wp\/v2\/product_tag?post=80110"}],"curies":[{"name":"wp","href":"https:\/\/api.w.org\/{rel}","templated":true}]}}