{"id":71728,"date":"2023-12-06T16:24:45","date_gmt":"2023-12-06T15:24:45","guid":{"rendered":"https:\/\/www.bb-entertainia.de\/test-bb-tickets\/?post_type=product&#038;p=71728"},"modified":"2024-08-04T20:42:08","modified_gmt":"2024-08-04T18:42:08","slug":"anny-hartmann","status":"publish","type":"product","link":"https:\/\/www.bb-entertainia.de\/test-bb-tickets\/product\/anny-hartmann\/","title":{"rendered":"Anny Hartmann &#8211; Klima-Ballerina"},"content":{"rendered":"<h2>Politisches Kabarett mit Anny Hartmann<\/h2>\n<p>Sie m\u00fcssen keine 17 Jahre alt sein und freitags auf der Stra\u00dfe sitzen, um etwas gegen den Klimawandel zu tun! Wir alle k\u00f6nnen etwas zur Rettung des Planeten beitragen. Manchmal reicht es schon, ins Kabarett zu gehen und Anny Hartmann zuzuh\u00f6ren.<\/p>\n<p>Die studierte Diplom-Volkswirtin besitzt n\u00e4mlich das Handwerkszeug, um wirtschaftliche und politische Zusammenh\u00e4nge erstens analysieren und zweitens am\u00fcsant, bissig und leicht nachvollziehbar vermitteln zu k\u00f6nnen. Ihr Humor ist ansteckend, ihre Haltung inspirierend.<\/p>\n<p>Umweltschutz muss kein Verbotsregime bedeuten, sondern kann unser Leben bereichern. Lassen Sie sich \u00fcberraschen, wie heiter und kreativ Anny Hartmann mit L\u00f6sungsvorschl\u00e4gen um die Ecke kommt. Da ist garantiert auch was f\u00fcr Sie dabei.<\/p>\n<p>In ihrem neuen Solo \u201eKlima-Ballerina\u201c tanzt sie sogar \u2013 und zwar den M\u00e4chtigen auf der Nase herum. Das h\u00e4lt jung und macht Hoffnung f\u00fcr die Zukunft.<\/p>\n<p><i>\u201eAnny Hartmann ist f\u00fcr mich die legitime Nachfolgerin des unvergesslichen Dieter Hildebrandt!\u201c<\/i> \u2013 Konstantin Wecker<\/p>\n","protected":false},"excerpt":{"rendered":"<p><span class=\"uF-qm _2Cofy J2pYd _2Rnds\"><span class=\"_1idsK\" data-hook=\"ev-list-item-title\">Sitzplatz, Normalpreis<br \/>\nDatum: 27.10.2024, Beginn: 19:00 Uhr<br \/>\nEinlass 18.00 Uhr<br \/>\n<strong>Achtung, der Saal verf\u00fcgt \u00fcber Sitzpl\u00e4tze in Vari\u00e9t\u00e9-Bestuhlung, bestehend jeweils aus einem Bistrotisch mit 2 St\u00fchlen.<\/strong><br \/>\n<\/span><\/span><\/p>\n","protected":false},"author":1,"featured_media":66532,"template":"","meta":[],"product_cat":[55,123],"product_tag":[],"class_list":{"0":"post-71728","1":"product","2":"type-product","3":"status-publish","4":"has-post-thumbnail","6":"product_cat-comedy","7":"product_cat-musical","9":"first","10":"instock","11":"taxable","12":"shipping-taxable","13":"purchasable","14":"product-type-variable"},"yoast_head":"<!-- This site is optimized with the Yoast SEO plugin v23.3 - https:\/\/yoast.com\/wordpress\/plugins\/seo\/ -->\n<title>Anny Hartmann - Klima-Ballerina - Ticket-Shop BB Entertainia<\/title>\n<meta name=\"robots\" content=\"index, follow, max-snippet:-1, max-image-preview:large, max-video-preview:-1\" \/>\n<link rel=\"canonical\" href=\"https:\/\/www.bb-entertainia.de\/test-bb-tickets\/product\/anny-hartmann\/\" \/>\n<meta property=\"og:locale\" content=\"de_DE\" \/>\n<meta property=\"og:type\" content=\"article\" \/>\n<meta property=\"og:title\" content=\"Anny Hartmann - Klima-Ballerina - Ticket-Shop BB Entertainia\" \/>\n<meta property=\"og:description\" content=\"Sitzplatz, Normalpreis Datum: 27.10.2024, Beginn: 19:00 Uhr Einlass 18.00 Uhr Achtung, der Saal verf\u00fcgt \u00fcber Sitzpl\u00e4tze in Vari\u00e9t\u00e9-Bestuhlung, bestehend jeweils aus einem Bistrotisch mit 2 St\u00fchlen.\" \/>\n<meta property=\"og:url\" content=\"https:\/\/www.bb-entertainia.de\/test-bb-tickets\/product\/anny-hartmann\/\" \/>\n<meta property=\"og:site_name\" content=\"Ticket-Shop BB Entertainia\" \/>\n<meta property=\"article:modified_time\" content=\"2024-08-04T18:42:08+00:00\" \/>\n<meta property=\"og:image\" content=\"https:\/\/www.bb-entertainia.de\/test-bb-tickets\/wp-content\/uploads\/sh-Anny-Hartman.jpg\" \/>\n\t<meta property=\"og:image:width\" content=\"1000\" \/>\n\t<meta property=\"og:image:height\" content=\"1000\" \/>\n\t<meta property=\"og:image:type\" content=\"image\/jpeg\" \/>\n<meta name=\"twitter:card\" content=\"summary_large_image\" \/>\n<meta name=\"twitter:label1\" content=\"Gesch\u00e4tzte Lesezeit\" \/>\n\t<meta name=\"twitter:data1\" content=\"1\u00a0Minute\" \/>\n<script type=\"application\/ld+json\" class=\"yoast-schema-graph\">{\"@context\":\"https:\/\/schema.org\",\"@graph\":[{\"@type\":\"WebPage\",\"@id\":\"https:\/\/www.bb-entertainia.de\/test-bb-tickets\/product\/anny-hartmann\/\",\"url\":\"https:\/\/www.bb-entertainia.de\/test-bb-tickets\/product\/anny-hartmann\/\",\"name\":\"Anny Hartmann - Klima-Ballerina - Ticket-Shop BB Entertainia\",\"isPartOf\":{\"@id\":\"https:\/\/www.bb-entertainia.de\/test-bb-tickets\/#website\"},\"primaryImageOfPage\":{\"@id\":\"https:\/\/www.bb-entertainia.de\/test-bb-tickets\/product\/anny-hartmann\/#primaryimage\"},\"image\":{\"@id\":\"https:\/\/www.bb-entertainia.de\/test-bb-tickets\/product\/anny-hartmann\/#primaryimage\"},\"thumbnailUrl\":\"https:\/\/www.bb-entertainia.de\/test-bb-tickets\/wp-content\/uploads\/sh-Anny-Hartman.jpg\",\"datePublished\":\"2023-12-06T15:24:45+00:00\",\"dateModified\":\"2024-08-04T18:42:08+00:00\",\"breadcrumb\":{\"@id\":\"https:\/\/www.bb-entertainia.de\/test-bb-tickets\/product\/anny-hartmann\/#breadcrumb\"},\"inLanguage\":\"de\",\"potentialAction\":[{\"@type\":\"ReadAction\",\"target\":[\"https:\/\/www.bb-entertainia.de\/test-bb-tickets\/product\/anny-hartmann\/\"]}]},{\"@type\":\"ImageObject\",\"inLanguage\":\"de\",\"@id\":\"https:\/\/www.bb-entertainia.de\/test-bb-tickets\/product\/anny-hartmann\/#primaryimage\",\"url\":\"https:\/\/www.bb-entertainia.de\/test-bb-tickets\/wp-content\/uploads\/sh-Anny-Hartman.jpg\",\"contentUrl\":\"https:\/\/www.bb-entertainia.de\/test-bb-tickets\/wp-content\/uploads\/sh-Anny-Hartman.jpg\",\"width\":1000,\"height\":1000},{\"@type\":\"BreadcrumbList\",\"@id\":\"https:\/\/www.bb-entertainia.de\/test-bb-tickets\/product\/anny-hartmann\/#breadcrumb\",\"itemListElement\":[{\"@type\":\"ListItem\",\"position\":1,\"name\":\"Home\",\"item\":\"https:\/\/www.bb-entertainia.de\/test-bb-tickets\/\"},{\"@type\":\"ListItem\",\"position\":2,\"name\":\"Tickets\",\"item\":\"https:\/\/www.bb-entertainia.de\/test-bb-tickets\/\"},{\"@type\":\"ListItem\",\"position\":3,\"name\":\"Anny Hartmann &#8211; Klima-Ballerina\"}]},{\"@type\":\"WebSite\",\"@id\":\"https:\/\/www.bb-entertainia.de\/test-bb-tickets\/#website\",\"url\":\"https:\/\/www.bb-entertainia.de\/test-bb-tickets\/\",\"name\":\"Ticket-Shop BB Entertainia\",\"description\":\"\",\"publisher\":{\"@id\":\"https:\/\/www.bb-entertainia.de\/test-bb-tickets\/#organization\"},\"potentialAction\":[{\"@type\":\"SearchAction\",\"target\":{\"@type\":\"EntryPoint\",\"urlTemplate\":\"https:\/\/www.bb-entertainia.de\/test-bb-tickets\/?s={search_term_string}\"},\"query-input\":\"required name=search_term_string\"}],\"inLanguage\":\"de\"},{\"@type\":\"Organization\",\"@id\":\"https:\/\/www.bb-entertainia.de\/test-bb-tickets\/#organization\",\"name\":\"Ticket-Shop BB Entertainia\",\"url\":\"https:\/\/www.bb-entertainia.de\/test-bb-tickets\/\",\"logo\":{\"@type\":\"ImageObject\",\"inLanguage\":\"de\",\"@id\":\"https:\/\/www.bb-entertainia.de\/test-bb-tickets\/#\/schema\/logo\/image\/\",\"url\":\"https:\/\/www.bb-entertainia.de\/test-bb-tickets\/wp-content\/uploads\/2020\/01\/logo-bb-entertainia.png\",\"contentUrl\":\"https:\/\/www.bb-entertainia.de\/test-bb-tickets\/wp-content\/uploads\/2020\/01\/logo-bb-entertainia.png\",\"width\":500,\"height\":102,\"caption\":\"Ticket-Shop BB Entertainia\"},\"image\":{\"@id\":\"https:\/\/www.bb-entertainia.de\/test-bb-tickets\/#\/schema\/logo\/image\/\"}}]}<\/script>\n<!-- \/ Yoast SEO plugin. -->","yoast_head_json":{"title":"Anny Hartmann - Klima-Ballerina - Ticket-Shop BB Entertainia","robots":{"index":"index","follow":"follow","max-snippet":"max-snippet:-1","max-image-preview":"max-image-preview:large","max-video-preview":"max-video-preview:-1"},"canonical":"https:\/\/www.bb-entertainia.de\/test-bb-tickets\/product\/anny-hartmann\/","og_locale":"de_DE","og_type":"article","og_title":"Anny Hartmann - Klima-Ballerina - Ticket-Shop BB Entertainia","og_description":"Sitzplatz, Normalpreis Datum: 27.10.2024, Beginn: 19:00 Uhr Einlass 18.00 Uhr Achtung, der Saal verf\u00fcgt \u00fcber Sitzpl\u00e4tze in Vari\u00e9t\u00e9-Bestuhlung, bestehend jeweils aus einem Bistrotisch mit 2 St\u00fchlen.","og_url":"https:\/\/www.bb-entertainia.de\/test-bb-tickets\/product\/anny-hartmann\/","og_site_name":"Ticket-Shop BB Entertainia","article_modified_time":"2024-08-04T18:42:08+00:00","og_image":[{"width":1000,"height":1000,"url":"https:\/\/www.bb-entertainia.de\/test-bb-tickets\/wp-content\/uploads\/sh-Anny-Hartman.jpg","type":"image\/jpeg"}],"twitter_card":"summary_large_image","twitter_misc":{"Gesch\u00e4tzte Lesezeit":"1\u00a0Minute"},"schema":{"@context":"https:\/\/schema.org","@graph":[{"@type":"WebPage","@id":"https:\/\/www.bb-entertainia.de\/test-bb-tickets\/product\/anny-hartmann\/","url":"https:\/\/www.bb-entertainia.de\/test-bb-tickets\/product\/anny-hartmann\/","name":"Anny Hartmann - Klima-Ballerina - Ticket-Shop BB Entertainia","isPartOf":{"@id":"https:\/\/www.bb-entertainia.de\/test-bb-tickets\/#website"},"primaryImageOfPage":{"@id":"https:\/\/www.bb-entertainia.de\/test-bb-tickets\/product\/anny-hartmann\/#primaryimage"},"image":{"@id":"https:\/\/www.bb-entertainia.de\/test-bb-tickets\/product\/anny-hartmann\/#primaryimage"},"thumbnailUrl":"https:\/\/www.bb-entertainia.de\/test-bb-tickets\/wp-content\/uploads\/sh-Anny-Hartman.jpg","datePublished":"2023-12-06T15:24:45+00:00","dateModified":"2024-08-04T18:42:08+00:00","breadcrumb":{"@id":"https:\/\/www.bb-entertainia.de\/test-bb-tickets\/product\/anny-hartmann\/#breadcrumb"},"inLanguage":"de","potentialAction":[{"@type":"ReadAction","target":["https:\/\/www.bb-entertainia.de\/test-bb-tickets\/product\/anny-hartmann\/"]}]},{"@type":"ImageObject","inLanguage":"de","@id":"https:\/\/www.bb-entertainia.de\/test-bb-tickets\/product\/anny-hartmann\/#primaryimage","url":"https:\/\/www.bb-entertainia.de\/test-bb-tickets\/wp-content\/uploads\/sh-Anny-Hartman.jpg","contentUrl":"https:\/\/www.bb-entertainia.de\/test-bb-tickets\/wp-content\/uploads\/sh-Anny-Hartman.jpg","width":1000,"height":1000},{"@type":"BreadcrumbList","@id":"https:\/\/www.bb-entertainia.de\/test-bb-tickets\/product\/anny-hartmann\/#breadcrumb","itemListElement":[{"@type":"ListItem","position":1,"name":"Home","item":"https:\/\/www.bb-entertainia.de\/test-bb-tickets\/"},{"@type":"ListItem","position":2,"name":"Tickets","item":"https:\/\/www.bb-entertainia.de\/test-bb-tickets\/"},{"@type":"ListItem","position":3,"name":"Anny Hartmann &#8211; Klima-Ballerina"}]},{"@type":"WebSite","@id":"https:\/\/www.bb-entertainia.de\/test-bb-tickets\/#website","url":"https:\/\/www.bb-entertainia.de\/test-bb-tickets\/","name":"Ticket-Shop BB Entertainia","description":"","publisher":{"@id":"https:\/\/www.bb-entertainia.de\/test-bb-tickets\/#organization"},"potentialAction":[{"@type":"SearchAction","target":{"@type":"EntryPoint","urlTemplate":"https:\/\/www.bb-entertainia.de\/test-bb-tickets\/?s={search_term_string}"},"query-input":"required name=search_term_string"}],"inLanguage":"de"},{"@type":"Organization","@id":"https:\/\/www.bb-entertainia.de\/test-bb-tickets\/#organization","name":"Ticket-Shop BB Entertainia","url":"https:\/\/www.bb-entertainia.de\/test-bb-tickets\/","logo":{"@type":"ImageObject","inLanguage":"de","@id":"https:\/\/www.bb-entertainia.de\/test-bb-tickets\/#\/schema\/logo\/image\/","url":"https:\/\/www.bb-entertainia.de\/test-bb-tickets\/wp-content\/uploads\/2020\/01\/logo-bb-entertainia.png","contentUrl":"https:\/\/www.bb-entertainia.de\/test-bb-tickets\/wp-content\/uploads\/2020\/01\/logo-bb-entertainia.png","width":500,"height":102,"caption":"Ticket-Shop BB Entertainia"},"image":{"@id":"https:\/\/www.bb-entertainia.de\/test-bb-tickets\/#\/schema\/logo\/image\/"}}]}},"tiered_pricing_type":"fixed","tiered_pricing_fixed_rules":[],"tiered_pricing_product_settings":{"layout":"default","base_unit_name":{"singular":null,"plural":null},"default_variation":null},"tiered_pricing_minimum_quantity":1,"tiered_pricing_roles_data":[],"tiered_pricing_percentage_rules":[],"_links":{"self":[{"href":"https:\/\/www.bb-entertainia.de\/test-bb-tickets\/wp-json\/wp\/v2\/product\/71728"}],"collection":[{"href":"https:\/\/www.bb-entertainia.de\/test-bb-tickets\/wp-json\/wp\/v2\/product"}],"about":[{"href":"https:\/\/www.bb-entertainia.de\/test-bb-tickets\/wp-json\/wp\/v2\/types\/product"}],"author":[{"embeddable":true,"href":"https:\/\/www.bb-entertainia.de\/test-bb-tickets\/wp-json\/wp\/v2\/users\/1"}],"wp:featuredmedia":[{"embeddable":true,"href":"https:\/\/www.bb-entertainia.de\/test-bb-tickets\/wp-json\/wp\/v2\/media\/66532"}],"wp:attachment":[{"href":"https:\/\/www.bb-entertainia.de\/test-bb-tickets\/wp-json\/wp\/v2\/media?parent=71728"}],"wp:term":[{"taxonomy":"product_cat","embeddable":true,"href":"https:\/\/www.bb-entertainia.de\/test-bb-tickets\/wp-json\/wp\/v2\/product_cat?post=71728"},{"taxonomy":"product_tag","embeddable":true,"href":"https:\/\/www.bb-entertainia.de\/test-bb-tickets\/wp-json\/wp\/v2\/product_tag?post=71728"}],"curies":[{"name":"wp","href":"https:\/\/api.w.org\/{rel}","templated":true}]}}