{"id":69058,"date":"2023-11-22T14:34:23","date_gmt":"2023-11-22T13:34:23","guid":{"rendered":"https:\/\/www.bb-entertainia.de\/test-bb-tickets\/?post_type=product&#038;p=69058"},"modified":"2024-08-14T14:37:52","modified_gmt":"2024-08-14T12:37:52","slug":"the-love-beatles","status":"publish","type":"product","link":"https:\/\/www.bb-entertainia.de\/test-bb-tickets\/product\/the-love-beatles\/","title":{"rendered":"LOVE BEATLES und DYLANS\u2019 Dream"},"content":{"rendered":"<h2><strong>LOVE BEATLES und DYLANS\u2019 Dream<\/strong><\/h2>\n<p>Aus unvorhersehbaren organisatorischen Gr\u00fcnden seitens der BAND mussten wir das f\u00fcr den 8. November 2024 vorgesehene Konzert der LOVE BEATLES auf den 18. Januar 2025 verlegen. Wir fangen an diesem Abend fr\u00fcher an, denn es erwartet Sie eine besondere \u00dcberraschung. Es erwartet Sie ein grandioses Konzert mit zwei grandiosen K\u00fcnstlern und Bands zum Preis von Einem.<\/p>\n<p><strong>The Love Beatles <\/strong>&#8211; \u201eDie Not hat ein Ende! Die Zeit der Dorfmusik ist vorbei!\u201c<\/p>\n<p>\u2026so hie\u00df es auf dem Plakat des hamburger \u201eStar-Club\u201c, in dem The Beatles 1962 das erste Mal auftraten. Nur wenige ahnten zu dieser Zeit welch Potential in den vier Jungs aus Liverpool steckte und welche Hysterie sie nur zwei Jahre sp\u00e4ter weltweit ausl\u00f6sen w\u00fcrden.<\/p>\n<p>Die international besetzte Tribute Band The Love Beatles pr\u00e4sentiert in voller Bandbreite und Liebe zum Detail den typischen Beat der fr\u00fchen Beatlemania-Jahre bis hin zu den psychedelisch komplexen Kompositionen des Quartetts. Logisch, dass w\u00e4hrend dieser deutschlandweit einmaligen Show nicht nur die Pilzkopfrisuren, sondern auch die B\u00e4rte wachsen und gleichzeitig die originalgetreuen Kost\u00fcme und Instrumente bunter werden, die den Zeitgeist der Swinging Sixties einfangen.<\/p>\n<p>Zuvor treten <strong>Dylan&#8217; Dream <\/strong>auf. Die wohl beste deutsche Bob-Dylan-Tribute-Band begeistert die Fans des Meisters quer durch alle Generationen. Pr\u00e4sentiert wird ein Querschnitt aus \u00fcber 40 Jahren Folk-Rock-Schaffens des gr\u00f6\u00dften Songwriters der letzten Jahrzehnte.<\/p>\n<p>Ganz im Stil von Bob Dylan, der seinen Songs durch st\u00e4ndige Ver\u00e4nderungen immer wieder neue Dynamik verleiht, geht Dylan`s Dream weit \u00fcber simples Covern hinaus:<\/p>\n<p>mit leichter Hand formen die Bandmit\u00adglieder aus ihren unterschiedlichsten musikalischen Vorlieben neu gemixte Songversionen, individuell und doch unverkennbar Dylan, was nicht zuletzt der Stimme des Bandleaders J\u00f6rg G\u00f6tzfried geschuldet ist.<\/p>\n<p>&nbsp;<\/p>\n","protected":false},"excerpt":{"rendered":"<p><span class=\"uF-qm _2Cofy J2pYd _2Rnds\"><span class=\"_1idsK\" data-hook=\"ev-list-item-title\">Sitzplatz, Normalpreis<br \/>\nDatum: 18.01.2025, Beginn: 19:00 Uhr<br \/>\nEinlass 17:30 Uhr<\/span><\/span><\/p>\n<p><strong>Achtung, der Saal verf\u00fcgt \u00fcber Sitzpl\u00e4tze in Vari\u00e9t\u00e9-Bestuhlung, bestehend jeweils aus einem Bistrotisch mit 2 St\u00fchlen.<\/strong><\/p>\n","protected":false},"author":1,"featured_media":105500,"template":"","meta":[],"product_cat":[61],"product_tag":[],"class_list":{"0":"post-69058","1":"product","2":"type-product","3":"status-publish","4":"has-post-thumbnail","6":"product_cat-konzert","8":"first","9":"instock","10":"taxable","11":"shipping-taxable","12":"purchasable","13":"product-type-variable"},"yoast_head":"<!-- This site is optimized with the Yoast SEO plugin v23.3 - https:\/\/yoast.com\/wordpress\/plugins\/seo\/ -->\n<title>LOVE BEATLES und DYLANS\u2019 Dream - Ticket-Shop BB Entertainia<\/title>\n<meta name=\"robots\" content=\"index, follow, max-snippet:-1, max-image-preview:large, max-video-preview:-1\" \/>\n<link rel=\"canonical\" href=\"https:\/\/www.bb-entertainia.de\/test-bb-tickets\/product\/the-love-beatles\/\" \/>\n<meta property=\"og:locale\" content=\"de_DE\" \/>\n<meta property=\"og:type\" content=\"article\" \/>\n<meta property=\"og:title\" content=\"LOVE BEATLES und DYLANS\u2019 Dream - Ticket-Shop BB Entertainia\" \/>\n<meta property=\"og:description\" content=\"Sitzplatz, Normalpreis Datum: 18.01.2025, Beginn: 19:00 Uhr Einlass 17:30 Uhr  Achtung, der Saal verf\u00fcgt \u00fcber Sitzpl\u00e4tze in Vari\u00e9t\u00e9-Bestuhlung, bestehend jeweils aus einem Bistrotisch mit 2 St\u00fchlen.\" \/>\n<meta property=\"og:url\" content=\"https:\/\/www.bb-entertainia.de\/test-bb-tickets\/product\/the-love-beatles\/\" \/>\n<meta property=\"og:site_name\" content=\"Ticket-Shop BB Entertainia\" \/>\n<meta property=\"article:modified_time\" content=\"2024-08-14T12:37:52+00:00\" \/>\n<meta property=\"og:image\" content=\"https:\/\/www.bb-entertainia.de\/test-bb-tickets\/wp-content\/uploads\/18-01-25.jpg\" \/>\n\t<meta property=\"og:image:width\" content=\"817\" \/>\n\t<meta property=\"og:image:height\" content=\"817\" \/>\n\t<meta property=\"og:image:type\" content=\"image\/jpeg\" \/>\n<meta name=\"twitter:card\" content=\"summary_large_image\" \/>\n<meta name=\"twitter:label1\" content=\"Gesch\u00e4tzte Lesezeit\" \/>\n\t<meta name=\"twitter:data1\" content=\"2\u00a0Minuten\" \/>\n<script type=\"application\/ld+json\" class=\"yoast-schema-graph\">{\"@context\":\"https:\/\/schema.org\",\"@graph\":[{\"@type\":\"WebPage\",\"@id\":\"https:\/\/www.bb-entertainia.de\/test-bb-tickets\/product\/the-love-beatles\/\",\"url\":\"https:\/\/www.bb-entertainia.de\/test-bb-tickets\/product\/the-love-beatles\/\",\"name\":\"LOVE BEATLES und DYLANS\u2019 Dream - Ticket-Shop BB Entertainia\",\"isPartOf\":{\"@id\":\"https:\/\/www.bb-entertainia.de\/test-bb-tickets\/#website\"},\"primaryImageOfPage\":{\"@id\":\"https:\/\/www.bb-entertainia.de\/test-bb-tickets\/product\/the-love-beatles\/#primaryimage\"},\"image\":{\"@id\":\"https:\/\/www.bb-entertainia.de\/test-bb-tickets\/product\/the-love-beatles\/#primaryimage\"},\"thumbnailUrl\":\"https:\/\/www.bb-entertainia.de\/test-bb-tickets\/wp-content\/uploads\/18-01-25.jpg\",\"datePublished\":\"2023-11-22T13:34:23+00:00\",\"dateModified\":\"2024-08-14T12:37:52+00:00\",\"breadcrumb\":{\"@id\":\"https:\/\/www.bb-entertainia.de\/test-bb-tickets\/product\/the-love-beatles\/#breadcrumb\"},\"inLanguage\":\"de\",\"potentialAction\":[{\"@type\":\"ReadAction\",\"target\":[\"https:\/\/www.bb-entertainia.de\/test-bb-tickets\/product\/the-love-beatles\/\"]}]},{\"@type\":\"ImageObject\",\"inLanguage\":\"de\",\"@id\":\"https:\/\/www.bb-entertainia.de\/test-bb-tickets\/product\/the-love-beatles\/#primaryimage\",\"url\":\"https:\/\/www.bb-entertainia.de\/test-bb-tickets\/wp-content\/uploads\/18-01-25.jpg\",\"contentUrl\":\"https:\/\/www.bb-entertainia.de\/test-bb-tickets\/wp-content\/uploads\/18-01-25.jpg\",\"width\":817,\"height\":817},{\"@type\":\"BreadcrumbList\",\"@id\":\"https:\/\/www.bb-entertainia.de\/test-bb-tickets\/product\/the-love-beatles\/#breadcrumb\",\"itemListElement\":[{\"@type\":\"ListItem\",\"position\":1,\"name\":\"Home\",\"item\":\"https:\/\/www.bb-entertainia.de\/test-bb-tickets\/\"},{\"@type\":\"ListItem\",\"position\":2,\"name\":\"Tickets\",\"item\":\"https:\/\/www.bb-entertainia.de\/test-bb-tickets\/\"},{\"@type\":\"ListItem\",\"position\":3,\"name\":\"LOVE BEATLES und DYLANS\u2019 Dream\"}]},{\"@type\":\"WebSite\",\"@id\":\"https:\/\/www.bb-entertainia.de\/test-bb-tickets\/#website\",\"url\":\"https:\/\/www.bb-entertainia.de\/test-bb-tickets\/\",\"name\":\"Ticket-Shop BB Entertainia\",\"description\":\"\",\"publisher\":{\"@id\":\"https:\/\/www.bb-entertainia.de\/test-bb-tickets\/#organization\"},\"potentialAction\":[{\"@type\":\"SearchAction\",\"target\":{\"@type\":\"EntryPoint\",\"urlTemplate\":\"https:\/\/www.bb-entertainia.de\/test-bb-tickets\/?s={search_term_string}\"},\"query-input\":\"required name=search_term_string\"}],\"inLanguage\":\"de\"},{\"@type\":\"Organization\",\"@id\":\"https:\/\/www.bb-entertainia.de\/test-bb-tickets\/#organization\",\"name\":\"Ticket-Shop BB Entertainia\",\"url\":\"https:\/\/www.bb-entertainia.de\/test-bb-tickets\/\",\"logo\":{\"@type\":\"ImageObject\",\"inLanguage\":\"de\",\"@id\":\"https:\/\/www.bb-entertainia.de\/test-bb-tickets\/#\/schema\/logo\/image\/\",\"url\":\"https:\/\/www.bb-entertainia.de\/test-bb-tickets\/wp-content\/uploads\/2020\/01\/logo-bb-entertainia.png\",\"contentUrl\":\"https:\/\/www.bb-entertainia.de\/test-bb-tickets\/wp-content\/uploads\/2020\/01\/logo-bb-entertainia.png\",\"width\":500,\"height\":102,\"caption\":\"Ticket-Shop BB Entertainia\"},\"image\":{\"@id\":\"https:\/\/www.bb-entertainia.de\/test-bb-tickets\/#\/schema\/logo\/image\/\"}}]}<\/script>\n<!-- \/ Yoast SEO plugin. -->","yoast_head_json":{"title":"LOVE BEATLES und DYLANS\u2019 Dream - Ticket-Shop BB Entertainia","robots":{"index":"index","follow":"follow","max-snippet":"max-snippet:-1","max-image-preview":"max-image-preview:large","max-video-preview":"max-video-preview:-1"},"canonical":"https:\/\/www.bb-entertainia.de\/test-bb-tickets\/product\/the-love-beatles\/","og_locale":"de_DE","og_type":"article","og_title":"LOVE BEATLES und DYLANS\u2019 Dream - Ticket-Shop BB Entertainia","og_description":"Sitzplatz, Normalpreis Datum: 18.01.2025, Beginn: 19:00 Uhr Einlass 17:30 Uhr  Achtung, der Saal verf\u00fcgt \u00fcber Sitzpl\u00e4tze in Vari\u00e9t\u00e9-Bestuhlung, bestehend jeweils aus einem Bistrotisch mit 2 St\u00fchlen.","og_url":"https:\/\/www.bb-entertainia.de\/test-bb-tickets\/product\/the-love-beatles\/","og_site_name":"Ticket-Shop BB Entertainia","article_modified_time":"2024-08-14T12:37:52+00:00","og_image":[{"width":817,"height":817,"url":"https:\/\/www.bb-entertainia.de\/test-bb-tickets\/wp-content\/uploads\/18-01-25.jpg","type":"image\/jpeg"}],"twitter_card":"summary_large_image","twitter_misc":{"Gesch\u00e4tzte Lesezeit":"2\u00a0Minuten"},"schema":{"@context":"https:\/\/schema.org","@graph":[{"@type":"WebPage","@id":"https:\/\/www.bb-entertainia.de\/test-bb-tickets\/product\/the-love-beatles\/","url":"https:\/\/www.bb-entertainia.de\/test-bb-tickets\/product\/the-love-beatles\/","name":"LOVE BEATLES und DYLANS\u2019 Dream - Ticket-Shop BB Entertainia","isPartOf":{"@id":"https:\/\/www.bb-entertainia.de\/test-bb-tickets\/#website"},"primaryImageOfPage":{"@id":"https:\/\/www.bb-entertainia.de\/test-bb-tickets\/product\/the-love-beatles\/#primaryimage"},"image":{"@id":"https:\/\/www.bb-entertainia.de\/test-bb-tickets\/product\/the-love-beatles\/#primaryimage"},"thumbnailUrl":"https:\/\/www.bb-entertainia.de\/test-bb-tickets\/wp-content\/uploads\/18-01-25.jpg","datePublished":"2023-11-22T13:34:23+00:00","dateModified":"2024-08-14T12:37:52+00:00","breadcrumb":{"@id":"https:\/\/www.bb-entertainia.de\/test-bb-tickets\/product\/the-love-beatles\/#breadcrumb"},"inLanguage":"de","potentialAction":[{"@type":"ReadAction","target":["https:\/\/www.bb-entertainia.de\/test-bb-tickets\/product\/the-love-beatles\/"]}]},{"@type":"ImageObject","inLanguage":"de","@id":"https:\/\/www.bb-entertainia.de\/test-bb-tickets\/product\/the-love-beatles\/#primaryimage","url":"https:\/\/www.bb-entertainia.de\/test-bb-tickets\/wp-content\/uploads\/18-01-25.jpg","contentUrl":"https:\/\/www.bb-entertainia.de\/test-bb-tickets\/wp-content\/uploads\/18-01-25.jpg","width":817,"height":817},{"@type":"BreadcrumbList","@id":"https:\/\/www.bb-entertainia.de\/test-bb-tickets\/product\/the-love-beatles\/#breadcrumb","itemListElement":[{"@type":"ListItem","position":1,"name":"Home","item":"https:\/\/www.bb-entertainia.de\/test-bb-tickets\/"},{"@type":"ListItem","position":2,"name":"Tickets","item":"https:\/\/www.bb-entertainia.de\/test-bb-tickets\/"},{"@type":"ListItem","position":3,"name":"LOVE BEATLES und DYLANS\u2019 Dream"}]},{"@type":"WebSite","@id":"https:\/\/www.bb-entertainia.de\/test-bb-tickets\/#website","url":"https:\/\/www.bb-entertainia.de\/test-bb-tickets\/","name":"Ticket-Shop BB Entertainia","description":"","publisher":{"@id":"https:\/\/www.bb-entertainia.de\/test-bb-tickets\/#organization"},"potentialAction":[{"@type":"SearchAction","target":{"@type":"EntryPoint","urlTemplate":"https:\/\/www.bb-entertainia.de\/test-bb-tickets\/?s={search_term_string}"},"query-input":"required name=search_term_string"}],"inLanguage":"de"},{"@type":"Organization","@id":"https:\/\/www.bb-entertainia.de\/test-bb-tickets\/#organization","name":"Ticket-Shop BB Entertainia","url":"https:\/\/www.bb-entertainia.de\/test-bb-tickets\/","logo":{"@type":"ImageObject","inLanguage":"de","@id":"https:\/\/www.bb-entertainia.de\/test-bb-tickets\/#\/schema\/logo\/image\/","url":"https:\/\/www.bb-entertainia.de\/test-bb-tickets\/wp-content\/uploads\/2020\/01\/logo-bb-entertainia.png","contentUrl":"https:\/\/www.bb-entertainia.de\/test-bb-tickets\/wp-content\/uploads\/2020\/01\/logo-bb-entertainia.png","width":500,"height":102,"caption":"Ticket-Shop BB Entertainia"},"image":{"@id":"https:\/\/www.bb-entertainia.de\/test-bb-tickets\/#\/schema\/logo\/image\/"}}]}},"tiered_pricing_type":"fixed","tiered_pricing_fixed_rules":[],"tiered_pricing_product_settings":{"layout":"default","base_unit_name":{"singular":null,"plural":null},"default_variation":null},"tiered_pricing_minimum_quantity":1,"tiered_pricing_roles_data":[],"tiered_pricing_percentage_rules":[],"_links":{"self":[{"href":"https:\/\/www.bb-entertainia.de\/test-bb-tickets\/wp-json\/wp\/v2\/product\/69058"}],"collection":[{"href":"https:\/\/www.bb-entertainia.de\/test-bb-tickets\/wp-json\/wp\/v2\/product"}],"about":[{"href":"https:\/\/www.bb-entertainia.de\/test-bb-tickets\/wp-json\/wp\/v2\/types\/product"}],"author":[{"embeddable":true,"href":"https:\/\/www.bb-entertainia.de\/test-bb-tickets\/wp-json\/wp\/v2\/users\/1"}],"wp:featuredmedia":[{"embeddable":true,"href":"https:\/\/www.bb-entertainia.de\/test-bb-tickets\/wp-json\/wp\/v2\/media\/105500"}],"wp:attachment":[{"href":"https:\/\/www.bb-entertainia.de\/test-bb-tickets\/wp-json\/wp\/v2\/media?parent=69058"}],"wp:term":[{"taxonomy":"product_cat","embeddable":true,"href":"https:\/\/www.bb-entertainia.de\/test-bb-tickets\/wp-json\/wp\/v2\/product_cat?post=69058"},{"taxonomy":"product_tag","embeddable":true,"href":"https:\/\/www.bb-entertainia.de\/test-bb-tickets\/wp-json\/wp\/v2\/product_tag?post=69058"}],"curies":[{"name":"wp","href":"https:\/\/api.w.org\/{rel}","templated":true}]}}