{"id":31354,"date":"2023-04-01T13:43:03","date_gmt":"2023-04-01T11:43:03","guid":{"rendered":"https:\/\/www.bb-entertainia.de\/test-bb-tickets\/?post_type=product&#038;p=31354"},"modified":"2024-06-03T13:08:22","modified_gmt":"2024-06-03T11:08:22","slug":"paket-1-einmalzahlung-jahres-vip-karte","status":"publish","type":"product","link":"https:\/\/www.bb-entertainia.de\/test-bb-tickets\/product\/paket-1-einmalzahlung-jahres-vip-karte\/","title":{"rendered":"JAHRES-VIP-KARTE &#8211; Zeitraum 1 Jahr"},"content":{"rendered":"<h3><strong>Einmalzahlung mit folgenden Leistungen:<\/strong><\/h3>\n<p>10 Veranstaltungen nach Wahl buchbar im definierten Zeitraum eines Jahres *<br \/>\n+ 50 Getr\u00e4nkechips<\/p>\n<p><strong>Sie erhalten also:<\/strong><br \/>\nEin hochwertiges Lanyard-Schl\u00fcsselband mit VIP-Jahrespass, welcher Zugang zum &#8220;Front of Stage&#8221; Bereich gew\u00e4hrt (wo vorhanden).<br \/>\nGegen Vorlage des VIP-Passes k\u00f6nnen bei den Veranstaltungen au\u00dferdem Getr\u00e4nkechips mit \u20ac1,25 statt \u20ac1,50 erworben werden &#8211; EXKLUSIV F\u00dcR VIP-FREUNDE DES LOKSCHUPPENS!<br \/>\nG\u00fcltig ist die Karte innerhalb eines Jahres &#8211; je nach Ausstellungsdatum<\/p>\n<p>* Die 10 Veranstaltungen nach Wahl k\u00f6nnen pro Inhaber f\u00fcr einen Platz je Lokschuppen-interner Veranstaltung eingel\u00f6st werden. Das gilt f\u00fcr alle Preiskategorien.<\/p>\n<p><strong>Preise auf Nachfrage in der Rathausstra\u00dfe 7, 36179 Bebra oder telefonisch Mo &#8211;\u00a0 Fr 10 -18 Uhr unter 06622-914 6030<\/strong><\/p>\n","protected":false},"excerpt":{"rendered":"<p><strong>Einmalzahlung mit folgenden Leistungen:<\/strong><\/p>\n<p>10 Veranstaltungen nach Wahl bis 31.12.2024 *<br \/>\n+ 15 Getr\u00e4nkechips<br \/>\n+ 10 Getr\u00e4nkechips Bonus f\u00fcr die Einmalzahlung<\/p>\n<p><span style=\"font-size: 12px;\">* Die 10 Veranstaltungen nach Wahl k\u00f6nnen pro Inhaber f\u00fcr einen Platz je Lokschuppen-interner Veranstaltung eingel\u00f6st werden. Das gilt f\u00fcr alle Preiskategorien.<br \/>\n<\/span><\/p>\n","protected":false},"author":1,"featured_media":31357,"template":"","meta":[],"product_cat":[15],"product_tag":[],"class_list":{"0":"post-31354","1":"product","2":"type-product","3":"status-publish","4":"has-post-thumbnail","6":"product_cat-uncategorized","8":"first","9":"outofstock","10":"taxable","11":"shipping-taxable","12":"product-type-simple"},"yoast_head":"<!-- This site is optimized with the Yoast SEO plugin v23.3 - https:\/\/yoast.com\/wordpress\/plugins\/seo\/ -->\n<title>JAHRES-VIP-KARTE - Zeitraum 1 Jahr - Ticket-Shop BB Entertainia<\/title>\n<meta name=\"robots\" content=\"index, follow, max-snippet:-1, max-image-preview:large, max-video-preview:-1\" \/>\n<link rel=\"canonical\" href=\"https:\/\/www.bb-entertainia.de\/test-bb-tickets\/product\/paket-1-einmalzahlung-jahres-vip-karte\/\" \/>\n<meta property=\"og:locale\" content=\"de_DE\" \/>\n<meta property=\"og:type\" content=\"article\" \/>\n<meta property=\"og:title\" content=\"JAHRES-VIP-KARTE - Zeitraum 1 Jahr - Ticket-Shop BB Entertainia\" \/>\n<meta property=\"og:description\" content=\"Einmalzahlung mit folgenden Leistungen:  10 Veranstaltungen nach Wahl bis 31.12.2024 * + 15 Getr\u00e4nkechips + 10 Getr\u00e4nkechips Bonus f\u00fcr die Einmalzahlung  * Die 10 Veranstaltungen nach Wahl k\u00f6nnen pro Inhaber f\u00fcr einen Platz je Lokschuppen-interner Veranstaltung eingel\u00f6st werden. Das gilt f\u00fcr alle Preiskategorien.\" \/>\n<meta property=\"og:url\" content=\"https:\/\/www.bb-entertainia.de\/test-bb-tickets\/product\/paket-1-einmalzahlung-jahres-vip-karte\/\" \/>\n<meta property=\"og:site_name\" content=\"Ticket-Shop BB Entertainia\" \/>\n<meta property=\"article:modified_time\" content=\"2024-06-03T11:08:22+00:00\" \/>\n<meta property=\"og:image\" content=\"https:\/\/www.bb-entertainia.de\/test-bb-tickets\/wp-content\/uploads\/sh-paket-1-einmalzahlung-jahres-vip-karte-2023.jpg\" \/>\n\t<meta property=\"og:image:width\" content=\"1000\" \/>\n\t<meta property=\"og:image:height\" content=\"1000\" \/>\n\t<meta property=\"og:image:type\" content=\"image\/jpeg\" \/>\n<meta name=\"twitter:card\" content=\"summary_large_image\" \/>\n<meta name=\"twitter:label1\" content=\"Gesch\u00e4tzte Lesezeit\" \/>\n\t<meta name=\"twitter:data1\" content=\"1\u00a0Minute\" \/>\n<script type=\"application\/ld+json\" class=\"yoast-schema-graph\">{\"@context\":\"https:\/\/schema.org\",\"@graph\":[{\"@type\":\"WebPage\",\"@id\":\"https:\/\/www.bb-entertainia.de\/test-bb-tickets\/product\/paket-1-einmalzahlung-jahres-vip-karte\/\",\"url\":\"https:\/\/www.bb-entertainia.de\/test-bb-tickets\/product\/paket-1-einmalzahlung-jahres-vip-karte\/\",\"name\":\"JAHRES-VIP-KARTE - Zeitraum 1 Jahr - Ticket-Shop BB Entertainia\",\"isPartOf\":{\"@id\":\"https:\/\/www.bb-entertainia.de\/test-bb-tickets\/#website\"},\"primaryImageOfPage\":{\"@id\":\"https:\/\/www.bb-entertainia.de\/test-bb-tickets\/product\/paket-1-einmalzahlung-jahres-vip-karte\/#primaryimage\"},\"image\":{\"@id\":\"https:\/\/www.bb-entertainia.de\/test-bb-tickets\/product\/paket-1-einmalzahlung-jahres-vip-karte\/#primaryimage\"},\"thumbnailUrl\":\"https:\/\/www.bb-entertainia.de\/test-bb-tickets\/wp-content\/uploads\/sh-paket-1-einmalzahlung-jahres-vip-karte-2023.jpg\",\"datePublished\":\"2023-04-01T11:43:03+00:00\",\"dateModified\":\"2024-06-03T11:08:22+00:00\",\"breadcrumb\":{\"@id\":\"https:\/\/www.bb-entertainia.de\/test-bb-tickets\/product\/paket-1-einmalzahlung-jahres-vip-karte\/#breadcrumb\"},\"inLanguage\":\"de\",\"potentialAction\":[{\"@type\":\"ReadAction\",\"target\":[\"https:\/\/www.bb-entertainia.de\/test-bb-tickets\/product\/paket-1-einmalzahlung-jahres-vip-karte\/\"]}]},{\"@type\":\"ImageObject\",\"inLanguage\":\"de\",\"@id\":\"https:\/\/www.bb-entertainia.de\/test-bb-tickets\/product\/paket-1-einmalzahlung-jahres-vip-karte\/#primaryimage\",\"url\":\"https:\/\/www.bb-entertainia.de\/test-bb-tickets\/wp-content\/uploads\/sh-paket-1-einmalzahlung-jahres-vip-karte-2023.jpg\",\"contentUrl\":\"https:\/\/www.bb-entertainia.de\/test-bb-tickets\/wp-content\/uploads\/sh-paket-1-einmalzahlung-jahres-vip-karte-2023.jpg\",\"width\":1000,\"height\":1000},{\"@type\":\"BreadcrumbList\",\"@id\":\"https:\/\/www.bb-entertainia.de\/test-bb-tickets\/product\/paket-1-einmalzahlung-jahres-vip-karte\/#breadcrumb\",\"itemListElement\":[{\"@type\":\"ListItem\",\"position\":1,\"name\":\"Home\",\"item\":\"https:\/\/www.bb-entertainia.de\/test-bb-tickets\/\"},{\"@type\":\"ListItem\",\"position\":2,\"name\":\"Tickets\",\"item\":\"https:\/\/www.bb-entertainia.de\/test-bb-tickets\/\"},{\"@type\":\"ListItem\",\"position\":3,\"name\":\"JAHRES-VIP-KARTE &#8211; Zeitraum 1 Jahr\"}]},{\"@type\":\"WebSite\",\"@id\":\"https:\/\/www.bb-entertainia.de\/test-bb-tickets\/#website\",\"url\":\"https:\/\/www.bb-entertainia.de\/test-bb-tickets\/\",\"name\":\"Ticket-Shop BB Entertainia\",\"description\":\"\",\"publisher\":{\"@id\":\"https:\/\/www.bb-entertainia.de\/test-bb-tickets\/#organization\"},\"potentialAction\":[{\"@type\":\"SearchAction\",\"target\":{\"@type\":\"EntryPoint\",\"urlTemplate\":\"https:\/\/www.bb-entertainia.de\/test-bb-tickets\/?s={search_term_string}\"},\"query-input\":\"required name=search_term_string\"}],\"inLanguage\":\"de\"},{\"@type\":\"Organization\",\"@id\":\"https:\/\/www.bb-entertainia.de\/test-bb-tickets\/#organization\",\"name\":\"Ticket-Shop BB Entertainia\",\"url\":\"https:\/\/www.bb-entertainia.de\/test-bb-tickets\/\",\"logo\":{\"@type\":\"ImageObject\",\"inLanguage\":\"de\",\"@id\":\"https:\/\/www.bb-entertainia.de\/test-bb-tickets\/#\/schema\/logo\/image\/\",\"url\":\"https:\/\/www.bb-entertainia.de\/test-bb-tickets\/wp-content\/uploads\/2020\/01\/logo-bb-entertainia.png\",\"contentUrl\":\"https:\/\/www.bb-entertainia.de\/test-bb-tickets\/wp-content\/uploads\/2020\/01\/logo-bb-entertainia.png\",\"width\":500,\"height\":102,\"caption\":\"Ticket-Shop BB Entertainia\"},\"image\":{\"@id\":\"https:\/\/www.bb-entertainia.de\/test-bb-tickets\/#\/schema\/logo\/image\/\"}}]}<\/script>\n<!-- \/ Yoast SEO plugin. -->","yoast_head_json":{"title":"JAHRES-VIP-KARTE - Zeitraum 1 Jahr - Ticket-Shop BB Entertainia","robots":{"index":"index","follow":"follow","max-snippet":"max-snippet:-1","max-image-preview":"max-image-preview:large","max-video-preview":"max-video-preview:-1"},"canonical":"https:\/\/www.bb-entertainia.de\/test-bb-tickets\/product\/paket-1-einmalzahlung-jahres-vip-karte\/","og_locale":"de_DE","og_type":"article","og_title":"JAHRES-VIP-KARTE - Zeitraum 1 Jahr - Ticket-Shop BB Entertainia","og_description":"Einmalzahlung mit folgenden Leistungen:  10 Veranstaltungen nach Wahl bis 31.12.2024 * + 15 Getr\u00e4nkechips + 10 Getr\u00e4nkechips Bonus f\u00fcr die Einmalzahlung  * Die 10 Veranstaltungen nach Wahl k\u00f6nnen pro Inhaber f\u00fcr einen Platz je Lokschuppen-interner Veranstaltung eingel\u00f6st werden. Das gilt f\u00fcr alle Preiskategorien.","og_url":"https:\/\/www.bb-entertainia.de\/test-bb-tickets\/product\/paket-1-einmalzahlung-jahres-vip-karte\/","og_site_name":"Ticket-Shop BB Entertainia","article_modified_time":"2024-06-03T11:08:22+00:00","og_image":[{"width":1000,"height":1000,"url":"https:\/\/www.bb-entertainia.de\/test-bb-tickets\/wp-content\/uploads\/sh-paket-1-einmalzahlung-jahres-vip-karte-2023.jpg","type":"image\/jpeg"}],"twitter_card":"summary_large_image","twitter_misc":{"Gesch\u00e4tzte Lesezeit":"1\u00a0Minute"},"schema":{"@context":"https:\/\/schema.org","@graph":[{"@type":"WebPage","@id":"https:\/\/www.bb-entertainia.de\/test-bb-tickets\/product\/paket-1-einmalzahlung-jahres-vip-karte\/","url":"https:\/\/www.bb-entertainia.de\/test-bb-tickets\/product\/paket-1-einmalzahlung-jahres-vip-karte\/","name":"JAHRES-VIP-KARTE - Zeitraum 1 Jahr - Ticket-Shop BB Entertainia","isPartOf":{"@id":"https:\/\/www.bb-entertainia.de\/test-bb-tickets\/#website"},"primaryImageOfPage":{"@id":"https:\/\/www.bb-entertainia.de\/test-bb-tickets\/product\/paket-1-einmalzahlung-jahres-vip-karte\/#primaryimage"},"image":{"@id":"https:\/\/www.bb-entertainia.de\/test-bb-tickets\/product\/paket-1-einmalzahlung-jahres-vip-karte\/#primaryimage"},"thumbnailUrl":"https:\/\/www.bb-entertainia.de\/test-bb-tickets\/wp-content\/uploads\/sh-paket-1-einmalzahlung-jahres-vip-karte-2023.jpg","datePublished":"2023-04-01T11:43:03+00:00","dateModified":"2024-06-03T11:08:22+00:00","breadcrumb":{"@id":"https:\/\/www.bb-entertainia.de\/test-bb-tickets\/product\/paket-1-einmalzahlung-jahres-vip-karte\/#breadcrumb"},"inLanguage":"de","potentialAction":[{"@type":"ReadAction","target":["https:\/\/www.bb-entertainia.de\/test-bb-tickets\/product\/paket-1-einmalzahlung-jahres-vip-karte\/"]}]},{"@type":"ImageObject","inLanguage":"de","@id":"https:\/\/www.bb-entertainia.de\/test-bb-tickets\/product\/paket-1-einmalzahlung-jahres-vip-karte\/#primaryimage","url":"https:\/\/www.bb-entertainia.de\/test-bb-tickets\/wp-content\/uploads\/sh-paket-1-einmalzahlung-jahres-vip-karte-2023.jpg","contentUrl":"https:\/\/www.bb-entertainia.de\/test-bb-tickets\/wp-content\/uploads\/sh-paket-1-einmalzahlung-jahres-vip-karte-2023.jpg","width":1000,"height":1000},{"@type":"BreadcrumbList","@id":"https:\/\/www.bb-entertainia.de\/test-bb-tickets\/product\/paket-1-einmalzahlung-jahres-vip-karte\/#breadcrumb","itemListElement":[{"@type":"ListItem","position":1,"name":"Home","item":"https:\/\/www.bb-entertainia.de\/test-bb-tickets\/"},{"@type":"ListItem","position":2,"name":"Tickets","item":"https:\/\/www.bb-entertainia.de\/test-bb-tickets\/"},{"@type":"ListItem","position":3,"name":"JAHRES-VIP-KARTE &#8211; Zeitraum 1 Jahr"}]},{"@type":"WebSite","@id":"https:\/\/www.bb-entertainia.de\/test-bb-tickets\/#website","url":"https:\/\/www.bb-entertainia.de\/test-bb-tickets\/","name":"Ticket-Shop BB Entertainia","description":"","publisher":{"@id":"https:\/\/www.bb-entertainia.de\/test-bb-tickets\/#organization"},"potentialAction":[{"@type":"SearchAction","target":{"@type":"EntryPoint","urlTemplate":"https:\/\/www.bb-entertainia.de\/test-bb-tickets\/?s={search_term_string}"},"query-input":"required name=search_term_string"}],"inLanguage":"de"},{"@type":"Organization","@id":"https:\/\/www.bb-entertainia.de\/test-bb-tickets\/#organization","name":"Ticket-Shop BB Entertainia","url":"https:\/\/www.bb-entertainia.de\/test-bb-tickets\/","logo":{"@type":"ImageObject","inLanguage":"de","@id":"https:\/\/www.bb-entertainia.de\/test-bb-tickets\/#\/schema\/logo\/image\/","url":"https:\/\/www.bb-entertainia.de\/test-bb-tickets\/wp-content\/uploads\/2020\/01\/logo-bb-entertainia.png","contentUrl":"https:\/\/www.bb-entertainia.de\/test-bb-tickets\/wp-content\/uploads\/2020\/01\/logo-bb-entertainia.png","width":500,"height":102,"caption":"Ticket-Shop BB Entertainia"},"image":{"@id":"https:\/\/www.bb-entertainia.de\/test-bb-tickets\/#\/schema\/logo\/image\/"}}]}},"tiered_pricing_type":"fixed","tiered_pricing_fixed_rules":[],"tiered_pricing_product_settings":{"layout":"default","base_unit_name":{"singular":null,"plural":null},"default_variation":null},"tiered_pricing_minimum_quantity":1,"tiered_pricing_roles_data":[],"tiered_pricing_percentage_rules":[],"_links":{"self":[{"href":"https:\/\/www.bb-entertainia.de\/test-bb-tickets\/wp-json\/wp\/v2\/product\/31354"}],"collection":[{"href":"https:\/\/www.bb-entertainia.de\/test-bb-tickets\/wp-json\/wp\/v2\/product"}],"about":[{"href":"https:\/\/www.bb-entertainia.de\/test-bb-tickets\/wp-json\/wp\/v2\/types\/product"}],"author":[{"embeddable":true,"href":"https:\/\/www.bb-entertainia.de\/test-bb-tickets\/wp-json\/wp\/v2\/users\/1"}],"wp:featuredmedia":[{"embeddable":true,"href":"https:\/\/www.bb-entertainia.de\/test-bb-tickets\/wp-json\/wp\/v2\/media\/31357"}],"wp:attachment":[{"href":"https:\/\/www.bb-entertainia.de\/test-bb-tickets\/wp-json\/wp\/v2\/media?parent=31354"}],"wp:term":[{"taxonomy":"product_cat","embeddable":true,"href":"https:\/\/www.bb-entertainia.de\/test-bb-tickets\/wp-json\/wp\/v2\/product_cat?post=31354"},{"taxonomy":"product_tag","embeddable":true,"href":"https:\/\/www.bb-entertainia.de\/test-bb-tickets\/wp-json\/wp\/v2\/product_tag?post=31354"}],"curies":[{"name":"wp","href":"https:\/\/api.w.org\/{rel}","templated":true}]}}