{"id":105106,"date":"2024-08-09T13:33:09","date_gmt":"2024-08-09T11:33:09","guid":{"rendered":"https:\/\/www.bb-entertainia.de\/test-bb-tickets\/?post_type=product&#038;p=105106"},"modified":"2024-08-10T20:38:45","modified_gmt":"2024-08-10T18:38:45","slug":"scheinheilig-die-unheilig-tribute-band","status":"publish","type":"product","link":"https:\/\/www.bb-entertainia.de\/test-bb-tickets\/product\/scheinheilig-die-unheilig-tribute-band\/","title":{"rendered":"SCHEINHEILIG &#8211; Die Unheilig Tribute Band"},"content":{"rendered":"<p><strong>UNHEILIG ist Geschichte und die Geschichte geht weiter<\/strong> &#8211; SCHEINHEILIG spielen UNHEILIG und nehmen sich nun der Aufgabe an, das Gef\u00fchl um Unheilig authentisch auf die B\u00fchne zu bringen.\u00a0SCHEINHEILIG \u2013 das sind vier Profimusiker und Bewunderer des Grafen, seiner Musik und seiner Lyrik, SCHEINHEILIG wollen, das, was man fr\u00fcher live so oft erleben durfte, auch jetzt m\u00f6glich ist. Mit grosser Ehrfurcht zum Original und Liebe zum Werk des Grafen und gleichzeitig auch mit der Freiheit, seiner Musik einen eigenen Stempel aufzudr\u00fccken.<\/p>\n<p>All die tollen Worte und Melodien, dazu gibt\u2019s gratis G\u00e4nsehaut, wunderbare Erinnerungen, Wehmut und einfach eine fantastische Zeit. So wie sie waren: UNHEILIG, so wie er war: der Graf.<\/p>\n","protected":false},"excerpt":{"rendered":"<p><span class=\"uF-qm _2Cofy J2pYd _2Rnds\"><span class=\"_1idsK\" data-hook=\"ev-list-item-title\">Normalpreis<br \/>\nDatum: 15.02.2025, Beginn: 20:00 Uhr<br \/>\nEinlass 18.30 Uhr<br \/>\n<\/span><\/span><\/p>\n<p><strong>Preise \/ Person:<\/strong><br \/>\nReihen 1 bis 16: <strong>38,- \u20ac<\/strong><br \/>\nReihen 17 bis 28: <strong>34,- \u20ac<\/strong><br \/>\nReihen 29 bis 40: <strong>29,- \u20ac<br \/>\n<\/strong>Stehplatz: <strong>29,- \u20ac<br \/>\n<\/strong><\/p>\n<p><strong>Achtung, der Saal verf\u00fcgt \u00fcber Sitzpl\u00e4tze in Event-Tisch-Bestuhlung, bestehend jeweils aus einem oder mehreren Event-Tischen mit 8, 16 oder 32 Sitzpl\u00e4tzen am Tisch.<\/strong><\/p>\n","protected":false},"author":1243,"featured_media":105111,"template":"","meta":[],"product_cat":[61],"product_tag":[],"class_list":{"0":"post-105106","1":"product","2":"type-product","3":"status-publish","4":"has-post-thumbnail","6":"product_cat-konzert","8":"first","9":"instock","10":"taxable","11":"shipping-taxable","12":"purchasable","13":"product-type-variable"},"yoast_head":"<!-- This site is optimized with the Yoast SEO plugin v23.3 - https:\/\/yoast.com\/wordpress\/plugins\/seo\/ -->\n<title>SCHEINHEILIG - Die Unheilig Tribute Band - Ticket-Shop BB Entertainia<\/title>\n<meta name=\"robots\" content=\"index, follow, max-snippet:-1, max-image-preview:large, max-video-preview:-1\" \/>\n<link rel=\"canonical\" href=\"https:\/\/www.bb-entertainia.de\/test-bb-tickets\/product\/scheinheilig-die-unheilig-tribute-band\/\" \/>\n<meta property=\"og:locale\" content=\"de_DE\" \/>\n<meta property=\"og:type\" content=\"article\" \/>\n<meta property=\"og:title\" content=\"SCHEINHEILIG - Die Unheilig Tribute Band - Ticket-Shop BB Entertainia\" \/>\n<meta property=\"og:description\" content=\"Normalpreis Datum: 15.02.2025, Beginn: 20:00 Uhr Einlass 18.30 Uhr   Preise \/ Person: Reihen 1 bis 16: 38,- \u20ac Reihen 17 bis 28: 34,- \u20ac Reihen 29 bis 40: 29,- \u20ac Stehplatz: 29,- \u20ac   Achtung, der Saal verf\u00fcgt \u00fcber Sitzpl\u00e4tze in Event-Tisch-Bestuhlung, bestehend jeweils aus einem oder mehreren Event-Tischen mit 8, 16 oder 32 Sitzpl\u00e4tzen am Tisch.\" \/>\n<meta property=\"og:url\" content=\"https:\/\/www.bb-entertainia.de\/test-bb-tickets\/product\/scheinheilig-die-unheilig-tribute-band\/\" \/>\n<meta property=\"og:site_name\" content=\"Ticket-Shop BB Entertainia\" \/>\n<meta property=\"article:modified_time\" content=\"2024-08-10T18:38:45+00:00\" \/>\n<meta property=\"og:image\" content=\"https:\/\/www.bb-entertainia.de\/test-bb-tickets\/wp-content\/uploads\/25-02-2025.jpg\" \/>\n\t<meta property=\"og:image:width\" content=\"813\" \/>\n\t<meta property=\"og:image:height\" content=\"814\" \/>\n\t<meta property=\"og:image:type\" content=\"image\/jpeg\" \/>\n<meta name=\"twitter:card\" content=\"summary_large_image\" \/>\n<meta name=\"twitter:label1\" content=\"Gesch\u00e4tzte Lesezeit\" \/>\n\t<meta name=\"twitter:data1\" content=\"1\u00a0Minute\" \/>\n<script type=\"application\/ld+json\" class=\"yoast-schema-graph\">{\"@context\":\"https:\/\/schema.org\",\"@graph\":[{\"@type\":\"WebPage\",\"@id\":\"https:\/\/www.bb-entertainia.de\/test-bb-tickets\/product\/scheinheilig-die-unheilig-tribute-band\/\",\"url\":\"https:\/\/www.bb-entertainia.de\/test-bb-tickets\/product\/scheinheilig-die-unheilig-tribute-band\/\",\"name\":\"SCHEINHEILIG - Die Unheilig Tribute Band - Ticket-Shop BB Entertainia\",\"isPartOf\":{\"@id\":\"https:\/\/www.bb-entertainia.de\/test-bb-tickets\/#website\"},\"primaryImageOfPage\":{\"@id\":\"https:\/\/www.bb-entertainia.de\/test-bb-tickets\/product\/scheinheilig-die-unheilig-tribute-band\/#primaryimage\"},\"image\":{\"@id\":\"https:\/\/www.bb-entertainia.de\/test-bb-tickets\/product\/scheinheilig-die-unheilig-tribute-band\/#primaryimage\"},\"thumbnailUrl\":\"https:\/\/www.bb-entertainia.de\/test-bb-tickets\/wp-content\/uploads\/25-02-2025.jpg\",\"datePublished\":\"2024-08-09T11:33:09+00:00\",\"dateModified\":\"2024-08-10T18:38:45+00:00\",\"breadcrumb\":{\"@id\":\"https:\/\/www.bb-entertainia.de\/test-bb-tickets\/product\/scheinheilig-die-unheilig-tribute-band\/#breadcrumb\"},\"inLanguage\":\"de\",\"potentialAction\":[{\"@type\":\"ReadAction\",\"target\":[\"https:\/\/www.bb-entertainia.de\/test-bb-tickets\/product\/scheinheilig-die-unheilig-tribute-band\/\"]}]},{\"@type\":\"ImageObject\",\"inLanguage\":\"de\",\"@id\":\"https:\/\/www.bb-entertainia.de\/test-bb-tickets\/product\/scheinheilig-die-unheilig-tribute-band\/#primaryimage\",\"url\":\"https:\/\/www.bb-entertainia.de\/test-bb-tickets\/wp-content\/uploads\/25-02-2025.jpg\",\"contentUrl\":\"https:\/\/www.bb-entertainia.de\/test-bb-tickets\/wp-content\/uploads\/25-02-2025.jpg\",\"width\":813,\"height\":814},{\"@type\":\"BreadcrumbList\",\"@id\":\"https:\/\/www.bb-entertainia.de\/test-bb-tickets\/product\/scheinheilig-die-unheilig-tribute-band\/#breadcrumb\",\"itemListElement\":[{\"@type\":\"ListItem\",\"position\":1,\"name\":\"Home\",\"item\":\"https:\/\/www.bb-entertainia.de\/test-bb-tickets\/\"},{\"@type\":\"ListItem\",\"position\":2,\"name\":\"Tickets\",\"item\":\"https:\/\/www.bb-entertainia.de\/test-bb-tickets\/\"},{\"@type\":\"ListItem\",\"position\":3,\"name\":\"SCHEINHEILIG &#8211; Die Unheilig Tribute Band\"}]},{\"@type\":\"WebSite\",\"@id\":\"https:\/\/www.bb-entertainia.de\/test-bb-tickets\/#website\",\"url\":\"https:\/\/www.bb-entertainia.de\/test-bb-tickets\/\",\"name\":\"Ticket-Shop BB Entertainia\",\"description\":\"\",\"publisher\":{\"@id\":\"https:\/\/www.bb-entertainia.de\/test-bb-tickets\/#organization\"},\"potentialAction\":[{\"@type\":\"SearchAction\",\"target\":{\"@type\":\"EntryPoint\",\"urlTemplate\":\"https:\/\/www.bb-entertainia.de\/test-bb-tickets\/?s={search_term_string}\"},\"query-input\":\"required name=search_term_string\"}],\"inLanguage\":\"de\"},{\"@type\":\"Organization\",\"@id\":\"https:\/\/www.bb-entertainia.de\/test-bb-tickets\/#organization\",\"name\":\"Ticket-Shop BB Entertainia\",\"url\":\"https:\/\/www.bb-entertainia.de\/test-bb-tickets\/\",\"logo\":{\"@type\":\"ImageObject\",\"inLanguage\":\"de\",\"@id\":\"https:\/\/www.bb-entertainia.de\/test-bb-tickets\/#\/schema\/logo\/image\/\",\"url\":\"https:\/\/www.bb-entertainia.de\/test-bb-tickets\/wp-content\/uploads\/2020\/01\/logo-bb-entertainia.png\",\"contentUrl\":\"https:\/\/www.bb-entertainia.de\/test-bb-tickets\/wp-content\/uploads\/2020\/01\/logo-bb-entertainia.png\",\"width\":500,\"height\":102,\"caption\":\"Ticket-Shop BB Entertainia\"},\"image\":{\"@id\":\"https:\/\/www.bb-entertainia.de\/test-bb-tickets\/#\/schema\/logo\/image\/\"}}]}<\/script>\n<!-- \/ Yoast SEO plugin. -->","yoast_head_json":{"title":"SCHEINHEILIG - Die Unheilig Tribute Band - Ticket-Shop BB Entertainia","robots":{"index":"index","follow":"follow","max-snippet":"max-snippet:-1","max-image-preview":"max-image-preview:large","max-video-preview":"max-video-preview:-1"},"canonical":"https:\/\/www.bb-entertainia.de\/test-bb-tickets\/product\/scheinheilig-die-unheilig-tribute-band\/","og_locale":"de_DE","og_type":"article","og_title":"SCHEINHEILIG - Die Unheilig Tribute Band - Ticket-Shop BB Entertainia","og_description":"Normalpreis Datum: 15.02.2025, Beginn: 20:00 Uhr Einlass 18.30 Uhr   Preise \/ Person: Reihen 1 bis 16: 38,- \u20ac Reihen 17 bis 28: 34,- \u20ac Reihen 29 bis 40: 29,- \u20ac Stehplatz: 29,- \u20ac   Achtung, der Saal verf\u00fcgt \u00fcber Sitzpl\u00e4tze in Event-Tisch-Bestuhlung, bestehend jeweils aus einem oder mehreren Event-Tischen mit 8, 16 oder 32 Sitzpl\u00e4tzen am Tisch.","og_url":"https:\/\/www.bb-entertainia.de\/test-bb-tickets\/product\/scheinheilig-die-unheilig-tribute-band\/","og_site_name":"Ticket-Shop BB Entertainia","article_modified_time":"2024-08-10T18:38:45+00:00","og_image":[{"width":813,"height":814,"url":"https:\/\/www.bb-entertainia.de\/test-bb-tickets\/wp-content\/uploads\/25-02-2025.jpg","type":"image\/jpeg"}],"twitter_card":"summary_large_image","twitter_misc":{"Gesch\u00e4tzte Lesezeit":"1\u00a0Minute"},"schema":{"@context":"https:\/\/schema.org","@graph":[{"@type":"WebPage","@id":"https:\/\/www.bb-entertainia.de\/test-bb-tickets\/product\/scheinheilig-die-unheilig-tribute-band\/","url":"https:\/\/www.bb-entertainia.de\/test-bb-tickets\/product\/scheinheilig-die-unheilig-tribute-band\/","name":"SCHEINHEILIG - Die Unheilig Tribute Band - Ticket-Shop BB Entertainia","isPartOf":{"@id":"https:\/\/www.bb-entertainia.de\/test-bb-tickets\/#website"},"primaryImageOfPage":{"@id":"https:\/\/www.bb-entertainia.de\/test-bb-tickets\/product\/scheinheilig-die-unheilig-tribute-band\/#primaryimage"},"image":{"@id":"https:\/\/www.bb-entertainia.de\/test-bb-tickets\/product\/scheinheilig-die-unheilig-tribute-band\/#primaryimage"},"thumbnailUrl":"https:\/\/www.bb-entertainia.de\/test-bb-tickets\/wp-content\/uploads\/25-02-2025.jpg","datePublished":"2024-08-09T11:33:09+00:00","dateModified":"2024-08-10T18:38:45+00:00","breadcrumb":{"@id":"https:\/\/www.bb-entertainia.de\/test-bb-tickets\/product\/scheinheilig-die-unheilig-tribute-band\/#breadcrumb"},"inLanguage":"de","potentialAction":[{"@type":"ReadAction","target":["https:\/\/www.bb-entertainia.de\/test-bb-tickets\/product\/scheinheilig-die-unheilig-tribute-band\/"]}]},{"@type":"ImageObject","inLanguage":"de","@id":"https:\/\/www.bb-entertainia.de\/test-bb-tickets\/product\/scheinheilig-die-unheilig-tribute-band\/#primaryimage","url":"https:\/\/www.bb-entertainia.de\/test-bb-tickets\/wp-content\/uploads\/25-02-2025.jpg","contentUrl":"https:\/\/www.bb-entertainia.de\/test-bb-tickets\/wp-content\/uploads\/25-02-2025.jpg","width":813,"height":814},{"@type":"BreadcrumbList","@id":"https:\/\/www.bb-entertainia.de\/test-bb-tickets\/product\/scheinheilig-die-unheilig-tribute-band\/#breadcrumb","itemListElement":[{"@type":"ListItem","position":1,"name":"Home","item":"https:\/\/www.bb-entertainia.de\/test-bb-tickets\/"},{"@type":"ListItem","position":2,"name":"Tickets","item":"https:\/\/www.bb-entertainia.de\/test-bb-tickets\/"},{"@type":"ListItem","position":3,"name":"SCHEINHEILIG &#8211; Die Unheilig Tribute Band"}]},{"@type":"WebSite","@id":"https:\/\/www.bb-entertainia.de\/test-bb-tickets\/#website","url":"https:\/\/www.bb-entertainia.de\/test-bb-tickets\/","name":"Ticket-Shop BB Entertainia","description":"","publisher":{"@id":"https:\/\/www.bb-entertainia.de\/test-bb-tickets\/#organization"},"potentialAction":[{"@type":"SearchAction","target":{"@type":"EntryPoint","urlTemplate":"https:\/\/www.bb-entertainia.de\/test-bb-tickets\/?s={search_term_string}"},"query-input":"required name=search_term_string"}],"inLanguage":"de"},{"@type":"Organization","@id":"https:\/\/www.bb-entertainia.de\/test-bb-tickets\/#organization","name":"Ticket-Shop BB Entertainia","url":"https:\/\/www.bb-entertainia.de\/test-bb-tickets\/","logo":{"@type":"ImageObject","inLanguage":"de","@id":"https:\/\/www.bb-entertainia.de\/test-bb-tickets\/#\/schema\/logo\/image\/","url":"https:\/\/www.bb-entertainia.de\/test-bb-tickets\/wp-content\/uploads\/2020\/01\/logo-bb-entertainia.png","contentUrl":"https:\/\/www.bb-entertainia.de\/test-bb-tickets\/wp-content\/uploads\/2020\/01\/logo-bb-entertainia.png","width":500,"height":102,"caption":"Ticket-Shop BB Entertainia"},"image":{"@id":"https:\/\/www.bb-entertainia.de\/test-bb-tickets\/#\/schema\/logo\/image\/"}}]}},"tiered_pricing_type":"fixed","tiered_pricing_fixed_rules":[],"tiered_pricing_product_settings":{"layout":"default","base_unit_name":{"singular":null,"plural":null},"default_variation":null},"tiered_pricing_minimum_quantity":1,"tiered_pricing_roles_data":[],"tiered_pricing_percentage_rules":[],"_links":{"self":[{"href":"https:\/\/www.bb-entertainia.de\/test-bb-tickets\/wp-json\/wp\/v2\/product\/105106"}],"collection":[{"href":"https:\/\/www.bb-entertainia.de\/test-bb-tickets\/wp-json\/wp\/v2\/product"}],"about":[{"href":"https:\/\/www.bb-entertainia.de\/test-bb-tickets\/wp-json\/wp\/v2\/types\/product"}],"author":[{"embeddable":true,"href":"https:\/\/www.bb-entertainia.de\/test-bb-tickets\/wp-json\/wp\/v2\/users\/1243"}],"wp:featuredmedia":[{"embeddable":true,"href":"https:\/\/www.bb-entertainia.de\/test-bb-tickets\/wp-json\/wp\/v2\/media\/105111"}],"wp:attachment":[{"href":"https:\/\/www.bb-entertainia.de\/test-bb-tickets\/wp-json\/wp\/v2\/media?parent=105106"}],"wp:term":[{"taxonomy":"product_cat","embeddable":true,"href":"https:\/\/www.bb-entertainia.de\/test-bb-tickets\/wp-json\/wp\/v2\/product_cat?post=105106"},{"taxonomy":"product_tag","embeddable":true,"href":"https:\/\/www.bb-entertainia.de\/test-bb-tickets\/wp-json\/wp\/v2\/product_tag?post=105106"}],"curies":[{"name":"wp","href":"https:\/\/api.w.org\/{rel}","templated":true}]}}