{"id":103897,"date":"2024-07-25T07:59:30","date_gmt":"2024-07-25T05:59:30","guid":{"rendered":"https:\/\/www.bb-entertainia.de\/test-bb-tickets\/?post_type=product&#038;p=103897"},"modified":"2024-08-07T10:00:49","modified_gmt":"2024-08-07T08:00:49","slug":"journey-und-foreigner-tribute-show","status":"publish","type":"product","link":"https:\/\/www.bb-entertainia.de\/test-bb-tickets\/product\/journey-und-foreigner-tribute-show\/","title":{"rendered":"JOURNEY- und FOREIGNER Tribute Show"},"content":{"rendered":"<h4>Absolute Classic Rock im Doppelpack mit Journey- und Foreigner Tribute Shows<\/h4>\n<p>Die Musik und Energie zweier legend\u00e4rer Stadion-Rock-Bands kommt an diesem Abend im Lokschuppen in einer elektrisierenden Show zusammen! Das Repertoire an klassischen Hits von Foreigner und Journey bietet einen genialen Abend mit unvergesslicher Musik. Von herzerw\u00e4rmenden Power-Balladen wie &#8220;Faithfully&#8221;, &#8220;I Want to Know What Love Is&#8221; bis hin zu Hymnen wie &#8220;Feels Like The First Time&#8221;, &#8220;Don&#8217;t Stop Believin'&#8221;, &#8220;Cold As Ice&#8221; und &#8220;Any Way You Want It&#8221; sind die beiden Bands Cold as Ice und Journeye mehr als Tributebands. Sie sind eine Zeitmaschine, und ihre Energie ist ansteckend! Erleben Sie eine Zeitreise in die Hochzeit des Classic-Rocks der 70er und 80er Jahreaxn einem Abend wo ein Hit den anderen jagt.<\/p>\n<p>Bei <strong>JOURNEYE<\/strong> haben sich 6 Musiker aus dem Raum Frankfurt und Mannheim gefunden, die leidenschaftlich die gro\u00dfartige Musik der US-Rocklegende \u201eJourney\u201c in einem umfassenden Programm darbieten. Die Set-List beinhaltet alle gro\u00dfen Hits, sowie jede Menge Live-Klassiker der amerikanischen Band. Innerhalb kurzer Zeit hat sich die Band als feste Gr\u00f6\u00dfe in den Liveclubs des Rhein-Main-Gebiets und dar\u00fcber hinaus etabliert. \u201eJourney\u201c sind bis heute eine der erfolgreichsten und einflussreichsten Bands der USA.<\/p>\n<p>Volle Shows und teils ausverkaufte Konzerte zeugen von einem gro\u00dfen Bed\u00fcrfnis beim Publikum nach der Musik von Journey. JOURNEYE bieten diese Musik als tighte und perfekt eingespielte Liveband. Der international renommierte S\u00e4nger Arno Menses (Subsignal, Sieges Even) interpretiert die Songs von Steve Perry auf seine eigene Weise, aber dicht am Gef\u00fchl und der Intensit\u00e4t des Originals. Die Band um Ausnahmegitarrist Ren\u00e9 Orfanidis sorgt mit ihrer perfekt abgestimmten Spielweise f\u00fcr das richtige Journey-Feeling. Als wenn Neal Schon Co, selbst auf der B\u00fchne stehen w\u00fcrden.<\/p>\n<p>Hits wie \u201eWheel In The Sky\u201c, \u201eAny Way You Want It\u201c und \u201eDon\u2019t Stop Believin\u2018\u201c geh\u00f6ren bis heute in jedes gut sortierte Radioprogramm. In ihrer 40-j\u00e4hrigen Karriere haben Journey \u00fcber 75 Millionen Tontr\u00e4ger verkauft.<br \/>\n&#8212;&#8212;&#8212;-<br \/>\n<strong>COLD AS ICE<\/strong> spielt die gr\u00f6\u00dften Hits der Rocklegende FOREIGNER.<\/p>\n<p>Die achtk\u00f6pfige Formation begeistert das Publikum mit einer einzigartigen Foreigner-Show. Die Megahits wie \u201eJuke Box Hero\u201c, \u201eUrgent\u201c, \u201eCold as Ice\u201c und \u201eI Want to Know What Love Is\u201c und viele mehr, erwarten das Publikum, um es mit auf eine unvergessliche Zeitreise zu nehmen.<\/p>\n<p>Die Musiker von COLD AS ICE haben es sich zur Aufgabe gemacht, dem Publikum ein einzigartiges Live-Erlebnis zu pr\u00e4sentieren. Die Band hat einige Liveversionen im Gep\u00e4ck, die selbst eingefleischte Foreigner Fans nicht kennen. Fast vier Jahrzehnte Musikgeschichte, werden durch Deutschlands authentischsten FOREIGNER TRIBUTE ACT wieder lebendig. Ein Muss f\u00fcr jeden Rockfan.<\/p>\n<p><strong>AFTER-SHOW-PARTY:<\/strong><br \/>\nNach den beiden Live-Bands gibt es noch eine After-Show-Party. Mit unserem DJ und all den anderen Hits aus der Zeit des Classic-Rocks kann der Abend auch nach den beiden Live Shows noch geb\u00fchrend gefeiert und verl\u00e4ngert werden.<\/p>\n","protected":false},"excerpt":{"rendered":"<p><span class=\"uF-qm _2Cofy J2pYd _2Rnds\"><span class=\"_1idsK\" data-hook=\"ev-list-item-title\">Normalpreis<br \/>\nDatum: 08.02.2025, Beginn: 20:00 Uhr<br \/>\nEinlass 18.30 Uhr<br \/>\n<\/span><\/span><\/p>\n<p><strong>Preise \/ Person:<\/strong><br \/>\nReihen 1 bis 16: <strong>39,- \u20ac<\/strong><br \/>\nReihen 17 bis 28: <strong>33,- \u20ac<\/strong><br \/>\nReihen 29 bis 40: <strong>27,- \u20ac<br \/>\n<\/strong>Stehplatz: <strong>29,- \u20ac<br \/>\n<\/strong><\/p>\n<p><strong>Achtung, der Saal verf\u00fcgt \u00fcber Sitzpl\u00e4tze in Event-Tisch-Bestuhlung, bestehend jeweils aus einem oder mehreren Event-Tischen mit 8, 16 oder 32 Sitzpl\u00e4tzen am Tisch.<\/strong><\/p>\n","protected":false},"author":1243,"featured_media":103780,"template":"","meta":[],"product_cat":[61],"product_tag":[],"class_list":{"0":"post-103897","1":"product","2":"type-product","3":"status-publish","4":"has-post-thumbnail","6":"product_cat-konzert","8":"first","9":"instock","10":"taxable","11":"shipping-taxable","12":"purchasable","13":"product-type-variable"},"yoast_head":"<!-- This site is optimized with the Yoast SEO plugin v23.3 - https:\/\/yoast.com\/wordpress\/plugins\/seo\/ -->\n<title>JOURNEY- und FOREIGNER Tribute Show - Ticket-Shop BB Entertainia<\/title>\n<meta name=\"robots\" content=\"index, follow, max-snippet:-1, max-image-preview:large, max-video-preview:-1\" \/>\n<link rel=\"canonical\" href=\"https:\/\/www.bb-entertainia.de\/test-bb-tickets\/product\/journey-und-foreigner-tribute-show\/\" \/>\n<meta property=\"og:locale\" content=\"de_DE\" \/>\n<meta property=\"og:type\" content=\"article\" \/>\n<meta property=\"og:title\" content=\"JOURNEY- und FOREIGNER Tribute Show - Ticket-Shop BB Entertainia\" \/>\n<meta property=\"og:description\" content=\"Normalpreis Datum: 08.02.2025, Beginn: 20:00 Uhr Einlass 18.30 Uhr   Preise \/ Person: Reihen 1 bis 16: 39,- \u20ac Reihen 17 bis 28: 33,- \u20ac Reihen 29 bis 40: 27,- \u20ac Stehplatz: 29,- \u20ac   Achtung, der Saal verf\u00fcgt \u00fcber Sitzpl\u00e4tze in Event-Tisch-Bestuhlung, bestehend jeweils aus einem oder mehreren Event-Tischen mit 8, 16 oder 32 Sitzpl\u00e4tzen am Tisch.\" \/>\n<meta property=\"og:url\" content=\"https:\/\/www.bb-entertainia.de\/test-bb-tickets\/product\/journey-und-foreigner-tribute-show\/\" \/>\n<meta property=\"og:site_name\" content=\"Ticket-Shop BB Entertainia\" \/>\n<meta property=\"article:modified_time\" content=\"2024-08-07T08:00:49+00:00\" \/>\n<meta property=\"og:image\" content=\"https:\/\/www.bb-entertainia.de\/test-bb-tickets\/wp-content\/uploads\/08-02-25.jpg\" \/>\n\t<meta property=\"og:image:width\" content=\"815\" \/>\n\t<meta property=\"og:image:height\" content=\"817\" \/>\n\t<meta property=\"og:image:type\" content=\"image\/jpeg\" \/>\n<meta name=\"twitter:card\" content=\"summary_large_image\" \/>\n<meta name=\"twitter:label1\" content=\"Gesch\u00e4tzte Lesezeit\" \/>\n\t<meta name=\"twitter:data1\" content=\"3\u00a0Minuten\" \/>\n<script type=\"application\/ld+json\" class=\"yoast-schema-graph\">{\"@context\":\"https:\/\/schema.org\",\"@graph\":[{\"@type\":\"WebPage\",\"@id\":\"https:\/\/www.bb-entertainia.de\/test-bb-tickets\/product\/journey-und-foreigner-tribute-show\/\",\"url\":\"https:\/\/www.bb-entertainia.de\/test-bb-tickets\/product\/journey-und-foreigner-tribute-show\/\",\"name\":\"JOURNEY- und FOREIGNER Tribute Show - Ticket-Shop BB Entertainia\",\"isPartOf\":{\"@id\":\"https:\/\/www.bb-entertainia.de\/test-bb-tickets\/#website\"},\"primaryImageOfPage\":{\"@id\":\"https:\/\/www.bb-entertainia.de\/test-bb-tickets\/product\/journey-und-foreigner-tribute-show\/#primaryimage\"},\"image\":{\"@id\":\"https:\/\/www.bb-entertainia.de\/test-bb-tickets\/product\/journey-und-foreigner-tribute-show\/#primaryimage\"},\"thumbnailUrl\":\"https:\/\/www.bb-entertainia.de\/test-bb-tickets\/wp-content\/uploads\/08-02-25.jpg\",\"datePublished\":\"2024-07-25T05:59:30+00:00\",\"dateModified\":\"2024-08-07T08:00:49+00:00\",\"breadcrumb\":{\"@id\":\"https:\/\/www.bb-entertainia.de\/test-bb-tickets\/product\/journey-und-foreigner-tribute-show\/#breadcrumb\"},\"inLanguage\":\"de\",\"potentialAction\":[{\"@type\":\"ReadAction\",\"target\":[\"https:\/\/www.bb-entertainia.de\/test-bb-tickets\/product\/journey-und-foreigner-tribute-show\/\"]}]},{\"@type\":\"ImageObject\",\"inLanguage\":\"de\",\"@id\":\"https:\/\/www.bb-entertainia.de\/test-bb-tickets\/product\/journey-und-foreigner-tribute-show\/#primaryimage\",\"url\":\"https:\/\/www.bb-entertainia.de\/test-bb-tickets\/wp-content\/uploads\/08-02-25.jpg\",\"contentUrl\":\"https:\/\/www.bb-entertainia.de\/test-bb-tickets\/wp-content\/uploads\/08-02-25.jpg\",\"width\":815,\"height\":817},{\"@type\":\"BreadcrumbList\",\"@id\":\"https:\/\/www.bb-entertainia.de\/test-bb-tickets\/product\/journey-und-foreigner-tribute-show\/#breadcrumb\",\"itemListElement\":[{\"@type\":\"ListItem\",\"position\":1,\"name\":\"Home\",\"item\":\"https:\/\/www.bb-entertainia.de\/test-bb-tickets\/\"},{\"@type\":\"ListItem\",\"position\":2,\"name\":\"Tickets\",\"item\":\"https:\/\/www.bb-entertainia.de\/test-bb-tickets\/\"},{\"@type\":\"ListItem\",\"position\":3,\"name\":\"JOURNEY- und FOREIGNER Tribute Show\"}]},{\"@type\":\"WebSite\",\"@id\":\"https:\/\/www.bb-entertainia.de\/test-bb-tickets\/#website\",\"url\":\"https:\/\/www.bb-entertainia.de\/test-bb-tickets\/\",\"name\":\"Ticket-Shop BB Entertainia\",\"description\":\"\",\"publisher\":{\"@id\":\"https:\/\/www.bb-entertainia.de\/test-bb-tickets\/#organization\"},\"potentialAction\":[{\"@type\":\"SearchAction\",\"target\":{\"@type\":\"EntryPoint\",\"urlTemplate\":\"https:\/\/www.bb-entertainia.de\/test-bb-tickets\/?s={search_term_string}\"},\"query-input\":\"required name=search_term_string\"}],\"inLanguage\":\"de\"},{\"@type\":\"Organization\",\"@id\":\"https:\/\/www.bb-entertainia.de\/test-bb-tickets\/#organization\",\"name\":\"Ticket-Shop BB Entertainia\",\"url\":\"https:\/\/www.bb-entertainia.de\/test-bb-tickets\/\",\"logo\":{\"@type\":\"ImageObject\",\"inLanguage\":\"de\",\"@id\":\"https:\/\/www.bb-entertainia.de\/test-bb-tickets\/#\/schema\/logo\/image\/\",\"url\":\"https:\/\/www.bb-entertainia.de\/test-bb-tickets\/wp-content\/uploads\/2020\/01\/logo-bb-entertainia.png\",\"contentUrl\":\"https:\/\/www.bb-entertainia.de\/test-bb-tickets\/wp-content\/uploads\/2020\/01\/logo-bb-entertainia.png\",\"width\":500,\"height\":102,\"caption\":\"Ticket-Shop BB Entertainia\"},\"image\":{\"@id\":\"https:\/\/www.bb-entertainia.de\/test-bb-tickets\/#\/schema\/logo\/image\/\"}}]}<\/script>\n<!-- \/ Yoast SEO plugin. -->","yoast_head_json":{"title":"JOURNEY- und FOREIGNER Tribute Show - Ticket-Shop BB Entertainia","robots":{"index":"index","follow":"follow","max-snippet":"max-snippet:-1","max-image-preview":"max-image-preview:large","max-video-preview":"max-video-preview:-1"},"canonical":"https:\/\/www.bb-entertainia.de\/test-bb-tickets\/product\/journey-und-foreigner-tribute-show\/","og_locale":"de_DE","og_type":"article","og_title":"JOURNEY- und FOREIGNER Tribute Show - Ticket-Shop BB Entertainia","og_description":"Normalpreis Datum: 08.02.2025, Beginn: 20:00 Uhr Einlass 18.30 Uhr   Preise \/ Person: Reihen 1 bis 16: 39,- \u20ac Reihen 17 bis 28: 33,- \u20ac Reihen 29 bis 40: 27,- \u20ac Stehplatz: 29,- \u20ac   Achtung, der Saal verf\u00fcgt \u00fcber Sitzpl\u00e4tze in Event-Tisch-Bestuhlung, bestehend jeweils aus einem oder mehreren Event-Tischen mit 8, 16 oder 32 Sitzpl\u00e4tzen am Tisch.","og_url":"https:\/\/www.bb-entertainia.de\/test-bb-tickets\/product\/journey-und-foreigner-tribute-show\/","og_site_name":"Ticket-Shop BB Entertainia","article_modified_time":"2024-08-07T08:00:49+00:00","og_image":[{"width":815,"height":817,"url":"https:\/\/www.bb-entertainia.de\/test-bb-tickets\/wp-content\/uploads\/08-02-25.jpg","type":"image\/jpeg"}],"twitter_card":"summary_large_image","twitter_misc":{"Gesch\u00e4tzte Lesezeit":"3\u00a0Minuten"},"schema":{"@context":"https:\/\/schema.org","@graph":[{"@type":"WebPage","@id":"https:\/\/www.bb-entertainia.de\/test-bb-tickets\/product\/journey-und-foreigner-tribute-show\/","url":"https:\/\/www.bb-entertainia.de\/test-bb-tickets\/product\/journey-und-foreigner-tribute-show\/","name":"JOURNEY- und FOREIGNER Tribute Show - Ticket-Shop BB Entertainia","isPartOf":{"@id":"https:\/\/www.bb-entertainia.de\/test-bb-tickets\/#website"},"primaryImageOfPage":{"@id":"https:\/\/www.bb-entertainia.de\/test-bb-tickets\/product\/journey-und-foreigner-tribute-show\/#primaryimage"},"image":{"@id":"https:\/\/www.bb-entertainia.de\/test-bb-tickets\/product\/journey-und-foreigner-tribute-show\/#primaryimage"},"thumbnailUrl":"https:\/\/www.bb-entertainia.de\/test-bb-tickets\/wp-content\/uploads\/08-02-25.jpg","datePublished":"2024-07-25T05:59:30+00:00","dateModified":"2024-08-07T08:00:49+00:00","breadcrumb":{"@id":"https:\/\/www.bb-entertainia.de\/test-bb-tickets\/product\/journey-und-foreigner-tribute-show\/#breadcrumb"},"inLanguage":"de","potentialAction":[{"@type":"ReadAction","target":["https:\/\/www.bb-entertainia.de\/test-bb-tickets\/product\/journey-und-foreigner-tribute-show\/"]}]},{"@type":"ImageObject","inLanguage":"de","@id":"https:\/\/www.bb-entertainia.de\/test-bb-tickets\/product\/journey-und-foreigner-tribute-show\/#primaryimage","url":"https:\/\/www.bb-entertainia.de\/test-bb-tickets\/wp-content\/uploads\/08-02-25.jpg","contentUrl":"https:\/\/www.bb-entertainia.de\/test-bb-tickets\/wp-content\/uploads\/08-02-25.jpg","width":815,"height":817},{"@type":"BreadcrumbList","@id":"https:\/\/www.bb-entertainia.de\/test-bb-tickets\/product\/journey-und-foreigner-tribute-show\/#breadcrumb","itemListElement":[{"@type":"ListItem","position":1,"name":"Home","item":"https:\/\/www.bb-entertainia.de\/test-bb-tickets\/"},{"@type":"ListItem","position":2,"name":"Tickets","item":"https:\/\/www.bb-entertainia.de\/test-bb-tickets\/"},{"@type":"ListItem","position":3,"name":"JOURNEY- und FOREIGNER Tribute Show"}]},{"@type":"WebSite","@id":"https:\/\/www.bb-entertainia.de\/test-bb-tickets\/#website","url":"https:\/\/www.bb-entertainia.de\/test-bb-tickets\/","name":"Ticket-Shop BB Entertainia","description":"","publisher":{"@id":"https:\/\/www.bb-entertainia.de\/test-bb-tickets\/#organization"},"potentialAction":[{"@type":"SearchAction","target":{"@type":"EntryPoint","urlTemplate":"https:\/\/www.bb-entertainia.de\/test-bb-tickets\/?s={search_term_string}"},"query-input":"required name=search_term_string"}],"inLanguage":"de"},{"@type":"Organization","@id":"https:\/\/www.bb-entertainia.de\/test-bb-tickets\/#organization","name":"Ticket-Shop BB Entertainia","url":"https:\/\/www.bb-entertainia.de\/test-bb-tickets\/","logo":{"@type":"ImageObject","inLanguage":"de","@id":"https:\/\/www.bb-entertainia.de\/test-bb-tickets\/#\/schema\/logo\/image\/","url":"https:\/\/www.bb-entertainia.de\/test-bb-tickets\/wp-content\/uploads\/2020\/01\/logo-bb-entertainia.png","contentUrl":"https:\/\/www.bb-entertainia.de\/test-bb-tickets\/wp-content\/uploads\/2020\/01\/logo-bb-entertainia.png","width":500,"height":102,"caption":"Ticket-Shop BB Entertainia"},"image":{"@id":"https:\/\/www.bb-entertainia.de\/test-bb-tickets\/#\/schema\/logo\/image\/"}}]}},"tiered_pricing_type":"fixed","tiered_pricing_fixed_rules":[],"tiered_pricing_product_settings":{"layout":"default","base_unit_name":{"singular":null,"plural":null},"default_variation":null},"tiered_pricing_minimum_quantity":1,"tiered_pricing_roles_data":[],"tiered_pricing_percentage_rules":[],"_links":{"self":[{"href":"https:\/\/www.bb-entertainia.de\/test-bb-tickets\/wp-json\/wp\/v2\/product\/103897"}],"collection":[{"href":"https:\/\/www.bb-entertainia.de\/test-bb-tickets\/wp-json\/wp\/v2\/product"}],"about":[{"href":"https:\/\/www.bb-entertainia.de\/test-bb-tickets\/wp-json\/wp\/v2\/types\/product"}],"author":[{"embeddable":true,"href":"https:\/\/www.bb-entertainia.de\/test-bb-tickets\/wp-json\/wp\/v2\/users\/1243"}],"wp:featuredmedia":[{"embeddable":true,"href":"https:\/\/www.bb-entertainia.de\/test-bb-tickets\/wp-json\/wp\/v2\/media\/103780"}],"wp:attachment":[{"href":"https:\/\/www.bb-entertainia.de\/test-bb-tickets\/wp-json\/wp\/v2\/media?parent=103897"}],"wp:term":[{"taxonomy":"product_cat","embeddable":true,"href":"https:\/\/www.bb-entertainia.de\/test-bb-tickets\/wp-json\/wp\/v2\/product_cat?post=103897"},{"taxonomy":"product_tag","embeddable":true,"href":"https:\/\/www.bb-entertainia.de\/test-bb-tickets\/wp-json\/wp\/v2\/product_tag?post=103897"}],"curies":[{"name":"wp","href":"https:\/\/api.w.org\/{rel}","templated":true}]}}