{"id":103849,"date":"2024-07-24T14:36:49","date_gmt":"2024-07-24T12:36:49","guid":{"rendered":"https:\/\/www.bb-entertainia.de\/test-bb-tickets\/?post_type=product&#038;p=103849"},"modified":"2024-08-10T21:57:45","modified_gmt":"2024-08-10T19:57:45","slug":"bon-jovi-performed-by-jovi","status":"publish","type":"product","link":"https:\/\/www.bb-entertainia.de\/test-bb-tickets\/product\/bon-jovi-performed-by-jovi\/","title":{"rendered":"BON JOVI &#8211; PERFORMED BY JOVI"},"content":{"rendered":"<p><strong>JOVI &#8211; THE BON JOVI SHOW<\/strong> steht f\u00fcr eine der gr\u00f6\u00dften und spektakul\u00e4rsten Rockshows im Stil der 80\/90er Glam Rock Zeiten.<\/p>\n<p>Runaway, Keep The Faith, You Give Love A Bad Name\u00a0 oder Living On A Prayer \u2013 Diese Songs sind absolute Rock Hymnen und nur ein kleiner Auszug aus dem Liveprogramm.<\/p>\n<p>JOVI bietet eine nahezu perfekte Kopie des Originals. Authentisches B\u00fchnenbild, \u00fcberragender Sound, originale Instrumente \u2013 sind selbstverst\u00e4ndlich.<\/p>\n<p>Die Band JOVI besteht aus absoluten Vollblut Musikern, die zusammen weit mehr als 100 Jahre B\u00fchnenerfahrung vorweisen k\u00f6nnen. Gemeinsam mit einem unb\u00e4ndigen Willen stets eine perfekte Rock Show abzuliefern, wird jedes Konzert zu einem gigantischen Live Erlebnis und steht dem Original in nichts nach.<\/p>\n<p>Erleben Sie Hommage an eine der erfolgreichsten Rockbands der Welt und sichern sich jetzt Ihr Ticket f\u00fcr eine der besten BON JOVI Tribute Shows.<\/p>\n","protected":false},"excerpt":{"rendered":"<p><span class=\"uF-qm _2Cofy J2pYd _2Rnds\"><span class=\"_1idsK\" data-hook=\"ev-list-item-title\">Normalpreis<br \/>\nDatum: 01.02.2025, Beginn: 20:00 Uhr<br \/>\nEinlass 18.30 Uhr<br \/>\n<\/span><\/span><\/p>\n<p><span class=\"uF-qm _2Cofy J2pYd _2Rnds\"><span class=\"_1idsK\" data-hook=\"ev-list-item-title\"><strong>Preise \/ Person:<\/strong><br \/>\nReihen 1 bis 16: <strong>37,- \u20ac<\/strong><br \/>\nReihen 17 bis 28: <strong>32,- \u20ac<\/strong><br \/>\nReihen 29 bis 40: <strong>27,- \u20ac<br \/>\n<\/strong>Stehplatz: <strong>29,- \u20ac<br \/>\n<\/strong><\/span><\/span><\/p>\n<p><span class=\"uF-qm _2Cofy J2pYd _2Rnds\"><span class=\"_1idsK\" data-hook=\"ev-list-item-title\"><strong>Achtung, der Saal verf\u00fcgt \u00fcber Stehpl\u00e4tze und Sitzpl\u00e4tze in Event-Tisch-Bestuhlung, bestehend jeweils aus einem Event-Tisch mit mit 8 oder 16 Sitzpl\u00e4tzen.<br \/>\n.<\/strong><\/span><\/span><\/p>\n","protected":false},"author":1243,"featured_media":103784,"template":"","meta":[],"product_cat":[61],"product_tag":[],"class_list":{"0":"post-103849","1":"product","2":"type-product","3":"status-publish","4":"has-post-thumbnail","6":"product_cat-konzert","8":"first","9":"instock","10":"taxable","11":"shipping-taxable","12":"purchasable","13":"product-type-variable"},"yoast_head":"<!-- This site is optimized with the Yoast SEO plugin v23.3 - https:\/\/yoast.com\/wordpress\/plugins\/seo\/ -->\n<title>BON JOVI - PERFORMED BY JOVI - Ticket-Shop BB Entertainia<\/title>\n<meta name=\"robots\" content=\"index, follow, max-snippet:-1, max-image-preview:large, max-video-preview:-1\" \/>\n<link rel=\"canonical\" href=\"https:\/\/www.bb-entertainia.de\/test-bb-tickets\/product\/bon-jovi-performed-by-jovi\/\" \/>\n<meta property=\"og:locale\" content=\"de_DE\" \/>\n<meta property=\"og:type\" content=\"article\" \/>\n<meta property=\"og:title\" content=\"BON JOVI - PERFORMED BY JOVI - Ticket-Shop BB Entertainia\" \/>\n<meta property=\"og:description\" content=\"Normalpreis Datum: 01.02.2025, Beginn: 20:00 Uhr Einlass 18.30 Uhr   Preise \/ Person: Reihen 1 bis 16: 37,- \u20ac Reihen 17 bis 28: 32,- \u20ac Reihen 29 bis 40: 27,- \u20ac Stehplatz: 29,- \u20ac   Achtung, der Saal verf\u00fcgt \u00fcber Stehpl\u00e4tze und Sitzpl\u00e4tze in Event-Tisch-Bestuhlung, bestehend jeweils aus einem Event-Tisch mit mit 8 oder 16 Sitzpl\u00e4tzen. .\" \/>\n<meta property=\"og:url\" content=\"https:\/\/www.bb-entertainia.de\/test-bb-tickets\/product\/bon-jovi-performed-by-jovi\/\" \/>\n<meta property=\"og:site_name\" content=\"Ticket-Shop BB Entertainia\" \/>\n<meta property=\"article:modified_time\" content=\"2024-08-10T19:57:45+00:00\" \/>\n<meta property=\"og:image\" content=\"https:\/\/www.bb-entertainia.de\/test-bb-tickets\/wp-content\/uploads\/01-02-25.jpg\" \/>\n\t<meta property=\"og:image:width\" content=\"813\" \/>\n\t<meta property=\"og:image:height\" content=\"814\" \/>\n\t<meta property=\"og:image:type\" content=\"image\/jpeg\" \/>\n<meta name=\"twitter:card\" content=\"summary_large_image\" \/>\n<meta name=\"twitter:label1\" content=\"Gesch\u00e4tzte Lesezeit\" \/>\n\t<meta name=\"twitter:data1\" content=\"1\u00a0Minute\" \/>\n<script type=\"application\/ld+json\" class=\"yoast-schema-graph\">{\"@context\":\"https:\/\/schema.org\",\"@graph\":[{\"@type\":\"WebPage\",\"@id\":\"https:\/\/www.bb-entertainia.de\/test-bb-tickets\/product\/bon-jovi-performed-by-jovi\/\",\"url\":\"https:\/\/www.bb-entertainia.de\/test-bb-tickets\/product\/bon-jovi-performed-by-jovi\/\",\"name\":\"BON JOVI - PERFORMED BY JOVI - Ticket-Shop BB Entertainia\",\"isPartOf\":{\"@id\":\"https:\/\/www.bb-entertainia.de\/test-bb-tickets\/#website\"},\"primaryImageOfPage\":{\"@id\":\"https:\/\/www.bb-entertainia.de\/test-bb-tickets\/product\/bon-jovi-performed-by-jovi\/#primaryimage\"},\"image\":{\"@id\":\"https:\/\/www.bb-entertainia.de\/test-bb-tickets\/product\/bon-jovi-performed-by-jovi\/#primaryimage\"},\"thumbnailUrl\":\"https:\/\/www.bb-entertainia.de\/test-bb-tickets\/wp-content\/uploads\/01-02-25.jpg\",\"datePublished\":\"2024-07-24T12:36:49+00:00\",\"dateModified\":\"2024-08-10T19:57:45+00:00\",\"breadcrumb\":{\"@id\":\"https:\/\/www.bb-entertainia.de\/test-bb-tickets\/product\/bon-jovi-performed-by-jovi\/#breadcrumb\"},\"inLanguage\":\"de\",\"potentialAction\":[{\"@type\":\"ReadAction\",\"target\":[\"https:\/\/www.bb-entertainia.de\/test-bb-tickets\/product\/bon-jovi-performed-by-jovi\/\"]}]},{\"@type\":\"ImageObject\",\"inLanguage\":\"de\",\"@id\":\"https:\/\/www.bb-entertainia.de\/test-bb-tickets\/product\/bon-jovi-performed-by-jovi\/#primaryimage\",\"url\":\"https:\/\/www.bb-entertainia.de\/test-bb-tickets\/wp-content\/uploads\/01-02-25.jpg\",\"contentUrl\":\"https:\/\/www.bb-entertainia.de\/test-bb-tickets\/wp-content\/uploads\/01-02-25.jpg\",\"width\":813,\"height\":814},{\"@type\":\"BreadcrumbList\",\"@id\":\"https:\/\/www.bb-entertainia.de\/test-bb-tickets\/product\/bon-jovi-performed-by-jovi\/#breadcrumb\",\"itemListElement\":[{\"@type\":\"ListItem\",\"position\":1,\"name\":\"Home\",\"item\":\"https:\/\/www.bb-entertainia.de\/test-bb-tickets\/\"},{\"@type\":\"ListItem\",\"position\":2,\"name\":\"Tickets\",\"item\":\"https:\/\/www.bb-entertainia.de\/test-bb-tickets\/\"},{\"@type\":\"ListItem\",\"position\":3,\"name\":\"BON JOVI &#8211; PERFORMED BY JOVI\"}]},{\"@type\":\"WebSite\",\"@id\":\"https:\/\/www.bb-entertainia.de\/test-bb-tickets\/#website\",\"url\":\"https:\/\/www.bb-entertainia.de\/test-bb-tickets\/\",\"name\":\"Ticket-Shop BB Entertainia\",\"description\":\"\",\"publisher\":{\"@id\":\"https:\/\/www.bb-entertainia.de\/test-bb-tickets\/#organization\"},\"potentialAction\":[{\"@type\":\"SearchAction\",\"target\":{\"@type\":\"EntryPoint\",\"urlTemplate\":\"https:\/\/www.bb-entertainia.de\/test-bb-tickets\/?s={search_term_string}\"},\"query-input\":\"required name=search_term_string\"}],\"inLanguage\":\"de\"},{\"@type\":\"Organization\",\"@id\":\"https:\/\/www.bb-entertainia.de\/test-bb-tickets\/#organization\",\"name\":\"Ticket-Shop BB Entertainia\",\"url\":\"https:\/\/www.bb-entertainia.de\/test-bb-tickets\/\",\"logo\":{\"@type\":\"ImageObject\",\"inLanguage\":\"de\",\"@id\":\"https:\/\/www.bb-entertainia.de\/test-bb-tickets\/#\/schema\/logo\/image\/\",\"url\":\"https:\/\/www.bb-entertainia.de\/test-bb-tickets\/wp-content\/uploads\/2020\/01\/logo-bb-entertainia.png\",\"contentUrl\":\"https:\/\/www.bb-entertainia.de\/test-bb-tickets\/wp-content\/uploads\/2020\/01\/logo-bb-entertainia.png\",\"width\":500,\"height\":102,\"caption\":\"Ticket-Shop BB Entertainia\"},\"image\":{\"@id\":\"https:\/\/www.bb-entertainia.de\/test-bb-tickets\/#\/schema\/logo\/image\/\"}}]}<\/script>\n<!-- \/ Yoast SEO plugin. -->","yoast_head_json":{"title":"BON JOVI - PERFORMED BY JOVI - Ticket-Shop BB Entertainia","robots":{"index":"index","follow":"follow","max-snippet":"max-snippet:-1","max-image-preview":"max-image-preview:large","max-video-preview":"max-video-preview:-1"},"canonical":"https:\/\/www.bb-entertainia.de\/test-bb-tickets\/product\/bon-jovi-performed-by-jovi\/","og_locale":"de_DE","og_type":"article","og_title":"BON JOVI - PERFORMED BY JOVI - Ticket-Shop BB Entertainia","og_description":"Normalpreis Datum: 01.02.2025, Beginn: 20:00 Uhr Einlass 18.30 Uhr   Preise \/ Person: Reihen 1 bis 16: 37,- \u20ac Reihen 17 bis 28: 32,- \u20ac Reihen 29 bis 40: 27,- \u20ac Stehplatz: 29,- \u20ac   Achtung, der Saal verf\u00fcgt \u00fcber Stehpl\u00e4tze und Sitzpl\u00e4tze in Event-Tisch-Bestuhlung, bestehend jeweils aus einem Event-Tisch mit mit 8 oder 16 Sitzpl\u00e4tzen. .","og_url":"https:\/\/www.bb-entertainia.de\/test-bb-tickets\/product\/bon-jovi-performed-by-jovi\/","og_site_name":"Ticket-Shop BB Entertainia","article_modified_time":"2024-08-10T19:57:45+00:00","og_image":[{"width":813,"height":814,"url":"https:\/\/www.bb-entertainia.de\/test-bb-tickets\/wp-content\/uploads\/01-02-25.jpg","type":"image\/jpeg"}],"twitter_card":"summary_large_image","twitter_misc":{"Gesch\u00e4tzte Lesezeit":"1\u00a0Minute"},"schema":{"@context":"https:\/\/schema.org","@graph":[{"@type":"WebPage","@id":"https:\/\/www.bb-entertainia.de\/test-bb-tickets\/product\/bon-jovi-performed-by-jovi\/","url":"https:\/\/www.bb-entertainia.de\/test-bb-tickets\/product\/bon-jovi-performed-by-jovi\/","name":"BON JOVI - PERFORMED BY JOVI - Ticket-Shop BB Entertainia","isPartOf":{"@id":"https:\/\/www.bb-entertainia.de\/test-bb-tickets\/#website"},"primaryImageOfPage":{"@id":"https:\/\/www.bb-entertainia.de\/test-bb-tickets\/product\/bon-jovi-performed-by-jovi\/#primaryimage"},"image":{"@id":"https:\/\/www.bb-entertainia.de\/test-bb-tickets\/product\/bon-jovi-performed-by-jovi\/#primaryimage"},"thumbnailUrl":"https:\/\/www.bb-entertainia.de\/test-bb-tickets\/wp-content\/uploads\/01-02-25.jpg","datePublished":"2024-07-24T12:36:49+00:00","dateModified":"2024-08-10T19:57:45+00:00","breadcrumb":{"@id":"https:\/\/www.bb-entertainia.de\/test-bb-tickets\/product\/bon-jovi-performed-by-jovi\/#breadcrumb"},"inLanguage":"de","potentialAction":[{"@type":"ReadAction","target":["https:\/\/www.bb-entertainia.de\/test-bb-tickets\/product\/bon-jovi-performed-by-jovi\/"]}]},{"@type":"ImageObject","inLanguage":"de","@id":"https:\/\/www.bb-entertainia.de\/test-bb-tickets\/product\/bon-jovi-performed-by-jovi\/#primaryimage","url":"https:\/\/www.bb-entertainia.de\/test-bb-tickets\/wp-content\/uploads\/01-02-25.jpg","contentUrl":"https:\/\/www.bb-entertainia.de\/test-bb-tickets\/wp-content\/uploads\/01-02-25.jpg","width":813,"height":814},{"@type":"BreadcrumbList","@id":"https:\/\/www.bb-entertainia.de\/test-bb-tickets\/product\/bon-jovi-performed-by-jovi\/#breadcrumb","itemListElement":[{"@type":"ListItem","position":1,"name":"Home","item":"https:\/\/www.bb-entertainia.de\/test-bb-tickets\/"},{"@type":"ListItem","position":2,"name":"Tickets","item":"https:\/\/www.bb-entertainia.de\/test-bb-tickets\/"},{"@type":"ListItem","position":3,"name":"BON JOVI &#8211; PERFORMED BY JOVI"}]},{"@type":"WebSite","@id":"https:\/\/www.bb-entertainia.de\/test-bb-tickets\/#website","url":"https:\/\/www.bb-entertainia.de\/test-bb-tickets\/","name":"Ticket-Shop BB Entertainia","description":"","publisher":{"@id":"https:\/\/www.bb-entertainia.de\/test-bb-tickets\/#organization"},"potentialAction":[{"@type":"SearchAction","target":{"@type":"EntryPoint","urlTemplate":"https:\/\/www.bb-entertainia.de\/test-bb-tickets\/?s={search_term_string}"},"query-input":"required name=search_term_string"}],"inLanguage":"de"},{"@type":"Organization","@id":"https:\/\/www.bb-entertainia.de\/test-bb-tickets\/#organization","name":"Ticket-Shop BB Entertainia","url":"https:\/\/www.bb-entertainia.de\/test-bb-tickets\/","logo":{"@type":"ImageObject","inLanguage":"de","@id":"https:\/\/www.bb-entertainia.de\/test-bb-tickets\/#\/schema\/logo\/image\/","url":"https:\/\/www.bb-entertainia.de\/test-bb-tickets\/wp-content\/uploads\/2020\/01\/logo-bb-entertainia.png","contentUrl":"https:\/\/www.bb-entertainia.de\/test-bb-tickets\/wp-content\/uploads\/2020\/01\/logo-bb-entertainia.png","width":500,"height":102,"caption":"Ticket-Shop BB Entertainia"},"image":{"@id":"https:\/\/www.bb-entertainia.de\/test-bb-tickets\/#\/schema\/logo\/image\/"}}]}},"tiered_pricing_type":"fixed","tiered_pricing_fixed_rules":[],"tiered_pricing_product_settings":{"layout":"default","base_unit_name":{"singular":null,"plural":null},"default_variation":null},"tiered_pricing_minimum_quantity":1,"tiered_pricing_roles_data":[],"tiered_pricing_percentage_rules":[],"_links":{"self":[{"href":"https:\/\/www.bb-entertainia.de\/test-bb-tickets\/wp-json\/wp\/v2\/product\/103849"}],"collection":[{"href":"https:\/\/www.bb-entertainia.de\/test-bb-tickets\/wp-json\/wp\/v2\/product"}],"about":[{"href":"https:\/\/www.bb-entertainia.de\/test-bb-tickets\/wp-json\/wp\/v2\/types\/product"}],"author":[{"embeddable":true,"href":"https:\/\/www.bb-entertainia.de\/test-bb-tickets\/wp-json\/wp\/v2\/users\/1243"}],"wp:featuredmedia":[{"embeddable":true,"href":"https:\/\/www.bb-entertainia.de\/test-bb-tickets\/wp-json\/wp\/v2\/media\/103784"}],"wp:attachment":[{"href":"https:\/\/www.bb-entertainia.de\/test-bb-tickets\/wp-json\/wp\/v2\/media?parent=103849"}],"wp:term":[{"taxonomy":"product_cat","embeddable":true,"href":"https:\/\/www.bb-entertainia.de\/test-bb-tickets\/wp-json\/wp\/v2\/product_cat?post=103849"},{"taxonomy":"product_tag","embeddable":true,"href":"https:\/\/www.bb-entertainia.de\/test-bb-tickets\/wp-json\/wp\/v2\/product_tag?post=103849"}],"curies":[{"name":"wp","href":"https:\/\/api.w.org\/{rel}","templated":true}]}}